{"id":173755,"date":"2023-03-02T11:50:56","date_gmt":"2023-03-02T10:50:56","guid":{"rendered":"https:\/\/lediamant.ch\/produit\/uhren-de\/hamilton-de\/jazzmaster-de\/hamilton-jazzmaster-performer-auto-chrono-automatik-42mm-4\/"},"modified":"2023-03-02T11:50:56","modified_gmt":"2023-03-02T10:50:56","slug":"hamilton-jazzmaster-performer-auto-chrono-automatik-42mm-4","status":"publish","type":"product","link":"https:\/\/lediamant.ch\/de\/uhren\/173755-hamilton-jazzmaster-performer-auto-chrono-automatik-42mm-4\/","title":{"rendered":"HAMILTON JAZZMASTER PERFORMER AUTO CHRONO Automatik | 42mm"},"content":{"rendered":"<p>Die Jazzmaster Performer Uhren wurden f\u00fcr Liebhaber von Funktionalit\u00e4t und Stil entworfen und bieten einen selbstbewussten sportlich-schicken Look. Die Jazzmaster Performer Automatic Chronograph wird von dem automatischen Chronographenwerk H-31 mit 60 Stunden Gangreserve angetrieben. Das 42-mm-Edelstahlgeh\u00e4use mit PVD-Beschichtung in Ros\u00e9gold wird von einem schlichten wei\u00dfen Zifferblatt und einem schwarzen, perforierten Lederarmband im Sportstil, das zur L\u00fcnette passt, akzentuiert.<\/p>\n","protected":false},"excerpt":{"rendered":"<p>Die Jazzmaster Performer Uhren wurden f\u00fcr Liebhaber von Funktionalit\u00e4t und Stil entworfen und bieten einen selbstbewussten sportlich-schicken Look. Die Jazzmaster Performer Automatic Chronograph wird von dem automatischen Chronographenwerk H-31 mit 60 Stunden Gangreserve angetrieben. Das 42-mm-Edelstahlgeh\u00e4use mit PVD-Beschichtung in Ros\u00e9gold wird von einem schlichten wei\u00dfen Zifferblatt und einem schwarzen, perforierten Lederarmband im Sportstil, das zur &#8230; <a title=\"HAMILTON JAZZMASTER PERFORMER AUTO CHRONO Automatik | 42mm\" class=\"read-more\" href=\"https:\/\/lediamant.ch\/de\/uhren\/173755-hamilton-jazzmaster-performer-auto-chrono-automatik-42mm-4\/\" aria-label=\"Mehr Informationen \u00fcber HAMILTON JAZZMASTER PERFORMER AUTO CHRONO Automatik | 42mm\">Weiterlesen &#8230;<\/a><\/p>\n","protected":false},"featured_media":173740,"template":"","meta":{"_acf_changed":false,"_seopress_robots_primary_cat":"","_seopress_titles_title":"","_seopress_titles_desc":"","_seopress_robots_index":""},"brand":[27085],"product_brand":[],"product_cat":[27181,27243,27123],"product_tag":[],"class_list":{"0":"post-173755","1":"product","2":"type-product","3":"status-publish","4":"has-post-thumbnail","6":"brand-hamilton-de","7":"product_cat-hamilton-de","8":"product_cat-jazzmaster-de","9":"product_cat-uhren","10":"pa_couleurduboitier-grau-de","11":"pa_couleurdubracelet-schwarz-de","12":"pa_couleurducadran-weiss","13":"pa_etancheite-100m-de","14":"pa_forme-runden","15":"pa_garantie-24monate","16":"pa_genre-mann","17":"pa_matiere-rosegoldpvd","18":"pa_matierebraceletmontre-leder","19":"pa_mouvement-automatik-de","20":"pa_swissmade-ja-de","21":"pa_typedemontre-chronograph-de","22":"sales-flash-overlay","23":"woocommerce-text-align-center","24":"woocommerce-image-align-center","25":"do-quantity-buttons","27":"first","28":"instock","29":"taxable","30":"shipping-taxable","31":"purchasable","32":"product-type-simple"},"acf":[],"_links":{"self":[{"href":"https:\/\/lediamant.ch\/de\/wp-json\/wp\/v2\/product\/173755","targetHints":{"allow":["GET"]}}],"collection":[{"href":"https:\/\/lediamant.ch\/de\/wp-json\/wp\/v2\/product"}],"about":[{"href":"https:\/\/lediamant.ch\/de\/wp-json\/wp\/v2\/types\/product"}],"wp:featuredmedia":[{"embeddable":true,"href":"https:\/\/lediamant.ch\/de\/wp-json\/wp\/v2\/media\/173740"}],"wp:attachment":[{"href":"https:\/\/lediamant.ch\/de\/wp-json\/wp\/v2\/media?parent=173755"}],"wp:term":[{"taxonomy":"brand","embeddable":true,"href":"https:\/\/lediamant.ch\/de\/wp-json\/wp\/v2\/brand?post=173755"},{"taxonomy":"product_brand","embeddable":true,"href":"https:\/\/lediamant.ch\/de\/wp-json\/wp\/v2\/product_brand?post=173755"},{"taxonomy":"product_cat","embeddable":true,"href":"https:\/\/lediamant.ch\/de\/wp-json\/wp\/v2\/product_cat?post=173755"},{"taxonomy":"product_tag","embeddable":true,"href":"https:\/\/lediamant.ch\/de\/wp-json\/wp\/v2\/product_tag?post=173755"}],"curies":[{"name":"wp","href":"https:\/\/api.w.org\/{rel}","templated":true}]}}