{"id":173807,"date":"2023-03-02T12:59:03","date_gmt":"2023-03-02T11:59:03","guid":{"rendered":"https:\/\/lediamant.ch\/produit\/uhren-de\/hamilton-de\/jazzmaster-de\/hamilton-jazzmaster-performer-auto-automatik-blau-34-mm\/"},"modified":"2023-03-02T12:59:03","modified_gmt":"2023-03-02T11:59:03","slug":"hamilton-jazzmaster-performer-auto-automatik-blau-34-mm","status":"publish","type":"product","link":"https:\/\/lediamant.ch\/de\/uhren\/173807-hamilton-jazzmaster-performer-auto-automatik-blau-34-mm\/","title":{"rendered":"HAMILTON JAZZMASTER PERFORMER AUTO Automatik Blau | 34 mm"},"content":{"rendered":"<p>Die Jazzmaster Performer-Uhren wurden f\u00fcr Liebhaber von Funktionalit\u00e4t und Stil entworfen und bieten einen selbstbewussten Sport-Chic. Die Jazzmaster Performer Automatic wird von einem H-10 Automatikwerk mit 80 Stunden Gangreserve angetrieben und verf\u00fcgt \u00fcber ein 34-mm-Edelstahlgeh\u00e4use, das von einem minimalistischen dunkelblauen Zifferblatt und einem passenden blauen perforierten Lederarmband im Sportstil akzentuiert wird.<\/p>\n","protected":false},"excerpt":{"rendered":"<p>Die Jazzmaster Performer-Uhren wurden f\u00fcr Liebhaber von Funktionalit\u00e4t und Stil entworfen und bieten einen selbstbewussten Sport-Chic. Die Jazzmaster Performer Automatic wird von einem H-10 Automatikwerk mit 80 Stunden Gangreserve angetrieben und verf\u00fcgt \u00fcber ein 34-mm-Edelstahlgeh\u00e4use, das von einem minimalistischen dunkelblauen Zifferblatt und einem passenden blauen perforierten Lederarmband im Sportstil akzentuiert wird.<\/p>\n","protected":false},"featured_media":173796,"template":"","meta":{"_acf_changed":false,"_seopress_robots_primary_cat":"","_seopress_titles_title":"","_seopress_titles_desc":"","_seopress_robots_index":""},"brand":[27085],"product_brand":[],"product_cat":[27181,27243,27123],"product_tag":[],"class_list":{"0":"post-173807","1":"product","2":"type-product","3":"status-publish","4":"has-post-thumbnail","6":"brand-hamilton-de","7":"product_cat-hamilton-de","8":"product_cat-jazzmaster-de","9":"product_cat-uhren","10":"pa_couleurduboitier-grau-de","11":"pa_couleurdubracelet-blau-de","12":"pa_couleurducadran-blau","13":"pa_etancheite-100m-de","14":"pa_forme-runden","15":"pa_garantie-24monate","16":"pa_genre-frau","17":"pa_matiere-stahl","18":"pa_matierebraceletmontre-leder","19":"pa_mouvement-automatik-de","20":"pa_swissmade-ja-de","21":"sales-flash-overlay","22":"woocommerce-text-align-center","23":"woocommerce-image-align-center","24":"do-quantity-buttons","26":"first","27":"instock","28":"taxable","29":"shipping-taxable","30":"purchasable","31":"product-type-simple"},"acf":[],"_links":{"self":[{"href":"https:\/\/lediamant.ch\/de\/wp-json\/wp\/v2\/product\/173807","targetHints":{"allow":["GET"]}}],"collection":[{"href":"https:\/\/lediamant.ch\/de\/wp-json\/wp\/v2\/product"}],"about":[{"href":"https:\/\/lediamant.ch\/de\/wp-json\/wp\/v2\/types\/product"}],"wp:featuredmedia":[{"embeddable":true,"href":"https:\/\/lediamant.ch\/de\/wp-json\/wp\/v2\/media\/173796"}],"wp:attachment":[{"href":"https:\/\/lediamant.ch\/de\/wp-json\/wp\/v2\/media?parent=173807"}],"wp:term":[{"taxonomy":"brand","embeddable":true,"href":"https:\/\/lediamant.ch\/de\/wp-json\/wp\/v2\/brand?post=173807"},{"taxonomy":"product_brand","embeddable":true,"href":"https:\/\/lediamant.ch\/de\/wp-json\/wp\/v2\/product_brand?post=173807"},{"taxonomy":"product_cat","embeddable":true,"href":"https:\/\/lediamant.ch\/de\/wp-json\/wp\/v2\/product_cat?post=173807"},{"taxonomy":"product_tag","embeddable":true,"href":"https:\/\/lediamant.ch\/de\/wp-json\/wp\/v2\/product_tag?post=173807"}],"curies":[{"name":"wp","href":"https:\/\/api.w.org\/{rel}","templated":true}]}}