{"id":173819,"date":"2023-03-02T13:07:08","date_gmt":"2023-03-02T12:07:08","guid":{"rendered":"https:\/\/lediamant.ch\/produit\/uhren-de\/hamilton-de\/jazzmaster-de\/hamilton-jazzmaster-performer-auto-automatik-schwarzes-zifferblatt-stahlband-34mm\/"},"modified":"2023-03-02T13:07:08","modified_gmt":"2023-03-02T12:07:08","slug":"hamilton-jazzmaster-performer-auto-automatik-schwarzes-zifferblatt-stahlband-34mm","status":"publish","type":"product","link":"https:\/\/lediamant.ch\/de\/uhren\/173819-hamilton-jazzmaster-performer-auto-automatik-schwarzes-zifferblatt-stahlband-34mm\/","title":{"rendered":"HAMILTON JAZZMASTER PERFORMER AUTO Automatik, schwarzes zifferblatt, stahlband | 34mm"},"content":{"rendered":"<p>Die Jazzmaster Performer Uhren wurden f\u00fcr Liebhaber von Funktionalit\u00e4t und Stil entworfen und bieten einen selbstbewussten Sport-Chic. Die Jazzmaster Performer Automatic wird von einem H-10 Automatikwerk mit 80 Stunden Gangreserve angetrieben und verf\u00fcgt \u00fcber ein 34-mm-Edelstahlgeh\u00e4use, das von einem minimalistischen schwarzen Zifferblatt und einem schlichten Edelstahlarmband akzentuiert wird.<\/p>\n","protected":false},"excerpt":{"rendered":"<p>Die Jazzmaster Performer Uhren wurden f\u00fcr Liebhaber von Funktionalit\u00e4t und Stil entworfen und bieten einen selbstbewussten Sport-Chic. Die Jazzmaster Performer Automatic wird von einem H-10 Automatikwerk mit 80 Stunden Gangreserve angetrieben und verf\u00fcgt \u00fcber ein 34-mm-Edelstahlgeh\u00e4use, das von einem minimalistischen schwarzen Zifferblatt und einem schlichten Edelstahlarmband akzentuiert wird.<\/p>\n","protected":false},"featured_media":173809,"template":"","meta":{"_acf_changed":false,"_seopress_robots_primary_cat":"","_seopress_titles_title":"","_seopress_titles_desc":"","_seopress_robots_index":""},"brand":[27085],"product_brand":[],"product_cat":[27137,27181,27243,27123],"product_tag":[],"class_list":{"0":"post-173819","1":"product","2":"type-product","3":"status-publish","4":"has-post-thumbnail","6":"brand-hamilton-de","7":"product_cat-bracelet-ajustable-de","8":"product_cat-hamilton-de","9":"product_cat-jazzmaster-de","10":"product_cat-uhren","11":"pa_couleurduboitier-grau-de","12":"pa_couleurducadran-schwarz","13":"pa_etancheite-100m-de","14":"pa_forme-runden","15":"pa_garantie-24monate","16":"pa_genre-frau","17":"pa_matiere-stahl","18":"pa_matierebraceletmontre-edelstahl","19":"pa_mouvement-automatik-de","20":"pa_swissmade-ja-de","21":"sales-flash-overlay","22":"woocommerce-text-align-center","23":"woocommerce-image-align-center","24":"do-quantity-buttons","26":"first","27":"instock","28":"taxable","29":"shipping-taxable","30":"purchasable","31":"product-type-simple"},"acf":[],"_links":{"self":[{"href":"https:\/\/lediamant.ch\/de\/wp-json\/wp\/v2\/product\/173819","targetHints":{"allow":["GET"]}}],"collection":[{"href":"https:\/\/lediamant.ch\/de\/wp-json\/wp\/v2\/product"}],"about":[{"href":"https:\/\/lediamant.ch\/de\/wp-json\/wp\/v2\/types\/product"}],"wp:featuredmedia":[{"embeddable":true,"href":"https:\/\/lediamant.ch\/de\/wp-json\/wp\/v2\/media\/173809"}],"wp:attachment":[{"href":"https:\/\/lediamant.ch\/de\/wp-json\/wp\/v2\/media?parent=173819"}],"wp:term":[{"taxonomy":"brand","embeddable":true,"href":"https:\/\/lediamant.ch\/de\/wp-json\/wp\/v2\/brand?post=173819"},{"taxonomy":"product_brand","embeddable":true,"href":"https:\/\/lediamant.ch\/de\/wp-json\/wp\/v2\/product_brand?post=173819"},{"taxonomy":"product_cat","embeddable":true,"href":"https:\/\/lediamant.ch\/de\/wp-json\/wp\/v2\/product_cat?post=173819"},{"taxonomy":"product_tag","embeddable":true,"href":"https:\/\/lediamant.ch\/de\/wp-json\/wp\/v2\/product_tag?post=173819"}],"curies":[{"name":"wp","href":"https:\/\/api.w.org\/{rel}","templated":true}]}}