{"id":173845,"date":"2023-03-02T13:33:56","date_gmt":"2023-03-02T12:33:56","guid":{"rendered":"https:\/\/lediamant.ch\/produit\/uhren-de\/hamilton-de\/jazzmaster-de\/hamilton-jazzmaster-performer-auto-automatik-perlmutt-34-mm\/"},"modified":"2025-10-03T08:37:23","modified_gmt":"2025-10-03T06:37:23","slug":"hamilton-jazzmaster-performer-auto-automatique-nacre-34-mm","status":"publish","type":"product","link":"https:\/\/lediamant.ch\/de\/uhren\/173845-hamilton-jazzmaster-performer-auto-automatik-perlmutt-34-mm\/","title":{"rendered":"HAMILTON JAZZMASTER PERFORMER AUTO Perlmutt 34 mm"},"content":{"rendered":"<p>Die Jazzmaster Performer Uhren wurden f\u00fcr Liebhaber von Funktionalit\u00e4t und Stil entworfen und bieten einen sportlich-schicken Look. Die Jazzmaster Performer Automatic wird von einem H-10 Automatikwerk mit 80 Stunden Gangreserve angetrieben. Sie hat ein 34 mm Edelstahlgeh\u00e4use, eine ros\u00e9goldfarbene, PVD-beschichtete L\u00fcnette, ein schillerndes Perlmuttzifferblatt und ein beigefarbenes Satinarmband.<\/p>\n","protected":false},"excerpt":{"rendered":"<p><\/p>\n","protected":false},"featured_media":173833,"template":"","meta":{"_acf_changed":false,"_seopress_robots_primary_cat":"27242","_seopress_titles_title":"","_seopress_titles_desc":"","_seopress_robots_index":""},"brand":[27085],"product_brand":[],"product_cat":[27181,27243,27123],"product_tag":[],"class_list":{"0":"post-173845","1":"product","2":"type-product","3":"status-publish","4":"has-post-thumbnail","6":"brand-hamilton-de","7":"product_cat-hamilton-de","8":"product_cat-jazzmaster-de","9":"product_cat-uhren","10":"pa_couleurduboitier-grau-de","11":"pa_couleurdubracelet-beige-de","12":"pa_couleurducadran-perlmutt","13":"pa_etancheite-100m-de","14":"pa_forme-runden","15":"pa_garantie-24monate","16":"pa_genre-frau","17":"pa_matiere-zweifarbigstahlrosegoldpvd","18":"pa_matierebraceletmontre-satin-de","19":"pa_mouvement-automatik-de","20":"pa_swissmade-ja-de","21":"sales-flash-overlay","22":"woocommerce-text-align-center","23":"woocommerce-image-align-center","24":"do-quantity-buttons","26":"first","27":"instock","28":"taxable","29":"shipping-taxable","30":"purchasable","31":"product-type-simple"},"acf":[],"_links":{"self":[{"href":"https:\/\/lediamant.ch\/de\/wp-json\/wp\/v2\/product\/173845","targetHints":{"allow":["GET"]}}],"collection":[{"href":"https:\/\/lediamant.ch\/de\/wp-json\/wp\/v2\/product"}],"about":[{"href":"https:\/\/lediamant.ch\/de\/wp-json\/wp\/v2\/types\/product"}],"wp:featuredmedia":[{"embeddable":true,"href":"https:\/\/lediamant.ch\/de\/wp-json\/wp\/v2\/media\/173833"}],"wp:attachment":[{"href":"https:\/\/lediamant.ch\/de\/wp-json\/wp\/v2\/media?parent=173845"}],"wp:term":[{"taxonomy":"brand","embeddable":true,"href":"https:\/\/lediamant.ch\/de\/wp-json\/wp\/v2\/brand?post=173845"},{"taxonomy":"product_brand","embeddable":true,"href":"https:\/\/lediamant.ch\/de\/wp-json\/wp\/v2\/product_brand?post=173845"},{"taxonomy":"product_cat","embeddable":true,"href":"https:\/\/lediamant.ch\/de\/wp-json\/wp\/v2\/product_cat?post=173845"},{"taxonomy":"product_tag","embeddable":true,"href":"https:\/\/lediamant.ch\/de\/wp-json\/wp\/v2\/product_tag?post=173845"}],"curies":[{"name":"wp","href":"https:\/\/api.w.org\/{rel}","templated":true}]}}