{"id":173857,"date":"2023-03-02T14:06:21","date_gmt":"2023-03-02T13:06:21","guid":{"rendered":"https:\/\/lediamant.ch\/produit\/uhren-de\/hamilton-de\/jazzmaster-de\/hamilton-jazzmaster-open-heart-lady-auto-automatik-pink-36mm\/"},"modified":"2024-11-02T15:15:55","modified_gmt":"2024-11-02T14:15:55","slug":"hamilton-jazzmaster-open-heart-lady-auto-automatik-pink-36mm","status":"publish","type":"product","link":"https:\/\/lediamant.ch\/de\/uhren\/173857-hamilton-jazzmaster-open-heart-lady-auto-pink-36mm-h32215170\/","title":{"rendered":"Hamilton Jazzmaster Open Heart Lady Auto, Pink 36mm"},"content":{"rendered":"<p>Die 36-mm-Version der Jazzmaster Open Heart pr\u00e4sentiert sich als perfekte Kombination aus klassischer \u00c4sthetik und innovativer Uhrmacherkunst. Das von in voller Bl\u00fcte stehenden Blumen inspirierte Edelstahlmodell besitzt ein in dezentem Pink gehaltenes Zifferblatt mit pr\u00e4zisem Ausschnitt-Design, das der Uhr eine feminine \u00c4sthetik und einen ausdruckstarken Stil verleiht.<\/p>\n","protected":false},"excerpt":{"rendered":"<p>Die 36-mm-Version der Jazzmaster Open Heart pr\u00e4sentiert sich als perfekte Kombination aus klassischer \u00c4sthetik und innovativer Uhrmacherkunst. Das von in voller Bl\u00fcte stehenden Blumen inspirierte Edelstahlmodell besitzt ein in dezentem Pink gehaltenes Zifferblatt mit pr\u00e4zisem Ausschnitt-Design, das der Uhr eine feminine \u00c4sthetik und einen ausdruckstarken Stil verleiht.<\/p>\n","protected":false},"featured_media":214439,"template":"","meta":{"_acf_changed":false,"_seopress_robots_primary_cat":"27243","_seopress_titles_title":"","_seopress_titles_desc":"","_seopress_robots_index":""},"brand":[27085],"product_brand":[],"product_cat":[27137,27181,27243,27123],"product_tag":[],"class_list":{"0":"post-173857","1":"product","2":"type-product","3":"status-publish","4":"has-post-thumbnail","6":"brand-hamilton-de","7":"product_cat-bracelet-ajustable-de","8":"product_cat-hamilton-de","9":"product_cat-jazzmaster-de","10":"product_cat-uhren","11":"pa_couleurduboitier-grau-de","12":"pa_couleurducadran-rosa-de","13":"pa_dimensions-oe-36","14":"pa_etancheite-50m-de","15":"pa_forme-runden","16":"pa_garantie-24monate","17":"pa_genre-frau","18":"pa_matiere-stahl","19":"pa_matierebraceletmontre-edelstahl","20":"pa_mouvement-automatik-de","21":"pa_swissmade-ja-de","22":"pa_typedemontre-skelettuhren","23":"sales-flash-overlay","24":"woocommerce-text-align-center","25":"woocommerce-image-align-center","26":"do-quantity-buttons","28":"first","29":"instock","30":"taxable","31":"shipping-taxable","32":"purchasable","33":"product-type-simple"},"acf":[],"_links":{"self":[{"href":"https:\/\/lediamant.ch\/de\/wp-json\/wp\/v2\/product\/173857","targetHints":{"allow":["GET"]}}],"collection":[{"href":"https:\/\/lediamant.ch\/de\/wp-json\/wp\/v2\/product"}],"about":[{"href":"https:\/\/lediamant.ch\/de\/wp-json\/wp\/v2\/types\/product"}],"wp:featuredmedia":[{"embeddable":true,"href":"https:\/\/lediamant.ch\/de\/wp-json\/wp\/v2\/media\/214439"}],"wp:attachment":[{"href":"https:\/\/lediamant.ch\/de\/wp-json\/wp\/v2\/media?parent=173857"}],"wp:term":[{"taxonomy":"brand","embeddable":true,"href":"https:\/\/lediamant.ch\/de\/wp-json\/wp\/v2\/brand?post=173857"},{"taxonomy":"product_brand","embeddable":true,"href":"https:\/\/lediamant.ch\/de\/wp-json\/wp\/v2\/product_brand?post=173857"},{"taxonomy":"product_cat","embeddable":true,"href":"https:\/\/lediamant.ch\/de\/wp-json\/wp\/v2\/product_cat?post=173857"},{"taxonomy":"product_tag","embeddable":true,"href":"https:\/\/lediamant.ch\/de\/wp-json\/wp\/v2\/product_tag?post=173857"}],"curies":[{"name":"wp","href":"https:\/\/api.w.org\/{rel}","templated":true}]}}