{"id":173883,"date":"2023-03-02T14:40:18","date_gmt":"2023-03-02T13:40:18","guid":{"rendered":"https:\/\/lediamant.ch\/produit\/uhren-de\/maurice-lacroix-de\/pontos-de\/maurice-lacroix-pontos-chronograph-43mm-schwarzes-zifferblatt-stahlarmband\/"},"modified":"2025-10-03T08:37:21","modified_gmt":"2025-10-03T06:37:21","slug":"maurice-lacroix-pontos-chronograph-43mm-cadran-noir-bracelet-en-acier","status":"publish","type":"product","link":"https:\/\/lediamant.ch\/de\/uhren\/173883-maurice-lacroix-pontos-chronograph-43mm-schwarzes-zifferblatt-stahlarmband\/","title":{"rendered":"Maurice Lacroix PONTOS Chronograph 43mm, schwarzes Zifferblatt, Stahlarmband"},"content":{"rendered":"<p>Seit seiner Gr\u00fcndung hat sich Maurice Lacroix immer wieder selbst \u00fcbertroffen und sich bem\u00fcht, seine Produkte st\u00e4ndig zu verbessern und Uhren mit einem hohen Wiedererkennungswert zu kreieren. So hat die im Jura ans\u00e4ssige Marke ihr beliebtes Modell, den PONTOS Chronograph 43 mm, \u00fcberarbeitet und bietet nun vier neue Modelle an. Die Zifferbl\u00e4tter sind in Schwarz oder Anthrazitgrau erh\u00e4ltlich und k\u00f6nnen mit einem dreireihigen Stahl- oder Lederarmband kombiniert werden, um einen zeitgem\u00e4\u00dfen und zeitlosen Stil zu erhalten. Maurice Lacroix, eine Marke in st\u00e4ndiger Entwicklung, hat seine PONTOS-Kollektion \u00fcberarbeitet und neue Versionen des Chronographenmodells kreiert. Zus\u00e4tzlich zum urspr\u00fcnglichen Zeitmesser bietet das neue Modell PONTOS Chronograph eine Reihe von kleinen Verbesserungen, die das Gesamterlebnis des Besitzers bereichern sollen.    <\/p>\n","protected":false},"excerpt":{"rendered":"<p>Seit seiner Gr\u00fcndung hat sich Maurice Lacroix immer wieder selbst \u00fcbertroffen und sich bem\u00fcht, seine Produkte st\u00e4ndig zu verbessern und Uhren mit einem hohen Wiedererkennungswert zu kreieren. So hat die im Jura ans\u00e4ssige Marke ihr beliebtes Modell, den PONTOS Chronograph 43 mm, \u00fcberarbeitet und bietet nun vier neue Modelle an. Die Zifferbl\u00e4tter sind in Schwarz &#8230; <a title=\"Maurice Lacroix PONTOS Chronograph 43mm, schwarzes Zifferblatt, Stahlarmband\" class=\"read-more\" href=\"https:\/\/lediamant.ch\/de\/uhren\/173883-maurice-lacroix-pontos-chronograph-43mm-schwarzes-zifferblatt-stahlarmband\/\" aria-label=\"Mehr Informationen \u00fcber Maurice Lacroix PONTOS Chronograph 43mm, schwarzes Zifferblatt, Stahlarmband\">Weiterlesen &#8230;<\/a><\/p>\n","protected":false},"featured_media":173873,"template":"","meta":{"_acf_changed":false,"_seopress_robots_primary_cat":"27148","_seopress_titles_title":"","_seopress_titles_desc":"","_seopress_robots_index":""},"brand":[27103],"product_brand":[],"product_cat":[27137,27149,27339,27123],"product_tag":[],"class_list":{"0":"post-173883","1":"product","2":"type-product","3":"status-publish","4":"has-post-thumbnail","6":"brand-mauricelacroix-de","7":"product_cat-bracelet-ajustable-de","8":"product_cat-maurice-lacroix-de","9":"product_cat-pontos-de","10":"product_cat-uhren","11":"pa_couleurduboitier-grau-de","12":"pa_couleurducadran-schwarz","13":"pa_etancheite-100m-de","14":"pa_forme-runden","15":"pa_garantie-24monate","16":"pa_genre-mann","17":"pa_matiere-stahl","18":"pa_matierebraceletmontre-edelstahl","19":"pa_mouvement-automatik-de","20":"pa_swissmade-ja-de","21":"pa_typedemontre-chronograph-de","22":"pa_verre-saphir-de","23":"sales-flash-overlay","24":"woocommerce-text-align-center","25":"woocommerce-image-align-center","26":"do-quantity-buttons","28":"first","29":"instock","30":"taxable","31":"shipping-taxable","32":"purchasable","33":"product-type-simple"},"acf":[],"_links":{"self":[{"href":"https:\/\/lediamant.ch\/de\/wp-json\/wp\/v2\/product\/173883","targetHints":{"allow":["GET"]}}],"collection":[{"href":"https:\/\/lediamant.ch\/de\/wp-json\/wp\/v2\/product"}],"about":[{"href":"https:\/\/lediamant.ch\/de\/wp-json\/wp\/v2\/types\/product"}],"wp:featuredmedia":[{"embeddable":true,"href":"https:\/\/lediamant.ch\/de\/wp-json\/wp\/v2\/media\/173873"}],"wp:attachment":[{"href":"https:\/\/lediamant.ch\/de\/wp-json\/wp\/v2\/media?parent=173883"}],"wp:term":[{"taxonomy":"brand","embeddable":true,"href":"https:\/\/lediamant.ch\/de\/wp-json\/wp\/v2\/brand?post=173883"},{"taxonomy":"product_brand","embeddable":true,"href":"https:\/\/lediamant.ch\/de\/wp-json\/wp\/v2\/product_brand?post=173883"},{"taxonomy":"product_cat","embeddable":true,"href":"https:\/\/lediamant.ch\/de\/wp-json\/wp\/v2\/product_cat?post=173883"},{"taxonomy":"product_tag","embeddable":true,"href":"https:\/\/lediamant.ch\/de\/wp-json\/wp\/v2\/product_tag?post=173883"}],"curies":[{"name":"wp","href":"https:\/\/api.w.org\/{rel}","templated":true}]}}