{"id":173911,"date":"2023-03-03T14:09:09","date_gmt":"2023-03-03T13:09:09","guid":{"rendered":"https:\/\/lediamant.ch\/produit\/uhren-de\/hamilton-de\/american-classic-de\/hamilton-american-classic-ardmore-quarz-pink-18mm-x-27mm\/"},"modified":"2023-03-03T14:09:09","modified_gmt":"2023-03-03T13:09:09","slug":"hamilton-american-classic-ardmore-quarz-pink-18mm-x-27mm","status":"publish","type":"product","link":"https:\/\/lediamant.ch\/de\/uhren\/173911-hamilton-american-classic-ardmore-quarz-pink-18mm-x-27mm\/","title":{"rendered":"Hamilton American Classic Ardmore Quarz Pink | 18mm x 27mm"},"content":{"rendered":"<p>Mit ihrem rechteckigen Geh\u00e4use veranschaulicht die Ardmore Quartz Uhr den vielseitigen Charme des Art Deco Stils. Inspiriert von der Frische der Blumen, hat diese Version aus Edelstahl ein dezent rosafarbenes Lederarmband und tr\u00e4gt ein silbernes, sonnenbeschienenes Zifferblatt mit passenden r\u00f6mischen Ziffern f\u00fcr einen femininen Look und einen klaren Stil.<\/p>\n","protected":false},"excerpt":{"rendered":"<p>Mit ihrem rechteckigen Geh\u00e4use veranschaulicht die Ardmore Quartz Uhr den vielseitigen Charme des Art Deco Stils. Inspiriert von der Frische der Blumen, hat diese Version aus Edelstahl ein dezent rosafarbenes Lederarmband und tr\u00e4gt ein silbernes, sonnenbeschienenes Zifferblatt mit passenden r\u00f6mischen Ziffern f\u00fcr einen femininen Look und einen klaren Stil.<\/p>\n","protected":false},"featured_media":173898,"template":"","meta":{"_acf_changed":false,"_seopress_robots_primary_cat":"","_seopress_titles_title":"","_seopress_titles_desc":"","_seopress_robots_index":""},"brand":[27085],"product_brand":[],"product_cat":[27123,27181,27201],"product_tag":[],"class_list":{"0":"post-173911","1":"product","2":"type-product","3":"status-publish","4":"has-post-thumbnail","6":"brand-hamilton-de","7":"product_cat-uhren","8":"product_cat-hamilton-de","9":"product_cat-american-classic","10":"pa_couleurduboitier-grau-de","11":"pa_couleurdubracelet-rosa-de","12":"pa_couleurducadran-silber","13":"pa_etancheite-30m-de","14":"pa_forme-rechteckig-de","15":"pa_garantie-24monate","16":"pa_genre-frau","17":"pa_matiere-stahl","18":"pa_matierebraceletmontre-leder","19":"pa_mouvement-quarzbatterie-de","20":"pa_swissmade-ja-de","21":"sales-flash-overlay","22":"woocommerce-text-align-center","23":"woocommerce-image-align-center","24":"do-quantity-buttons","26":"first","27":"instock","28":"taxable","29":"shipping-taxable","30":"purchasable","31":"product-type-simple"},"acf":[],"_links":{"self":[{"href":"https:\/\/lediamant.ch\/de\/wp-json\/wp\/v2\/product\/173911","targetHints":{"allow":["GET"]}}],"collection":[{"href":"https:\/\/lediamant.ch\/de\/wp-json\/wp\/v2\/product"}],"about":[{"href":"https:\/\/lediamant.ch\/de\/wp-json\/wp\/v2\/types\/product"}],"wp:featuredmedia":[{"embeddable":true,"href":"https:\/\/lediamant.ch\/de\/wp-json\/wp\/v2\/media\/173898"}],"wp:attachment":[{"href":"https:\/\/lediamant.ch\/de\/wp-json\/wp\/v2\/media?parent=173911"}],"wp:term":[{"taxonomy":"brand","embeddable":true,"href":"https:\/\/lediamant.ch\/de\/wp-json\/wp\/v2\/brand?post=173911"},{"taxonomy":"product_brand","embeddable":true,"href":"https:\/\/lediamant.ch\/de\/wp-json\/wp\/v2\/product_brand?post=173911"},{"taxonomy":"product_cat","embeddable":true,"href":"https:\/\/lediamant.ch\/de\/wp-json\/wp\/v2\/product_cat?post=173911"},{"taxonomy":"product_tag","embeddable":true,"href":"https:\/\/lediamant.ch\/de\/wp-json\/wp\/v2\/product_tag?post=173911"}],"curies":[{"name":"wp","href":"https:\/\/api.w.org\/{rel}","templated":true}]}}