{"id":173931,"date":"2023-03-03T14:24:17","date_gmt":"2023-03-03T13:24:17","guid":{"rendered":"https:\/\/lediamant.ch\/produit\/uhren-de\/hamilton-de\/khaki-field-de\/hamilton-khaki-field-murph-auto-automatik-38mm\/"},"modified":"2025-10-03T08:37:18","modified_gmt":"2025-10-03T06:37:18","slug":"hamilton-khaki-field-murph-auto-automatique-38mm","status":"publish","type":"product","link":"https:\/\/lediamant.ch\/de\/uhren\/173931-hamilton-khaki-field-murph-auto-automatik-38mm\/","title":{"rendered":"Hamilton Khaki Field Murph Auto 38mm"},"content":{"rendered":"<p>Die Khaki Field Murph Auto 38 mm ist da. Eine der ber\u00fchmtesten Science-Fiction-Uhren, die unter Fans als &#8222;der Murph&#8220; bekannt ist, ist jetzt in einem kompakten 38 mm Edelstahlgeh\u00e4use erh\u00e4ltlich. Mit einem gut lesbaren schwarzen Zifferblatt, beigen Zeigern im Vintage-Stil mit Super-LumiNova\u00ae-Beschichtung und einem schwarzen Lederarmband \u00fcbernimmt sie die wichtigsten \u00e4sthetischen Codes ihres 42 mm gro\u00dfen Vorg\u00e4ngers. Angetrieben von dem Automatikwerk H-10 mit einer beeindruckenden Gangreserve von 80 Stunden, wird dieses Modell Khaki Field Murph Auto die Herzen der Liebhaber kleiner Uhren erobern.   <\/p>\n","protected":false},"excerpt":{"rendered":"<p>Die Khaki Field Murph Auto 38 mm ist da. Eine der ber\u00fchmtesten Science-Fiction-Uhren, die unter Fans als &#8222;der Murph&#8220; bekannt ist, ist jetzt in einem kompakten 38 mm Edelstahlgeh\u00e4use erh\u00e4ltlich. Mit einem gut lesbaren schwarzen Zifferblatt, beigen Zeigern im Vintage-Stil mit Super-LumiNova\u00ae-Beschichtung und einem schwarzen Lederarmband \u00fcbernimmt sie die wichtigsten \u00e4sthetischen Codes ihres 42 mm &#8230; <a title=\"Hamilton Khaki Field Murph Auto 38mm\" class=\"read-more\" href=\"https:\/\/lediamant.ch\/de\/uhren\/173931-hamilton-khaki-field-murph-auto-automatik-38mm\/\" aria-label=\"Mehr Informationen \u00fcber Hamilton Khaki Field Murph Auto 38mm\">Weiterlesen &#8230;<\/a><\/p>\n","protected":false},"featured_media":173913,"template":"","meta":{"_acf_changed":false,"_seopress_robots_primary_cat":"27290","_seopress_titles_title":"","_seopress_titles_desc":"","_seopress_robots_index":""},"brand":[27085],"product_brand":[],"product_cat":[27181,27291,27123],"product_tag":[],"class_list":{"0":"post-173931","1":"product","2":"type-product","3":"status-publish","4":"has-post-thumbnail","6":"brand-hamilton-de","7":"product_cat-hamilton-de","8":"product_cat-khaki-field-de","9":"product_cat-uhren","10":"pa_couleurduboitier-grau-de","11":"pa_couleurdubracelet-schwarz-de","12":"pa_couleurducadran-schwarz","13":"pa_etancheite-100m-de","14":"pa_forme-runden","15":"pa_garantie-24monate","16":"pa_genre-mann","17":"pa_matiere-stahl","18":"pa_matierebraceletmontre-leder","19":"pa_mouvement-automatik-de","20":"pa_swissmade-ja-de","21":"sales-flash-overlay","22":"woocommerce-text-align-center","23":"woocommerce-image-align-center","24":"do-quantity-buttons","26":"first","27":"instock","28":"taxable","29":"shipping-taxable","30":"purchasable","31":"product-type-simple"},"acf":[],"_links":{"self":[{"href":"https:\/\/lediamant.ch\/de\/wp-json\/wp\/v2\/product\/173931","targetHints":{"allow":["GET"]}}],"collection":[{"href":"https:\/\/lediamant.ch\/de\/wp-json\/wp\/v2\/product"}],"about":[{"href":"https:\/\/lediamant.ch\/de\/wp-json\/wp\/v2\/types\/product"}],"wp:featuredmedia":[{"embeddable":true,"href":"https:\/\/lediamant.ch\/de\/wp-json\/wp\/v2\/media\/173913"}],"wp:attachment":[{"href":"https:\/\/lediamant.ch\/de\/wp-json\/wp\/v2\/media?parent=173931"}],"wp:term":[{"taxonomy":"brand","embeddable":true,"href":"https:\/\/lediamant.ch\/de\/wp-json\/wp\/v2\/brand?post=173931"},{"taxonomy":"product_brand","embeddable":true,"href":"https:\/\/lediamant.ch\/de\/wp-json\/wp\/v2\/product_brand?post=173931"},{"taxonomy":"product_cat","embeddable":true,"href":"https:\/\/lediamant.ch\/de\/wp-json\/wp\/v2\/product_cat?post=173931"},{"taxonomy":"product_tag","embeddable":true,"href":"https:\/\/lediamant.ch\/de\/wp-json\/wp\/v2\/product_tag?post=173931"}],"curies":[{"name":"wp","href":"https:\/\/api.w.org\/{rel}","templated":true}]}}