{"id":173951,"date":"2022-12-02T16:57:54","date_gmt":"2022-12-02T15:57:54","guid":{"rendered":"https:\/\/lediamant.ch\/produit\/uhren-de\/hamilton-de\/american-classic-de\/hamilton-american-classic-pan-europ-day-date-auto-automatik-42mm\/"},"modified":"2025-10-03T08:37:14","modified_gmt":"2025-10-03T06:37:14","slug":"hamilton-american-classic-pan-europ-day-date-auto-42mm","status":"publish","type":"product","link":"https:\/\/lediamant.ch\/de\/uhren\/173951-hamilton-american-classic-pan-europ-day-date-auto-automatik-42mm\/","title":{"rendered":"Hamilton American Classic PAN EUROP DAY DATE AUTO 42mm"},"content":{"rendered":"<p>Gl\u00e4nzen Sie mit diesem zweifarbigen Design. Unser schwarz-goldenes Konzept verk\u00f6rpert das Geheimnis und den Glamour Hollywoods und besteht aus f\u00fcnf ber\u00fchmten Uhren: Jazzmaster Auto 36 mm, Jazzmaster Auto Chrono 42 mm, Pan Europ, Ventura Chrono Quarz und Ventura S. Diese Kapselkollektion spielt mit den Kontrasten von Licht und Schatten und ist eine perfekte Darstellung der gro\u00dfen Leinwand. <\/p>\n","protected":false},"excerpt":{"rendered":"<p>Gl\u00e4nzen Sie mit diesem zweifarbigen Design. Unser schwarz-goldenes Konzept verk\u00f6rpert das Geheimnis und den Glamour Hollywoods und besteht aus f\u00fcnf ber\u00fchmten Uhren: Jazzmaster Auto 36 mm, Jazzmaster Auto Chrono 42 mm, Pan Europ, Ventura Chrono Quarz und Ventura S. Diese Kapselkollektion spielt mit den Kontrasten von Licht und Schatten und ist eine perfekte Darstellung der &#8230; <a title=\"Hamilton American Classic PAN EUROP DAY DATE AUTO 42mm\" class=\"read-more\" href=\"https:\/\/lediamant.ch\/de\/uhren\/173951-hamilton-american-classic-pan-europ-day-date-auto-automatik-42mm\/\" aria-label=\"Mehr Informationen \u00fcber Hamilton American Classic PAN EUROP DAY DATE AUTO 42mm\">Weiterlesen &#8230;<\/a><\/p>\n","protected":false},"featured_media":173933,"template":"","meta":{"_acf_changed":false,"_seopress_robots_primary_cat":"27200","_seopress_titles_title":"","_seopress_titles_desc":"","_seopress_robots_index":""},"brand":[27085],"product_brand":[],"product_cat":[27201,27181,27123],"product_tag":[],"class_list":{"0":"post-173951","1":"product","2":"type-product","3":"status-publish","4":"has-post-thumbnail","6":"brand-hamilton-de","7":"product_cat-american-classic","8":"product_cat-hamilton-de","9":"product_cat-uhren","10":"pa_couleurduboitier-schwarz-de","11":"pa_couleurdubracelet-schwarz-de","12":"pa_couleurducadran-schwarz","13":"pa_etancheite-50m-de","14":"pa_forme-runden","15":"pa_garantie-24monate","16":"pa_genre-mann","17":"pa_matiere-schwarzespvd","18":"pa_matierebraceletmontre-leder","19":"pa_mouvement-automatik-de","20":"pa_swissmade-ja-de","21":"sales-flash-overlay","22":"woocommerce-text-align-center","23":"woocommerce-image-align-center","24":"do-quantity-buttons","26":"first","27":"instock","28":"taxable","29":"shipping-taxable","30":"purchasable","31":"product-type-simple"},"acf":[],"_links":{"self":[{"href":"https:\/\/lediamant.ch\/de\/wp-json\/wp\/v2\/product\/173951","targetHints":{"allow":["GET"]}}],"collection":[{"href":"https:\/\/lediamant.ch\/de\/wp-json\/wp\/v2\/product"}],"about":[{"href":"https:\/\/lediamant.ch\/de\/wp-json\/wp\/v2\/types\/product"}],"wp:featuredmedia":[{"embeddable":true,"href":"https:\/\/lediamant.ch\/de\/wp-json\/wp\/v2\/media\/173933"}],"wp:attachment":[{"href":"https:\/\/lediamant.ch\/de\/wp-json\/wp\/v2\/media?parent=173951"}],"wp:term":[{"taxonomy":"brand","embeddable":true,"href":"https:\/\/lediamant.ch\/de\/wp-json\/wp\/v2\/brand?post=173951"},{"taxonomy":"product_brand","embeddable":true,"href":"https:\/\/lediamant.ch\/de\/wp-json\/wp\/v2\/product_brand?post=173951"},{"taxonomy":"product_cat","embeddable":true,"href":"https:\/\/lediamant.ch\/de\/wp-json\/wp\/v2\/product_cat?post=173951"},{"taxonomy":"product_tag","embeddable":true,"href":"https:\/\/lediamant.ch\/de\/wp-json\/wp\/v2\/product_tag?post=173951"}],"curies":[{"name":"wp","href":"https:\/\/api.w.org\/{rel}","templated":true}]}}