{"id":174049,"date":"2023-03-03T17:33:49","date_gmt":"2023-03-03T16:33:49","guid":{"rendered":"https:\/\/lediamant.ch\/produit\/uhren-de\/hamilton-de\/american-classic-de\/hamilton-american-classic-ardmore-quartz-armband-aus-braunem-leder-doppelt-18mm-x-27mm\/"},"modified":"2025-10-03T08:37:22","modified_gmt":"2025-10-03T06:37:22","slug":"hamilton-american-classic-ardmore-quartz-bracelet-en-cuir-brun-double-18mm-x-27mm","status":"publish","type":"product","link":"https:\/\/lediamant.ch\/de\/uhren\/174049-hamilton-american-classic-ardmore-quartz-armband-aus-braunem-leder-doppelt-18mm-x-27mm\/","title":{"rendered":"Hamilton American Classic Ardmore Quartz Leder braun Doppel 18mm x 27mm"},"content":{"rendered":"<p>Mit ihrem gl\u00e4nzenden Lederarmband und den farblich abgestimmten r\u00f6mischen Ziffern entwickelt sich das Art D\u00e9co-Design der Lady Ardmore Quartz zu einer modernen Uhr. Das kantige Geh\u00e4use der Uhr kombiniert klassischen amerikanischen Stil mit modernen Farben und sorgt so f\u00fcr einen Look, der alle Blicke auf sich ziehen wird. <\/p>\n","protected":false},"excerpt":{"rendered":"<p>Mit ihrem gl\u00e4nzenden Lederarmband und den farblich abgestimmten r\u00f6mischen Ziffern entwickelt sich das Art D\u00e9co-Design der Lady Ardmore Quartz zu einer modernen Uhr. Das kantige Geh\u00e4use der Uhr kombiniert klassischen amerikanischen Stil mit modernen Farben und sorgt so f\u00fcr einen Look, der alle Blicke auf sich ziehen wird.<\/p>\n","protected":false},"featured_media":174039,"template":"","meta":{"_acf_changed":false,"_seopress_robots_primary_cat":"27200","_seopress_titles_title":"","_seopress_titles_desc":"","_seopress_robots_index":""},"brand":[27085],"product_brand":[],"product_cat":[27201,27181,27123],"product_tag":[],"class_list":{"0":"post-174049","1":"product","2":"type-product","3":"status-publish","4":"has-post-thumbnail","6":"brand-hamilton-de","7":"product_cat-american-classic","8":"product_cat-hamilton-de","9":"product_cat-uhren","10":"pa_couleurduboitier-grau-de","11":"pa_couleurdubracelet-braun-de","12":"pa_couleurducadran-silber","13":"pa_etancheite-30m-de","14":"pa_forme-rechteckig-de","15":"pa_garantie-24monate","16":"pa_genre-frau","17":"pa_matiere-stahl","18":"pa_matierebraceletmontre-leder","19":"pa_mouvement-quarzbatterie-de","20":"pa_swissmade-ja-de","21":"sales-flash-overlay","22":"woocommerce-text-align-center","23":"woocommerce-image-align-center","24":"do-quantity-buttons","26":"first","27":"instock","28":"taxable","29":"shipping-taxable","30":"purchasable","31":"product-type-simple"},"acf":[],"_links":{"self":[{"href":"https:\/\/lediamant.ch\/de\/wp-json\/wp\/v2\/product\/174049","targetHints":{"allow":["GET"]}}],"collection":[{"href":"https:\/\/lediamant.ch\/de\/wp-json\/wp\/v2\/product"}],"about":[{"href":"https:\/\/lediamant.ch\/de\/wp-json\/wp\/v2\/types\/product"}],"wp:featuredmedia":[{"embeddable":true,"href":"https:\/\/lediamant.ch\/de\/wp-json\/wp\/v2\/media\/174039"}],"wp:attachment":[{"href":"https:\/\/lediamant.ch\/de\/wp-json\/wp\/v2\/media?parent=174049"}],"wp:term":[{"taxonomy":"brand","embeddable":true,"href":"https:\/\/lediamant.ch\/de\/wp-json\/wp\/v2\/brand?post=174049"},{"taxonomy":"product_brand","embeddable":true,"href":"https:\/\/lediamant.ch\/de\/wp-json\/wp\/v2\/product_brand?post=174049"},{"taxonomy":"product_cat","embeddable":true,"href":"https:\/\/lediamant.ch\/de\/wp-json\/wp\/v2\/product_cat?post=174049"},{"taxonomy":"product_tag","embeddable":true,"href":"https:\/\/lediamant.ch\/de\/wp-json\/wp\/v2\/product_tag?post=174049"}],"curies":[{"name":"wp","href":"https:\/\/api.w.org\/{rel}","templated":true}]}}