{"id":174087,"date":"2023-03-22T11:48:45","date_gmt":"2023-03-22T10:48:45","guid":{"rendered":"https:\/\/lediamant.ch\/produit\/uhren-de\/aerowatch-de\/les-grandes-classiques-de\/aerowatch-grandes-classiques-automatik-anthrazitfarbenes-zifferblatt-stahlarmband\/"},"modified":"2023-03-22T11:48:45","modified_gmt":"2023-03-22T10:48:45","slug":"aerowatch-grandes-classiques-automatik-anthrazitfarbenes-zifferblatt-stahlarmband","status":"publish","type":"product","link":"https:\/\/lediamant.ch\/de\/uhren\/174087-aerowatch-grandes-classiques-automatik-anthrazitfarbenes-zifferblatt-stahlarmband\/","title":{"rendered":"Aerowatch, Grandes Classiques, Automatik, anthrazitfarbenes Zifferblatt, Stahlarmband"},"content":{"rendered":"<p>Klassische Uhr mit SWISS MADE Automatikwerk Sellita SW200-1, 26 Rubine, Stunden, Minuten, Sekunden und Datum bei 6 Uhr. Geh\u00e4use aus Edelstahl, Durchmesser 40,00 mm. Gew\u00f6lbtes, entspiegeltes Saphirglas. Anthrazitfarbenes Zifferblatt mit r\u00f6mischen Ziffern und Indizes. Sichtbarer Boden. Armband aus Stahl. Wasserdicht bis 50 Meter.<\/p>\n","protected":false},"excerpt":{"rendered":"<p>Klassische Uhr mit SWISS MADE Automatikwerk Sellita SW200-1, 26 Rubine, Stunden, Minuten, Sekunden und Datum bei 6 Uhr. Geh\u00e4use aus Edelstahl, Durchmesser 40,00 mm. Gew\u00f6lbtes, entspiegeltes Saphirglas. Anthrazitfarbenes Zifferblatt mit r\u00f6mischen Ziffern und Indizes. Sichtbarer Boden. Armband aus Stahl. Wasserdicht bis 50 Meter.<\/p>\n","protected":false},"featured_media":174074,"template":"","meta":{"_acf_changed":false,"_seopress_robots_primary_cat":"","_seopress_titles_title":"","_seopress_titles_desc":"","_seopress_robots_index":""},"brand":[27081],"product_brand":[],"product_cat":[27123,27167,27289],"product_tag":[],"class_list":{"0":"post-174087","1":"product","2":"type-product","3":"status-publish","4":"has-post-thumbnail","6":"brand-aerowatch-de","7":"product_cat-uhren","8":"product_cat-aerowatch-de","9":"product_cat-les-grandes-classiques-de","10":"pa_couleurduboitier-grau-de","11":"pa_couleurducadran-anthrazit","12":"pa_etancheite-50m-de","13":"pa_forme-runden","14":"pa_garantie-24monate","15":"pa_genre-mann","16":"pa_matiere-stahl","17":"pa_matierebraceletmontre-edelstahl","18":"pa_mouvement-automatik-de","19":"pa_swissmade-ja-de","20":"sales-flash-overlay","21":"woocommerce-text-align-center","22":"woocommerce-image-align-center","23":"do-quantity-buttons","25":"first","26":"instock","27":"taxable","28":"shipping-taxable","29":"purchasable","30":"product-type-simple"},"acf":[],"_links":{"self":[{"href":"https:\/\/lediamant.ch\/de\/wp-json\/wp\/v2\/product\/174087","targetHints":{"allow":["GET"]}}],"collection":[{"href":"https:\/\/lediamant.ch\/de\/wp-json\/wp\/v2\/product"}],"about":[{"href":"https:\/\/lediamant.ch\/de\/wp-json\/wp\/v2\/types\/product"}],"wp:featuredmedia":[{"embeddable":true,"href":"https:\/\/lediamant.ch\/de\/wp-json\/wp\/v2\/media\/174074"}],"wp:attachment":[{"href":"https:\/\/lediamant.ch\/de\/wp-json\/wp\/v2\/media?parent=174087"}],"wp:term":[{"taxonomy":"brand","embeddable":true,"href":"https:\/\/lediamant.ch\/de\/wp-json\/wp\/v2\/brand?post=174087"},{"taxonomy":"product_brand","embeddable":true,"href":"https:\/\/lediamant.ch\/de\/wp-json\/wp\/v2\/product_brand?post=174087"},{"taxonomy":"product_cat","embeddable":true,"href":"https:\/\/lediamant.ch\/de\/wp-json\/wp\/v2\/product_cat?post=174087"},{"taxonomy":"product_tag","embeddable":true,"href":"https:\/\/lediamant.ch\/de\/wp-json\/wp\/v2\/product_tag?post=174087"}],"curies":[{"name":"wp","href":"https:\/\/api.w.org\/{rel}","templated":true}]}}