{"id":174093,"date":"2023-03-22T12:08:39","date_gmt":"2023-03-22T11:08:39","guid":{"rendered":"https:\/\/lediamant.ch\/produit\/uhren-de\/aerowatch-de\/les-grandes-classiques-de\/aerowatch-grandes-classiques-automatik-anthrazitfarbenes-zifferblatt-lederarmband\/"},"modified":"2023-03-22T12:08:39","modified_gmt":"2023-03-22T11:08:39","slug":"aerowatch-grandes-classiques-automatik-anthrazitfarbenes-zifferblatt-lederarmband","status":"publish","type":"product","link":"https:\/\/lediamant.ch\/de\/uhren\/174093-aerowatch-grandes-classiques-automatik-anthrazitfarbenes-zifferblatt-lederarmband\/","title":{"rendered":"Aerowatch, Grandes Classiques, Automatik, anthrazitfarbenes Zifferblatt, Lederarmband"},"content":{"rendered":"<p>Klassische Uhr mit SWISS MADE Automatikwerk Sellita SW200-1, 26 Rubine, Stunden, Minuten, Sekunden und Datum bei 6 Uhr. Geh\u00e4use aus Edelstahl, Durchmesser 40,00 mm. Gew\u00f6lbtes, entspiegeltes Saphirglas. Anthrazitfarbenes Zifferblatt mit r\u00f6mischen Ziffern und Indizes. Sichtbarer Boden. Anthrazitfarbenes Lederarmband. Wasserdicht bis 50 Meter.<\/p><\/p>\n","protected":false},"excerpt":{"rendered":"<p>Klassische Uhr mit SWISS MADE Automatikwerk Sellita SW200-1, 26 Rubine, Stunden, Minuten, Sekunden und Datum bei 6 Uhr. Geh\u00e4use aus Edelstahl, Durchmesser 40,00 mm. Gew\u00f6lbtes, entspiegeltes Saphirglas. Anthrazitfarbenes Zifferblatt mit r\u00f6mischen Ziffern und Indizes. Sichtbarer Boden. Anthrazitfarbenes Lederarmband. Wasserdicht bis 50 Meter.<\/p>\n","protected":false},"featured_media":174088,"template":"","meta":{"_acf_changed":false,"_seopress_robots_primary_cat":"","_seopress_titles_title":"","_seopress_titles_desc":"","_seopress_robots_index":""},"brand":[27081],"product_brand":[],"product_cat":[27123,27167,27289],"product_tag":[],"class_list":{"0":"post-174093","1":"product","2":"type-product","3":"status-publish","4":"has-post-thumbnail","6":"brand-aerowatch-de","7":"product_cat-uhren","8":"product_cat-aerowatch-de","9":"product_cat-les-grandes-classiques-de","10":"pa_couleurduboitier-grau-de","11":"pa_couleurdubracelet-grau-de","12":"pa_couleurducadran-anthrazit","13":"pa_etancheite-50m-de","14":"pa_forme-runden","15":"pa_garantie-24monate","16":"pa_genre-mann","17":"pa_matiere-stahl","18":"pa_matierebraceletmontre-leder","19":"pa_mouvement-automatik-de","20":"pa_swissmade-ja-de","21":"sales-flash-overlay","22":"woocommerce-text-align-center","23":"woocommerce-image-align-center","24":"do-quantity-buttons","26":"first","27":"instock","28":"taxable","29":"shipping-taxable","30":"purchasable","31":"product-type-simple"},"acf":[],"_links":{"self":[{"href":"https:\/\/lediamant.ch\/de\/wp-json\/wp\/v2\/product\/174093","targetHints":{"allow":["GET"]}}],"collection":[{"href":"https:\/\/lediamant.ch\/de\/wp-json\/wp\/v2\/product"}],"about":[{"href":"https:\/\/lediamant.ch\/de\/wp-json\/wp\/v2\/types\/product"}],"wp:featuredmedia":[{"embeddable":true,"href":"https:\/\/lediamant.ch\/de\/wp-json\/wp\/v2\/media\/174088"}],"wp:attachment":[{"href":"https:\/\/lediamant.ch\/de\/wp-json\/wp\/v2\/media?parent=174093"}],"wp:term":[{"taxonomy":"brand","embeddable":true,"href":"https:\/\/lediamant.ch\/de\/wp-json\/wp\/v2\/brand?post=174093"},{"taxonomy":"product_brand","embeddable":true,"href":"https:\/\/lediamant.ch\/de\/wp-json\/wp\/v2\/product_brand?post=174093"},{"taxonomy":"product_cat","embeddable":true,"href":"https:\/\/lediamant.ch\/de\/wp-json\/wp\/v2\/product_cat?post=174093"},{"taxonomy":"product_tag","embeddable":true,"href":"https:\/\/lediamant.ch\/de\/wp-json\/wp\/v2\/product_tag?post=174093"}],"curies":[{"name":"wp","href":"https:\/\/api.w.org\/{rel}","templated":true}]}}