{"id":174169,"date":"2023-04-12T14:38:01","date_gmt":"2023-04-12T12:38:01","guid":{"rendered":"https:\/\/lediamant.ch\/produit\/schmuck-de\/ringe-de\/ringe-silber-925-de\/ring-pesavento-polvere-925-silber-rosevergoldet-groesse-s-wplva1251\/"},"modified":"2025-10-03T08:37:17","modified_gmt":"2025-10-03T06:37:17","slug":"bague-pesavento-polvere-argent-925-plaquee-or-rose-taille-s-wplva1251","status":"publish","type":"product","link":"https:\/\/lediamant.ch\/de\/schmuck\/174169-ring-pesavento-polvere-925-silber-rosevergoldet-groesse-s-wplva1251\/","title":{"rendered":"Ring, Pesavento Polvere, 925er Silber, ros\u00e9goldplattiert, Gr\u00f6\u00dfe S, WPLVA1251"},"content":{"rendered":"<p><\/p>\n","protected":false},"excerpt":{"rendered":"<p><\/p>\n","protected":false},"featured_media":174163,"template":"","meta":{"_acf_changed":false,"_seopress_robots_primary_cat":"27298","_seopress_titles_title":"","_seopress_titles_desc":"","_seopress_robots_index":""},"brand":[27111],"product_brand":[],"product_cat":[27139,27299,27121],"product_tag":[],"class_list":{"0":"post-174169","1":"product","2":"type-product","3":"status-publish","4":"has-post-thumbnail","6":"brand-silver-jewellery-de","7":"product_cat-ringe","8":"product_cat-ringe-silber-925","9":"product_cat-schmuck","10":"pa_dimensions-s-50-53","11":"pa_garantie-12monate","12":"pa_genre-frau","13":"pa_matiere-925silber","14":"sales-flash-overlay","15":"woocommerce-text-align-center","16":"woocommerce-image-align-center","17":"do-quantity-buttons","19":"first","20":"instock","21":"taxable","22":"shipping-taxable","23":"purchasable","24":"product-type-simple"},"acf":[],"_links":{"self":[{"href":"https:\/\/lediamant.ch\/de\/wp-json\/wp\/v2\/product\/174169","targetHints":{"allow":["GET"]}}],"collection":[{"href":"https:\/\/lediamant.ch\/de\/wp-json\/wp\/v2\/product"}],"about":[{"href":"https:\/\/lediamant.ch\/de\/wp-json\/wp\/v2\/types\/product"}],"wp:featuredmedia":[{"embeddable":true,"href":"https:\/\/lediamant.ch\/de\/wp-json\/wp\/v2\/media\/174163"}],"wp:attachment":[{"href":"https:\/\/lediamant.ch\/de\/wp-json\/wp\/v2\/media?parent=174169"}],"wp:term":[{"taxonomy":"brand","embeddable":true,"href":"https:\/\/lediamant.ch\/de\/wp-json\/wp\/v2\/brand?post=174169"},{"taxonomy":"product_brand","embeddable":true,"href":"https:\/\/lediamant.ch\/de\/wp-json\/wp\/v2\/product_brand?post=174169"},{"taxonomy":"product_cat","embeddable":true,"href":"https:\/\/lediamant.ch\/de\/wp-json\/wp\/v2\/product_cat?post=174169"},{"taxonomy":"product_tag","embeddable":true,"href":"https:\/\/lediamant.ch\/de\/wp-json\/wp\/v2\/product_tag?post=174169"}],"curies":[{"name":"wp","href":"https:\/\/api.w.org\/{rel}","templated":true}]}}