{"id":174205,"date":"2023-04-14T09:24:01","date_gmt":"2023-04-14T07:24:01","guid":{"rendered":"https:\/\/lediamant.ch\/produit\/uhren-de\/maurice-lacroix-de\/aikon-quartz-de\/maurice-lacroix-aikon-quarz-35-mm-weisses-zifferblatt-kautschukarmband\/"},"modified":"2024-03-19T16:08:05","modified_gmt":"2024-03-19T15:08:05","slug":"maurice-lacroix-aikon-quarz-35-mm-weisses-zifferblatt-kautschukarmband","status":"publish","type":"product","link":"https:\/\/lediamant.ch\/de\/uhren\/174205-maurice-lacroix-aikon-quarz-35-mm-weisses-zifferblatt-kautschukarmband\/","title":{"rendered":"Maurice Lacroix AIKON Quarz, 35 mm"},"content":{"rendered":"<p>Im Einklang mit den anderen AIKON-Modellen vereinen diese neuesten Modelle zeitgen\u00f6ssischen Stil mit Schweizer Pr\u00e4zision und bieten einen hohen wahrgenommenen Wert - eine Erfolgsformel, die Maurice Lacroix seit der Einf\u00fchrung des ersten AIKON-Modells fortf\u00fchrt. Werden Sie Teil dieser Erfolgsgeschichte.<\/p>\n","protected":false},"excerpt":{"rendered":"<p>Im Einklang mit den anderen AIKON-Modellen vereinen diese neuesten Modelle zeitgen\u00f6ssischen Stil mit Schweizer Pr\u00e4zision und bieten einen hohen wahrgenommenen Wert - eine Erfolgsformel, die Maurice Lacroix seit der Einf\u00fchrung des ersten AIKON-Modells fortf\u00fchrt. Werden Sie Teil dieser Erfolgsgeschichte.<\/p>\n","protected":false},"featured_media":174195,"template":"","meta":{"_acf_changed":false,"_seopress_robots_primary_cat":"none","_seopress_titles_title":"","_seopress_titles_desc":"","_seopress_robots_index":""},"brand":[27103],"product_brand":[],"product_cat":[27205,27149,27123],"product_tag":[],"class_list":{"0":"post-174205","1":"product","2":"type-product","3":"status-publish","4":"has-post-thumbnail","6":"brand-mauricelacroix-de","7":"product_cat-aikon-de","8":"product_cat-maurice-lacroix-de","9":"product_cat-uhren","10":"pa_couleurduboitier-grau-de","11":"pa_couleurducadran-weiss","12":"pa_etancheite-100m-de","13":"pa_forme-runden","14":"pa_garantie-24monate","15":"pa_genre-frau","16":"pa_matiere-stahl","17":"pa_matierebraceletmontre-kautschuk","18":"pa_mouvement-quarzbatterie-de","19":"pa_swissmade-ja-de","20":"pa_typedemontre-uhrenmitdiamanten","21":"pa_verre-saphir-de","22":"sales-flash-overlay","23":"woocommerce-text-align-center","24":"woocommerce-image-align-center","25":"do-quantity-buttons","27":"first","28":"instock","29":"taxable","30":"shipping-taxable","31":"purchasable","32":"product-type-simple"},"acf":[],"_links":{"self":[{"href":"https:\/\/lediamant.ch\/de\/wp-json\/wp\/v2\/product\/174205","targetHints":{"allow":["GET"]}}],"collection":[{"href":"https:\/\/lediamant.ch\/de\/wp-json\/wp\/v2\/product"}],"about":[{"href":"https:\/\/lediamant.ch\/de\/wp-json\/wp\/v2\/types\/product"}],"wp:featuredmedia":[{"embeddable":true,"href":"https:\/\/lediamant.ch\/de\/wp-json\/wp\/v2\/media\/174195"}],"wp:attachment":[{"href":"https:\/\/lediamant.ch\/de\/wp-json\/wp\/v2\/media?parent=174205"}],"wp:term":[{"taxonomy":"brand","embeddable":true,"href":"https:\/\/lediamant.ch\/de\/wp-json\/wp\/v2\/brand?post=174205"},{"taxonomy":"product_brand","embeddable":true,"href":"https:\/\/lediamant.ch\/de\/wp-json\/wp\/v2\/product_brand?post=174205"},{"taxonomy":"product_cat","embeddable":true,"href":"https:\/\/lediamant.ch\/de\/wp-json\/wp\/v2\/product_cat?post=174205"},{"taxonomy":"product_tag","embeddable":true,"href":"https:\/\/lediamant.ch\/de\/wp-json\/wp\/v2\/product_tag?post=174205"}],"curies":[{"name":"wp","href":"https:\/\/api.w.org\/{rel}","templated":true}]}}