{"id":174261,"date":"2023-04-14T14:03:38","date_gmt":"2023-04-14T12:03:38","guid":{"rendered":"https:\/\/lediamant.ch\/produit\/uhren-de\/maurice-lacroix-de\/pontos-de\/maurice-lacroix-pontos-day-date-41mm-anthrazit-zifferblatt-lederarmband\/"},"modified":"2023-04-14T14:03:38","modified_gmt":"2023-04-14T12:03:38","slug":"maurice-lacroix-pontos-day-date-41mm-anthrazit-zifferblatt-lederarmband","status":"publish","type":"product","link":"https:\/\/lediamant.ch\/de\/uhren\/174261-maurice-lacroix-pontos-day-date-41mm-anthrazit-zifferblatt-lederarmband\/","title":{"rendered":"Maurice Lacroix PONTOS Day Date 41mm, Anthrazit Zifferblatt, Lederarmband"},"content":{"rendered":"<p>Das PONTOS Day Date wurde aktualisiert und verf\u00fcgt nun \u00fcber mehrere subtile Verbesserungen. Im Einklang mit Maurice Lacroix&#8216; unerm\u00fcdlichem Streben nach kontinuierlicher Verbesserung ist die neueste PONTOS Day Date nicht nur besser, sie wird nun auch in einer neuen Verpackung aus #tide Ocean Material\u00ae angeboten, die dazu beitr\u00e4gt, die Meere ein wenig sauberer zu machen. Dar\u00fcber hinaus best\u00e4tigt jede Uhr, egal ob sie an einem Leder- oder Stahlarmband getragen wird, den Ruf der Marke f\u00fcr einen hohen wahrgenommenen Wert.<\/p>\n","protected":false},"excerpt":{"rendered":"<p>Welche Ereignisse Ihnen auch immer am Herzen liegen, mit der Pontos Day Date 41 mm erleben Sie sie in vollen Z\u00fcgen. Die klareren und zugleich schickeren Zifferbl\u00e4tter verbessern die Ablesbarkeit der Uhr erheblich, ganz im Sinne der PONTOS-Tradition.<\/p>\n<p>Geh\u00e4use: Stahl &amp; Armband: Stahl<\/p>\n<p>Wasserdicht bis 10 ATM<\/p>\n<p>41 mm<\/p>\n","protected":false},"featured_media":174259,"template":"","meta":{"_acf_changed":false,"_seopress_robots_primary_cat":"","_seopress_titles_title":"","_seopress_titles_desc":"","_seopress_robots_index":""},"brand":[27103],"product_brand":[],"product_cat":[27149,27339,27123],"product_tag":[],"class_list":{"0":"post-174261","1":"product","2":"type-product","3":"status-publish","4":"has-post-thumbnail","6":"brand-mauricelacroix-de","7":"product_cat-maurice-lacroix-de","8":"product_cat-pontos-de","9":"product_cat-uhren","10":"pa_couleurduboitier-grau-de","11":"pa_couleurdubracelet-schwarz-de","12":"pa_couleurducadran-anthrazit","13":"pa_etancheite-100m-de","14":"pa_forme-runden","15":"pa_garantie-24monate","16":"pa_genre-mann","17":"pa_matiere-stahl","18":"pa_matierebraceletmontre-leder","19":"pa_mouvement-automatik-de","20":"pa_swissmade-ja-de","21":"pa_verre-saphir-de","22":"sales-flash-overlay","23":"woocommerce-text-align-center","24":"woocommerce-image-align-center","25":"do-quantity-buttons","27":"first","28":"instock","29":"taxable","30":"shipping-taxable","31":"purchasable","32":"product-type-simple"},"acf":[],"_links":{"self":[{"href":"https:\/\/lediamant.ch\/de\/wp-json\/wp\/v2\/product\/174261","targetHints":{"allow":["GET"]}}],"collection":[{"href":"https:\/\/lediamant.ch\/de\/wp-json\/wp\/v2\/product"}],"about":[{"href":"https:\/\/lediamant.ch\/de\/wp-json\/wp\/v2\/types\/product"}],"wp:featuredmedia":[{"embeddable":true,"href":"https:\/\/lediamant.ch\/de\/wp-json\/wp\/v2\/media\/174259"}],"wp:attachment":[{"href":"https:\/\/lediamant.ch\/de\/wp-json\/wp\/v2\/media?parent=174261"}],"wp:term":[{"taxonomy":"brand","embeddable":true,"href":"https:\/\/lediamant.ch\/de\/wp-json\/wp\/v2\/brand?post=174261"},{"taxonomy":"product_brand","embeddable":true,"href":"https:\/\/lediamant.ch\/de\/wp-json\/wp\/v2\/product_brand?post=174261"},{"taxonomy":"product_cat","embeddable":true,"href":"https:\/\/lediamant.ch\/de\/wp-json\/wp\/v2\/product_cat?post=174261"},{"taxonomy":"product_tag","embeddable":true,"href":"https:\/\/lediamant.ch\/de\/wp-json\/wp\/v2\/product_tag?post=174261"}],"curies":[{"name":"wp","href":"https:\/\/api.w.org\/{rel}","templated":true}]}}