{"id":174381,"date":"2023-04-26T13:22:26","date_gmt":"2023-04-26T11:22:26","guid":{"rendered":"https:\/\/lediamant.ch\/produit\/uhren-de\/balmain-de\/downtown-de\/be-balmain-de\/be-balmain-moonphase\/"},"modified":"2024-12-20T17:46:13","modified_gmt":"2024-12-20T16:46:13","slug":"be-balmain-moonphase","status":"publish","type":"product","link":"https:\/\/lediamant.ch\/de\/uhren\/174381-be-balmain-moonphase\/","title":{"rendered":"Be Balmain, Moonphase 33mm"},"content":{"rendered":"<p>Entdecken Sie unsere Be Balmain Moonphase PVD gelb Uhr, ein Juwel der Eleganz und Raffinesse. Diese Luxusuhr aus dem ber\u00fchmten Designhaus Balmain ist mit einer Moonphase-Funktion ausgestattet, die dem raffinierten Zifferblatt einen Hauch von Raffinesse verleiht. Das Armband aus gelbem PVD-Stahl verleiht der Uhr einen modernen und schicken Look, w\u00e4hrend das Geh\u00e4use aus gelbem PVD-Stahl eine au\u00dfergew\u00f6hnliche Haltbarkeit garantiert. Diese Uhr ist das perfekte Accessoire f\u00fcr alle, die diskreten Luxus und zeitloses Design zu sch\u00e4tzen wissen.<\/p>\n","protected":false},"excerpt":{"rendered":"<p>Balmain Quarzuhr, Be Balmain Kollektion, Stahlgeh\u00e4use, gelbe PVD-Beschichtung, wei\u00dfes Zifferblatt mit Indexen und Diamanten, Mondphase, Saphirglas, Metallarmband mit gelber PVD-Beschichtung.<\/p>\n","protected":false},"featured_media":174379,"template":"","meta":{"_acf_changed":false,"_seopress_robots_primary_cat":"27173","_seopress_titles_title":"","_seopress_titles_desc":"Erleben Sie Luxus mit der Balmain Moonphase Uhr in gelbem PVD. Eleganz und hochwertige Technik f\u00fcr stilbewusste Tr\u00e4ger.","_seopress_robots_index":""},"brand":[27083],"product_brand":[],"product_cat":[27173,27405,27137,27123],"product_tag":[],"class_list":{"0":"post-174381","1":"product","2":"type-product","3":"status-publish","4":"has-post-thumbnail","6":"brand-balmain-de","7":"product_cat-balmain-de","8":"product_cat-be-balmain-de","9":"product_cat-bracelet-ajustable-de","10":"product_cat-uhren","11":"pa_couleurducadran-weiss","12":"pa_detail-de-s-pierres-s-12-diamanten-0-043ct","13":"pa_etancheite-50m-de","14":"pa_forme-runden","15":"pa_garantie-24monate","16":"pa_genre-frau","17":"pa_matiere-gelbgoldpvd","18":"pa_matierebraceletmontre-edelstahl","19":"pa_mouvement-quarzbatterie-de","20":"pa_swissmade-ja-de","21":"pa_typedemontre-uhrenmitdiamanten","22":"pa_typedemontre-uhrenmitmondanzeige","23":"pa_verre-saphir-de","24":"sales-flash-overlay","25":"woocommerce-text-align-center","26":"woocommerce-image-align-center","27":"do-quantity-buttons","29":"first","30":"instock","31":"taxable","32":"shipping-taxable","33":"purchasable","34":"product-type-simple"},"acf":[],"_links":{"self":[{"href":"https:\/\/lediamant.ch\/de\/wp-json\/wp\/v2\/product\/174381","targetHints":{"allow":["GET"]}}],"collection":[{"href":"https:\/\/lediamant.ch\/de\/wp-json\/wp\/v2\/product"}],"about":[{"href":"https:\/\/lediamant.ch\/de\/wp-json\/wp\/v2\/types\/product"}],"wp:featuredmedia":[{"embeddable":true,"href":"https:\/\/lediamant.ch\/de\/wp-json\/wp\/v2\/media\/174379"}],"wp:attachment":[{"href":"https:\/\/lediamant.ch\/de\/wp-json\/wp\/v2\/media?parent=174381"}],"wp:term":[{"taxonomy":"brand","embeddable":true,"href":"https:\/\/lediamant.ch\/de\/wp-json\/wp\/v2\/brand?post=174381"},{"taxonomy":"product_brand","embeddable":true,"href":"https:\/\/lediamant.ch\/de\/wp-json\/wp\/v2\/product_brand?post=174381"},{"taxonomy":"product_cat","embeddable":true,"href":"https:\/\/lediamant.ch\/de\/wp-json\/wp\/v2\/product_cat?post=174381"},{"taxonomy":"product_tag","embeddable":true,"href":"https:\/\/lediamant.ch\/de\/wp-json\/wp\/v2\/product_tag?post=174381"}],"curies":[{"name":"wp","href":"https:\/\/api.w.org\/{rel}","templated":true}]}}