{"id":174393,"date":"2023-04-26T14:17:56","date_gmt":"2023-04-26T12:17:56","guid":{"rendered":"https:\/\/lediamant.ch\/produit\/uhren-de\/balmain-de\/downtown-de\/be-balmain-de\/be-balmain-moonphase-4\/"},"modified":"2026-05-13T17:44:12","modified_gmt":"2026-05-13T15:44:12","slug":"be-balmain-moonphase-4","status":"publish","type":"product","link":"https:\/\/lediamant.ch\/de\/uhren\/174393-balmain-be-balmain-moonphase-diamonds-33mm-b45923922\/","title":{"rendered":"Balmain Be Balmain, Moonphase Diamonds 33mm"},"content":{"rendered":"<p>Die Be Balmain ist eine kunstvolle Damenuhr, die zarten Stil mit einem modernen, von der Pariser Haute Couture inspirierten Design verbindet. Ihr wei\u00dfes Zifferblatt mit Arabeskenmuster und Mondphasenanzeige, ihr mit 12 Top Wesselton VS-SI-Diamanten im Gesamtgewicht von 0,043 Karat besetztes Geh\u00e4use sowie ihre klassischen r\u00f6mischen Indizes verleihen ihr eine lebendige Note. Das zweifarbige Geh\u00e4use aus Edelstahl und gelbgoldfarbenem PVD mit einem Durchmesser von 33 mm, einem eleganten Profil von 8,15 mm und einem passenden Armband bietet einen stilvollen Begleiter f\u00fcr den Alltag. Diese Swiss-Made-Uhr ist mit einem Saphirglas ausgestattet.<\/p>\n","protected":false},"excerpt":{"rendered":"<p>Die Be Balmain ist eine kunstvolle Damenuhr, die zarten Stil mit einem modernen, von der Pariser Haute Couture inspirierten Design verbindet. Ihr wei\u00dfes Zifferblatt mit Arabeskenmuster und Mondphasenanzeige, ihr mit 12 Top Wesselton VS-SI-Diamanten im Gesamtgewicht von 0,043 Karat besetztes Geh\u00e4use sowie ihre klassischen r\u00f6mischen Indizes verleihen ihr eine lebendige Note. Das zweifarbige Geh\u00e4use aus &#8230; <a title=\"Balmain Be Balmain, Moonphase Diamonds 33mm\" class=\"read-more\" href=\"https:\/\/lediamant.ch\/de\/uhren\/174393-balmain-be-balmain-moonphase-diamonds-33mm-b45923922\/\" aria-label=\"Mehr Informationen \u00fcber Balmain Be Balmain, Moonphase Diamonds 33mm\">Weiterlesen &#8230;<\/a><\/p>\n","protected":false},"featured_media":174391,"template":"","meta":{"_acf_changed":false,"_seopress_robots_primary_cat":"27173","_seopress_titles_title":"%%post_title%% %%sep%% %%sitetitle%%.ch","_seopress_titles_desc":"Entdecken Sie die elegante Balmain Quarzuhr mit wei\u00dfem Zifferblatt, Diamantindexen und Mondphase. Geh\u00e4use und Armband sind zweifarbig.","_seopress_robots_index":""},"brand":[27083],"product_brand":[],"product_cat":[27173,27405,27137,27123],"product_tag":[],"class_list":{"0":"post-174393","1":"product","2":"type-product","3":"status-publish","4":"has-post-thumbnail","6":"brand-balmain-de","7":"product_cat-balmain-de","8":"product_cat-be-balmain-de","9":"product_cat-bracelet-ajustable-de","10":"product_cat-uhren","11":"pa_couleurduboitier-zweifarbig-de","12":"pa_couleurdubracelet-bicolor","13":"pa_couleurducadran-weiss","14":"pa_detail-de-s-pierres-s-12-diamanten-0-043ct","15":"pa_etancheite-50m-de","16":"pa_forme-runden","17":"pa_garantie-24monate","18":"pa_genre-frau","19":"pa_matiere-zweifarbigstahlgelbgoldpvd","20":"pa_matierebraceletmontre-edelstahl","21":"pa_mouvement-quarzbatterie-de","22":"pa_swissmade-ja-de","23":"pa_typedemontre-uhrenmitdiamanten","24":"pa_typedemontre-uhrenmitmondanzeige","25":"pa_verre-saphir-de","26":"sales-flash-overlay","27":"woocommerce-text-align-center","28":"woocommerce-image-align-center","29":"do-quantity-buttons","31":"first","32":"instock","33":"taxable","34":"shipping-taxable","35":"purchasable","36":"product-type-simple"},"acf":[],"_links":{"self":[{"href":"https:\/\/lediamant.ch\/de\/wp-json\/wp\/v2\/product\/174393","targetHints":{"allow":["GET"]}}],"collection":[{"href":"https:\/\/lediamant.ch\/de\/wp-json\/wp\/v2\/product"}],"about":[{"href":"https:\/\/lediamant.ch\/de\/wp-json\/wp\/v2\/types\/product"}],"wp:featuredmedia":[{"embeddable":true,"href":"https:\/\/lediamant.ch\/de\/wp-json\/wp\/v2\/media\/174391"}],"wp:attachment":[{"href":"https:\/\/lediamant.ch\/de\/wp-json\/wp\/v2\/media?parent=174393"}],"wp:term":[{"taxonomy":"brand","embeddable":true,"href":"https:\/\/lediamant.ch\/de\/wp-json\/wp\/v2\/brand?post=174393"},{"taxonomy":"product_brand","embeddable":true,"href":"https:\/\/lediamant.ch\/de\/wp-json\/wp\/v2\/product_brand?post=174393"},{"taxonomy":"product_cat","embeddable":true,"href":"https:\/\/lediamant.ch\/de\/wp-json\/wp\/v2\/product_cat?post=174393"},{"taxonomy":"product_tag","embeddable":true,"href":"https:\/\/lediamant.ch\/de\/wp-json\/wp\/v2\/product_tag?post=174393"}],"curies":[{"name":"wp","href":"https:\/\/api.w.org\/{rel}","templated":true}]}}