{"id":174417,"date":"2023-05-02T16:17:43","date_gmt":"2023-05-02T14:17:43","guid":{"rendered":"https:\/\/lediamant.ch\/produit\/uhren-de\/balmain-de\/downtown-de\/be-balmain-de\/be-balmain-moonphase-6\/"},"modified":"2026-05-13T17:51:16","modified_gmt":"2026-05-13T15:51:16","slug":"be-balmain-moonphase-6","status":"publish","type":"product","link":"https:\/\/lediamant.ch\/de\/uhren\/174417-balmain-be-balmain-moonphase-33mm-b45983312\/","title":{"rendered":"Balmain Be Balmain, Moonphase 33mm"},"content":{"rendered":"<p>Die Be Balmain ist eine raffinierte Damenuhr, die einen k\u00fchnen Stil mit einem modernen, von der Pariser Haute Couture inspirierten Design verbindet. Ihr silberfarbenes Zifferblatt mit Arabeskenmuster, Mondphasenanzeige und klassischen r\u00f6mischen Indizes verleiht ihr eine feminine Note. Das zweifarbige Geh\u00e4use aus Edelstahl und ros\u00e9goldfarbenem PVD mit einem Durchmesser von 33 mm, einem eleganten Profil von 8,15 mm und einem passenden Armband sorgt f\u00fcr Raffinesse im Alltag. Diese Swiss-Made-Uhr ist mit einem Saphirglas ausgestattet.<\/p>\n","protected":false},"excerpt":{"rendered":"<p>Die Be Balmain ist eine raffinierte Damenuhr, die einen k\u00fchnen Stil mit einem modernen, von der Pariser Haute Couture inspirierten Design verbindet. Ihr silberfarbenes Zifferblatt mit Arabeskenmuster, Mondphasenanzeige und klassischen r\u00f6mischen Indizes verleiht ihr eine feminine Note. Das zweifarbige Geh\u00e4use aus Edelstahl und ros\u00e9goldfarbenem PVD mit einem Durchmesser von 33 mm, einem eleganten Profil von &#8230; <a title=\"Balmain Be Balmain, Moonphase 33mm\" class=\"read-more\" href=\"https:\/\/lediamant.ch\/de\/uhren\/174417-balmain-be-balmain-moonphase-33mm-b45983312\/\" aria-label=\"Mehr Informationen \u00fcber Balmain Be Balmain, Moonphase 33mm\">Weiterlesen &#8230;<\/a><\/p>\n","protected":false},"featured_media":174415,"template":"","meta":{"_acf_changed":false,"_seopress_robots_primary_cat":"27173","_seopress_titles_title":"%%post_title%% %%sep%% %%sitetitle%%.ch","_seopress_titles_desc":"Entdecken Sie die Eleganz der Balmain Quarzuhr mit zweifarbigem Design, Mondphase und Saphirglas f\u00fcr zeitlosen Stil.","_seopress_robots_index":""},"brand":[27083],"product_brand":[],"product_cat":[27173,27405,27137,27123],"product_tag":[],"class_list":{"0":"post-174417","1":"product","2":"type-product","3":"status-publish","4":"has-post-thumbnail","6":"brand-balmain-de","7":"product_cat-balmain-de","8":"product_cat-be-balmain-de","9":"product_cat-bracelet-ajustable-de","10":"product_cat-uhren","11":"pa_couleurduboitier-zweifarbig-de","12":"pa_couleurdubracelet-bicolor","13":"pa_couleurducadran-silber","14":"pa_etancheite-50m-de","15":"pa_forme-runden","16":"pa_garantie-24monate","17":"pa_genre-frau","18":"pa_matiere-zweifarbigstahlrosegoldpvd","19":"pa_matierebraceletmontre-edelstahl","20":"pa_mouvement-quarzbatterie-de","21":"pa_swissmade-ja-de","22":"pa_typedemontre-uhrenmitmondanzeige","23":"pa_verre-saphir-de","24":"sales-flash-overlay","25":"woocommerce-text-align-center","26":"woocommerce-image-align-center","27":"do-quantity-buttons","29":"first","30":"instock","31":"taxable","32":"shipping-taxable","33":"purchasable","34":"product-type-simple"},"acf":[],"_links":{"self":[{"href":"https:\/\/lediamant.ch\/de\/wp-json\/wp\/v2\/product\/174417","targetHints":{"allow":["GET"]}}],"collection":[{"href":"https:\/\/lediamant.ch\/de\/wp-json\/wp\/v2\/product"}],"about":[{"href":"https:\/\/lediamant.ch\/de\/wp-json\/wp\/v2\/types\/product"}],"wp:featuredmedia":[{"embeddable":true,"href":"https:\/\/lediamant.ch\/de\/wp-json\/wp\/v2\/media\/174415"}],"wp:attachment":[{"href":"https:\/\/lediamant.ch\/de\/wp-json\/wp\/v2\/media?parent=174417"}],"wp:term":[{"taxonomy":"brand","embeddable":true,"href":"https:\/\/lediamant.ch\/de\/wp-json\/wp\/v2\/brand?post=174417"},{"taxonomy":"product_brand","embeddable":true,"href":"https:\/\/lediamant.ch\/de\/wp-json\/wp\/v2\/product_brand?post=174417"},{"taxonomy":"product_cat","embeddable":true,"href":"https:\/\/lediamant.ch\/de\/wp-json\/wp\/v2\/product_cat?post=174417"},{"taxonomy":"product_tag","embeddable":true,"href":"https:\/\/lediamant.ch\/de\/wp-json\/wp\/v2\/product_tag?post=174417"}],"curies":[{"name":"wp","href":"https:\/\/api.w.org\/{rel}","templated":true}]}}