{"id":174437,"date":"2023-05-17T15:42:02","date_gmt":"2023-05-17T13:42:02","guid":{"rendered":"https:\/\/lediamant.ch\/produit\/uhren-de\/hamilton-de\/khaki-navy-de\/hamilton-khaki-navy-frogman-auto-automatic-41mm\/"},"modified":"2026-03-25T17:21:02","modified_gmt":"2026-03-25T16:21:02","slug":"hamilton-khaki-navy-frogman-auto-automatisch-41mm","status":"publish","type":"product","link":"https:\/\/lediamant.ch\/de\/uhren\/174437-hamilton-khaki-navy-frogman-auto-automatic-41mm\/","title":{"rendered":"Hamilton Khaki Navy Frogman Auto 41mm"},"content":{"rendered":"<p>Die Khaki Navy Frogman Automatic zeichnet sich durch ihre technischen Leistungen und ihre einzigartige \u00c4sthetik aus. Das 41-mm-Edelstahlgeh\u00e4use hat eine verschraubte Krone, die mit einem robusten, br\u00fcckenf\u00f6rmigen Kronenschutz bedeckt ist, der die Uhr bis 30 bar (300 m) wasserdicht macht - eine Anspielung auf die urspr\u00fcngliche Frogman. Die Khaki Navy Frogman Automatic 41 mm hat ein dunkelgr\u00fcnes Zifferblatt mit Super-Luminova\u00ae-Leuchtmasse, die in jeder Situation f\u00fcr perfekte Ablesbarkeit sorgt, und ein schwarzes Kautschukarmband mit Wellenmuster, das an die Meeresoberfl\u00e4che erinnert. Funktional und leicht zu tragen, ist diese Uhr ein Held auf See und an Land.<\/p>\n","protected":false},"excerpt":{"rendered":"<p>Die Khaki Navy Frogman Automatic zeichnet sich durch ihre technischen Leistungen und ihre einzigartige \u00c4sthetik aus. Das 41-mm-Edelstahlgeh\u00e4use hat eine verschraubte Krone, die mit einem robusten, br\u00fcckenf\u00f6rmigen Kronenschutz bedeckt ist, der die Uhr bis 30 bar (300 m) wasserdicht macht - eine Anspielung auf die urspr\u00fcngliche Frogman. Die Khaki Navy Frogman Automatic 41 mm hat &#8230; <a title=\"Hamilton Khaki Navy Frogman Auto 41mm\" class=\"read-more\" href=\"https:\/\/lediamant.ch\/de\/uhren\/174437-hamilton-khaki-navy-frogman-auto-automatic-41mm\/\" aria-label=\"Mehr Informationen \u00fcber Hamilton Khaki Navy Frogman Auto 41mm\">Weiterlesen &#8230;<\/a><\/p>\n","protected":false},"featured_media":174423,"template":"","meta":{"_acf_changed":false,"_seopress_robots_primary_cat":"27181","_seopress_titles_title":"","_seopress_titles_desc":"","_seopress_robots_index":""},"brand":[27085],"product_brand":[],"product_cat":[27181,27305,27133,27123,27141],"product_tag":[],"class_list":{"0":"post-174437","1":"product","2":"type-product","3":"status-publish","4":"has-post-thumbnail","6":"brand-hamilton-de","7":"product_cat-hamilton-de","8":"product_cat-khaki-navy-de","9":"product_cat-sale","10":"product_cat-uhren","11":"product_cat-uhren-sale","12":"pa_couleurduboitier-grau-de","13":"pa_couleurdubracelet-schwarz-de","14":"pa_couleurducadran-grun","15":"pa_etancheite-300m-de","16":"pa_forme-runden","17":"pa_garantie-24monate","18":"pa_genre-mann","19":"pa_matiere-stahl","20":"pa_matierebraceletmontre-kautschuk","21":"pa_mouvement-automatik-de","22":"pa_swissmade-ja-de","23":"pa_typedemontre-taucheruhren","24":"pa_verre-saphir-de","25":"sales-flash-overlay","26":"woocommerce-text-align-center","27":"woocommerce-image-align-center","28":"do-quantity-buttons","30":"first","31":"instock","32":"sale","33":"taxable","34":"shipping-taxable","35":"purchasable","36":"product-type-simple"},"acf":[],"_links":{"self":[{"href":"https:\/\/lediamant.ch\/de\/wp-json\/wp\/v2\/product\/174437","targetHints":{"allow":["GET"]}}],"collection":[{"href":"https:\/\/lediamant.ch\/de\/wp-json\/wp\/v2\/product"}],"about":[{"href":"https:\/\/lediamant.ch\/de\/wp-json\/wp\/v2\/types\/product"}],"wp:featuredmedia":[{"embeddable":true,"href":"https:\/\/lediamant.ch\/de\/wp-json\/wp\/v2\/media\/174423"}],"wp:attachment":[{"href":"https:\/\/lediamant.ch\/de\/wp-json\/wp\/v2\/media?parent=174437"}],"wp:term":[{"taxonomy":"brand","embeddable":true,"href":"https:\/\/lediamant.ch\/de\/wp-json\/wp\/v2\/brand?post=174437"},{"taxonomy":"product_brand","embeddable":true,"href":"https:\/\/lediamant.ch\/de\/wp-json\/wp\/v2\/product_brand?post=174437"},{"taxonomy":"product_cat","embeddable":true,"href":"https:\/\/lediamant.ch\/de\/wp-json\/wp\/v2\/product_cat?post=174437"},{"taxonomy":"product_tag","embeddable":true,"href":"https:\/\/lediamant.ch\/de\/wp-json\/wp\/v2\/product_tag?post=174437"}],"curies":[{"name":"wp","href":"https:\/\/api.w.org\/{rel}","templated":true}]}}