{"id":174581,"date":"2023-05-24T13:58:55","date_gmt":"2023-05-24T11:58:55","guid":{"rendered":"https:\/\/lediamant.ch\/produit\/uhren-de\/aerowatch-de\/streamline-de\/aerowatch-streamline-lady-moon-phase-rose-leder-weiss\/"},"modified":"2023-07-19T08:20:46","modified_gmt":"2023-07-19T06:20:46","slug":"aerowatch-streamline-lady-moon-phase-rosa-weisses-leder","status":"publish","type":"product","link":"https:\/\/lediamant.ch\/de\/uhren\/174581-aerowatch-streamline-lady-moon-phase-rose-leder-weiss\/","title":{"rendered":"Aerowatch Streamline Lady Moon Phase Rose Leder wei\u00df"},"content":{"rendered":"<p>Ros\u00e9goldfarbenes PVD-beschichtetes Stahlgeh\u00e4use, gew\u00f6lbtes Saphirglas. Versilbertes, guillochiertes Zifferblatt mit arabischen Ziffern. Schweizer Quarzwerk. Stunden, Minuten, Sekunden und Mondphase bei 6 Uhr. Wei\u00dfes Lederarmband 20.00 mm, Dornschlie\u00dfe.<\/p>\n","protected":false},"excerpt":{"rendered":"<p>Ros\u00e9goldfarbenes PVD-beschichtetes Stahlgeh\u00e4use, gew\u00f6lbtes Saphirglas. Versilbertes, guillochiertes Zifferblatt mit arabischen Ziffern. Schweizer Quarzwerk. Stunden, Minuten, Sekunden und Mondphase bei 6 Uhr. Wei\u00dfes Lederarmband 20.00 mm, Dornschlie\u00dfe.<\/p>\n","protected":false},"featured_media":174577,"template":"","meta":{"_acf_changed":false,"_seopress_robots_primary_cat":"","_seopress_titles_title":"","_seopress_titles_desc":"","_seopress_robots_index":""},"brand":[27081],"product_brand":[],"product_cat":[27167,27303,27123],"product_tag":[],"class_list":{"0":"post-174581","1":"product","2":"type-product","3":"status-publish","4":"has-post-thumbnail","6":"brand-aerowatch-de","7":"product_cat-aerowatch-de","8":"product_cat-streamline-de","9":"product_cat-uhren","10":"pa_couleurduboitier-pinkrosa-de","11":"pa_couleurdubracelet-weiss-de","12":"pa_couleurducadran-silber","13":"pa_etancheite-50m-de","14":"pa_forme-fass-de","15":"pa_garantie-24monate","16":"pa_genre-frau","17":"pa_matiere-rosegoldpvd","18":"pa_matierebraceletmontre-leder","19":"pa_mouvement-quarzbatterie-de","20":"pa_swissmade-ja-de","21":"pa_typedemontre-uhrenmitmondanzeige","22":"pa_verre-saphir-de","23":"sales-flash-overlay","24":"woocommerce-text-align-center","25":"woocommerce-image-align-center","26":"do-quantity-buttons","28":"first","29":"instock","30":"taxable","31":"shipping-taxable","32":"purchasable","33":"product-type-simple"},"acf":[],"_links":{"self":[{"href":"https:\/\/lediamant.ch\/de\/wp-json\/wp\/v2\/product\/174581","targetHints":{"allow":["GET"]}}],"collection":[{"href":"https:\/\/lediamant.ch\/de\/wp-json\/wp\/v2\/product"}],"about":[{"href":"https:\/\/lediamant.ch\/de\/wp-json\/wp\/v2\/types\/product"}],"wp:featuredmedia":[{"embeddable":true,"href":"https:\/\/lediamant.ch\/de\/wp-json\/wp\/v2\/media\/174577"}],"wp:attachment":[{"href":"https:\/\/lediamant.ch\/de\/wp-json\/wp\/v2\/media?parent=174581"}],"wp:term":[{"taxonomy":"brand","embeddable":true,"href":"https:\/\/lediamant.ch\/de\/wp-json\/wp\/v2\/brand?post=174581"},{"taxonomy":"product_brand","embeddable":true,"href":"https:\/\/lediamant.ch\/de\/wp-json\/wp\/v2\/product_brand?post=174581"},{"taxonomy":"product_cat","embeddable":true,"href":"https:\/\/lediamant.ch\/de\/wp-json\/wp\/v2\/product_cat?post=174581"},{"taxonomy":"product_tag","embeddable":true,"href":"https:\/\/lediamant.ch\/de\/wp-json\/wp\/v2\/product_tag?post=174581"}],"curies":[{"name":"wp","href":"https:\/\/api.w.org\/{rel}","templated":true}]}}