{"id":174623,"date":"2023-05-24T16:32:29","date_gmt":"2023-05-24T14:32:29","guid":{"rendered":"https:\/\/lediamant.ch\/produit\/uhren-de\/aerowatch-de\/intuition-de\/aerowatch-intuition-classic-lady-quarz-diamonds-stahlband\/"},"modified":"2023-12-06T14:04:19","modified_gmt":"2023-12-06T13:04:19","slug":"aerowatch-intuition-classic-lady-quartz-diamanten-armband-stahl","status":"publish","type":"product","link":"https:\/\/lediamant.ch\/de\/uhren\/174623-aerowatch-intuition-classic-lady-quarz-diamonds-stahlband\/","title":{"rendered":"Aerowatch, Intuition Classic, Lady, Quarz, Diamanten, Stahlarmband"},"content":{"rendered":"<p>Stahlgeh\u00e4use mit 30 SI-Diamanten, 0,70 ct, Saphirglas. Versilbertes, guillochiertes Zifferblatt mit r\u00f6mischen Ziffern. Schweizer Quarzwerk. Stunden, Minuten, Sekunden und Datum bei 6 Uhr. Stahlarmband mit Faltschlie\u00dfe.<\/p>\n","protected":false},"excerpt":{"rendered":"<p>Stahlgeh\u00e4use mit 30 SI-Diamanten, 0,70 ct, Saphirglas. Versilbertes, guillochiertes Zifferblatt mit r\u00f6mischen Ziffern. Schweizer Quarzwerk. Stunden, Minuten, Sekunden und Datum bei 6 Uhr. Stahlarmband mit Faltschlie\u00dfe.<\/p>\n","protected":false},"featured_media":174619,"template":"","meta":{"_acf_changed":false,"_seopress_robots_primary_cat":"","_seopress_titles_title":"","_seopress_titles_desc":"","_seopress_robots_index":""},"brand":[27081],"product_brand":[],"product_cat":[27167,27267,27123],"product_tag":[],"class_list":{"0":"post-174623","1":"product","2":"type-product","3":"status-publish","4":"has-post-thumbnail","6":"brand-aerowatch-de","7":"product_cat-aerowatch-de","8":"product_cat-intuition-de","9":"product_cat-uhren","10":"pa_couleurduboitier-grau-de","11":"pa_couleurducadran-silber","12":"pa_etancheite-50m-de","13":"pa_forme-rechteckig-de","14":"pa_garantie-24monate","15":"pa_genre-frau","16":"pa_matiere-stahl","17":"pa_matierebraceletmontre-edelstahl","18":"pa_mouvement-quarzbatterie-de","19":"pa_swissmade-ja-de","20":"pa_typedemontre-uhrenmitdiamanten","21":"pa_verre-saphir-de","22":"sales-flash-overlay","23":"woocommerce-text-align-center","24":"woocommerce-image-align-center","25":"do-quantity-buttons","27":"first","28":"instock","29":"taxable","30":"shipping-taxable","31":"purchasable","32":"product-type-simple"},"acf":[],"_links":{"self":[{"href":"https:\/\/lediamant.ch\/de\/wp-json\/wp\/v2\/product\/174623","targetHints":{"allow":["GET"]}}],"collection":[{"href":"https:\/\/lediamant.ch\/de\/wp-json\/wp\/v2\/product"}],"about":[{"href":"https:\/\/lediamant.ch\/de\/wp-json\/wp\/v2\/types\/product"}],"wp:featuredmedia":[{"embeddable":true,"href":"https:\/\/lediamant.ch\/de\/wp-json\/wp\/v2\/media\/174619"}],"wp:attachment":[{"href":"https:\/\/lediamant.ch\/de\/wp-json\/wp\/v2\/media?parent=174623"}],"wp:term":[{"taxonomy":"brand","embeddable":true,"href":"https:\/\/lediamant.ch\/de\/wp-json\/wp\/v2\/brand?post=174623"},{"taxonomy":"product_brand","embeddable":true,"href":"https:\/\/lediamant.ch\/de\/wp-json\/wp\/v2\/product_brand?post=174623"},{"taxonomy":"product_cat","embeddable":true,"href":"https:\/\/lediamant.ch\/de\/wp-json\/wp\/v2\/product_cat?post=174623"},{"taxonomy":"product_tag","embeddable":true,"href":"https:\/\/lediamant.ch\/de\/wp-json\/wp\/v2\/product_tag?post=174623"}],"curies":[{"name":"wp","href":"https:\/\/api.w.org\/{rel}","templated":true}]}}