{"id":174635,"date":"2023-05-24T17:26:40","date_gmt":"2023-05-24T15:26:40","guid":{"rendered":"https:\/\/lediamant.ch\/produit\/uhren-de\/aerowatch-de\/les-grandes-classiques-de\/aerowatch-les-grandes-classiques-chrono-silver-moon-phase-grau\/"},"modified":"2023-07-19T08:25:30","modified_gmt":"2023-07-19T06:25:30","slug":"aerowatch-les-grandes-classiques-chrono-silber-moon-phase-grau","status":"publish","type":"product","link":"https:\/\/lediamant.ch\/de\/uhren\/174635-aerowatch-les-grandes-classiques-chrono-silver-moon-phase-grau\/","title":{"rendered":"Aerowatch Les Grandes Classiques Chrono Argent\u00e9 Moon Phase Gris"},"content":{"rendered":"<p>Geh\u00e4use aus poliertem Stahl, Saphirglas. Silbernes Zifferblatt, r\u00f6mische Ziffern, 2 Z\u00e4hler. Schweizer Quarzwerk. Stunden, Minuten, Sekunden, Chronograph, Mondphase bei 2 Uhr und Datum bei 4 Uhr. Lederarmband mit Dornschlie\u00dfe.<\/p>\n","protected":false},"excerpt":{"rendered":"<p>Geh\u00e4use aus poliertem Stahl, Saphirglas. Silbernes Zifferblatt, r\u00f6mische Ziffern, 2 Z\u00e4hler. Schweizer Quarzwerk. Stunden, Minuten, Sekunden, Chronograph, Mondphase bei 2 Uhr und Datum bei 4 Uhr. Lederarmband mit Dornschlie\u00dfe.<\/p>\n","protected":false},"featured_media":174631,"template":"","meta":{"_acf_changed":false,"_seopress_robots_primary_cat":"","_seopress_titles_title":"","_seopress_titles_desc":"","_seopress_robots_index":""},"brand":[27081],"product_brand":[],"product_cat":[27167,27289,27123],"product_tag":[],"class_list":{"0":"post-174635","1":"product","2":"type-product","3":"status-publish","4":"has-post-thumbnail","6":"brand-aerowatch-de","7":"product_cat-aerowatch-de","8":"product_cat-les-grandes-classiques-de","9":"product_cat-uhren","10":"pa_couleurduboitier-grau-de","11":"pa_couleurdubracelet-grau-de","12":"pa_couleurducadran-silber","13":"pa_etancheite-50m-de","14":"pa_forme-runden","15":"pa_garantie-24monate","16":"pa_genre-mann","17":"pa_matiere-stahl","18":"pa_matierebraceletmontre-leder","19":"pa_mouvement-quarzbatterie-de","20":"pa_swissmade-ja-de","21":"pa_typedemontre-uhrenmitmondanzeige","22":"pa_verre-saphir-de","23":"sales-flash-overlay","24":"woocommerce-text-align-center","25":"woocommerce-image-align-center","26":"do-quantity-buttons","28":"first","29":"instock","30":"taxable","31":"shipping-taxable","32":"purchasable","33":"product-type-simple"},"acf":[],"_links":{"self":[{"href":"https:\/\/lediamant.ch\/de\/wp-json\/wp\/v2\/product\/174635","targetHints":{"allow":["GET"]}}],"collection":[{"href":"https:\/\/lediamant.ch\/de\/wp-json\/wp\/v2\/product"}],"about":[{"href":"https:\/\/lediamant.ch\/de\/wp-json\/wp\/v2\/types\/product"}],"wp:featuredmedia":[{"embeddable":true,"href":"https:\/\/lediamant.ch\/de\/wp-json\/wp\/v2\/media\/174631"}],"wp:attachment":[{"href":"https:\/\/lediamant.ch\/de\/wp-json\/wp\/v2\/media?parent=174635"}],"wp:term":[{"taxonomy":"brand","embeddable":true,"href":"https:\/\/lediamant.ch\/de\/wp-json\/wp\/v2\/brand?post=174635"},{"taxonomy":"product_brand","embeddable":true,"href":"https:\/\/lediamant.ch\/de\/wp-json\/wp\/v2\/product_brand?post=174635"},{"taxonomy":"product_cat","embeddable":true,"href":"https:\/\/lediamant.ch\/de\/wp-json\/wp\/v2\/product_cat?post=174635"},{"taxonomy":"product_tag","embeddable":true,"href":"https:\/\/lediamant.ch\/de\/wp-json\/wp\/v2\/product_tag?post=174635"}],"curies":[{"name":"wp","href":"https:\/\/api.w.org\/{rel}","templated":true}]}}