{"id":174641,"date":"2023-05-24T17:36:00","date_gmt":"2023-05-24T15:36:00","guid":{"rendered":"https:\/\/lediamant.ch\/produit\/uhren-de\/aerowatch-de\/les-grandes-classiques-de\/aerowatch-les-grandes-classiques-chrono-silver-moon-phase-stahlband\/"},"modified":"2023-07-19T08:15:00","modified_gmt":"2023-07-19T06:15:00","slug":"aerowatch-les-grandes-classiques-chrono-silber-moon-phase-stahl","status":"publish","type":"product","link":"https:\/\/lediamant.ch\/de\/uhren\/174641-aerowatch-les-grandes-classiques-chrono-silver-moon-phase-stahlband\/","title":{"rendered":"Aerowatch Les Grandes Classiques Chrono Silber Moon Phase Stahl"},"content":{"rendered":"<p>Geh\u00e4use aus poliertem Stahl, Saphirglas. Silbernes Zifferblatt, r\u00f6mische Ziffern, 2 Z\u00e4hler. Schweizer Quarzwerk. Stunden, Minuten, Sekunden, Chronograph, Mondphase bei 2 Uhr und Datum bei 4 Uhr. Stahlarmband mit Faltschlie\u00dfe.<\/p>\n","protected":false},"excerpt":{"rendered":"<p>Geh\u00e4use aus poliertem Stahl, Saphirglas. Silbernes Zifferblatt, r\u00f6mische Ziffern, 2 Z\u00e4hler. Schweizer Quarzwerk. Stunden, Minuten, Sekunden, Chronograph, Mondphase bei 2 Uhr und Datum bei 4 Uhr. Stahlarmband mit Faltschlie\u00dfe.<\/p>\n","protected":false},"featured_media":174637,"template":"","meta":{"_acf_changed":false,"_seopress_robots_primary_cat":"","_seopress_titles_title":"","_seopress_titles_desc":"","_seopress_robots_index":""},"brand":[27081],"product_brand":[],"product_cat":[27167,27137,27289,27123],"product_tag":[],"class_list":{"0":"post-174641","1":"product","2":"type-product","3":"status-publish","4":"has-post-thumbnail","6":"brand-aerowatch-de","7":"product_cat-aerowatch-de","8":"product_cat-bracelet-ajustable-de","9":"product_cat-les-grandes-classiques-de","10":"product_cat-uhren","11":"pa_couleurduboitier-grau-de","12":"pa_couleurducadran-silber","13":"pa_etancheite-50m-de","14":"pa_forme-runden","15":"pa_garantie-24monate","16":"pa_genre-mann","17":"pa_matiere-stahl","18":"pa_matierebraceletmontre-edelstahl","19":"pa_mouvement-quarzbatterie-de","20":"pa_swissmade-ja-de","21":"pa_typedemontre-chronograph-de","22":"pa_typedemontre-uhrenmitmondanzeige","23":"pa_verre-saphir-de","24":"sales-flash-overlay","25":"woocommerce-text-align-center","26":"woocommerce-image-align-center","27":"do-quantity-buttons","29":"first","30":"instock","31":"taxable","32":"shipping-taxable","33":"purchasable","34":"product-type-simple"},"acf":[],"_links":{"self":[{"href":"https:\/\/lediamant.ch\/de\/wp-json\/wp\/v2\/product\/174641","targetHints":{"allow":["GET"]}}],"collection":[{"href":"https:\/\/lediamant.ch\/de\/wp-json\/wp\/v2\/product"}],"about":[{"href":"https:\/\/lediamant.ch\/de\/wp-json\/wp\/v2\/types\/product"}],"wp:featuredmedia":[{"embeddable":true,"href":"https:\/\/lediamant.ch\/de\/wp-json\/wp\/v2\/media\/174637"}],"wp:attachment":[{"href":"https:\/\/lediamant.ch\/de\/wp-json\/wp\/v2\/media?parent=174641"}],"wp:term":[{"taxonomy":"brand","embeddable":true,"href":"https:\/\/lediamant.ch\/de\/wp-json\/wp\/v2\/brand?post=174641"},{"taxonomy":"product_brand","embeddable":true,"href":"https:\/\/lediamant.ch\/de\/wp-json\/wp\/v2\/product_brand?post=174641"},{"taxonomy":"product_cat","embeddable":true,"href":"https:\/\/lediamant.ch\/de\/wp-json\/wp\/v2\/product_cat?post=174641"},{"taxonomy":"product_tag","embeddable":true,"href":"https:\/\/lediamant.ch\/de\/wp-json\/wp\/v2\/product_tag?post=174641"}],"curies":[{"name":"wp","href":"https:\/\/api.w.org\/{rel}","templated":true}]}}