{"id":174647,"date":"2023-05-24T17:40:38","date_gmt":"2023-05-24T15:40:38","guid":{"rendered":"https:\/\/lediamant.ch\/produit\/uhren-de\/aerowatch-de\/les-grandes-classiques-de\/aerowatch-les-grandes-classiques-chrono-moon-phase-rose\/"},"modified":"2025-10-10T16:34:59","modified_gmt":"2025-10-10T14:34:59","slug":"aerowatch-les-grandes-classiques-chrono-moon-phase-rose","status":"publish","type":"product","link":"https:\/\/lediamant.ch\/de\/uhren\/174647-aerowatch-les-grandes-classiques-chrono-moon-phase-rose-a-78990-ro03\/","title":{"rendered":"Aerowatch Les Grandes Classiques Chrono Moon Phase Ros\u00e9"},"content":{"rendered":"<p>Die Aerowatch Grandes Classiques Chrono Moon Phase vereint auf elegante Weise traditionelle Uhren\u00e4sthetik mit einer raffinierten Funktion: der Mondphasenanzeige. Das 42 mm gro\u00dfe Geh\u00e4use aus ros\u00e9goldfarbenem PVD-beschichtetem Stahl unterstreicht die Eleganz des Modells, w\u00e4hrend das silberne Zifferblatt mit Sonnenschliff eine beruhigende Tiefe ausstrahlt.<\/p>\n<p>Die Anordnung der Chronographenelemente, einschlie\u00dflich des Datums, der kleinen Sekunde und der Z\u00e4hler, wurde so konzipiert, dass die Harmonie und die visuelle Integration maximiert werden. Die Mondphasenanzeige bei 3 Uhr ist nicht nur eine technische Meisterleistung, sie erinnert auch an den Rhythmus der Natur und verleiht der Uhr eine fast meditative Dimension. Jede Nacht enth\u00fcllt er das sich ver\u00e4ndernde Gesicht des Mondes.<\/p>\n<p>Das entspiegelte Saphirglas ist ein gro\u00dfer Vorteil f\u00fcr unser Produkt. Es bietet einen optimalen Schutz f\u00fcr das Zifferblatt und garantiert eine einwandfreie Ablesbarkeit. Diese Uhr ist mit einer Wasserdichtigkeit von 5 ATM ausgestattet und garantiert somit eine optimale Zuverl\u00e4ssigkeit f\u00fcr Ihren t\u00e4glichen Bedarf.<\/p>\n<p>Die Grandes Classiques Chrono Moon Phase ist ein au\u00dfergew\u00f6hnliches Produkt, das eine diskrete Eleganz verk\u00f6rpert, eine Eleganz, die nicht versucht, aufzufallen - aber einen bleibenden Eindruck hinterl\u00e4sst.<\/p>\n","protected":false},"excerpt":{"rendered":"<p>Die Aerowatch Grandes Classiques Chrono Moon Phase vereint auf elegante Weise traditionelle Uhren\u00e4sthetik mit einer raffinierten Funktion: der Mondphasenanzeige. Das 42 mm gro\u00dfe Geh\u00e4use aus ros\u00e9goldfarbenem PVD-beschichtetem Stahl unterstreicht die Eleganz des Modells, w\u00e4hrend das silberne Zifferblatt mit Sonnenschliff eine beruhigende Tiefe ausstrahlt. Die Anordnung der Chronographenelemente, einschlie\u00dflich des Datums, der kleinen Sekunde und der &#8230; <a title=\"Aerowatch Les Grandes Classiques Chrono Moon Phase Ros\u00e9\" class=\"read-more\" href=\"https:\/\/lediamant.ch\/de\/uhren\/174647-aerowatch-les-grandes-classiques-chrono-moon-phase-rose-a-78990-ro03\/\" aria-label=\"Mehr Informationen \u00fcber Aerowatch Les Grandes Classiques Chrono Moon Phase Ros\u00e9\">Weiterlesen &#8230;<\/a><\/p>\n","protected":false},"featured_media":174643,"template":"","meta":{"_acf_changed":false,"_seopress_robots_primary_cat":"27167","_seopress_titles_title":"%%post_title%%","_seopress_titles_desc":"Zeitlose Eleganz mit ros\u00e9goldfarbenem PVD-beschichtetem Stahlgeh\u00e4use, silbernem Zifferblatt, Schweizer Quarzwerk und Lederarmband. Entdecken Sie mehr!","_seopress_robots_index":""},"brand":[27081],"product_brand":[],"product_cat":[27167,27289,27123],"product_tag":[],"class_list":{"0":"post-174647","1":"product","2":"type-product","3":"status-publish","4":"has-post-thumbnail","6":"brand-aerowatch-de","7":"product_cat-aerowatch-de","8":"product_cat-les-grandes-classiques-de","9":"product_cat-uhren","10":"pa_dimensions-o-42-00mm","11":"pa_garantie-24monate","12":"pa_verre-saphir-de","13":"sales-flash-overlay","14":"woocommerce-text-align-center","15":"woocommerce-image-align-center","16":"do-quantity-buttons","18":"first","19":"instock","20":"taxable","21":"shipping-taxable","22":"purchasable","23":"product-type-simple"},"acf":[],"_links":{"self":[{"href":"https:\/\/lediamant.ch\/de\/wp-json\/wp\/v2\/product\/174647","targetHints":{"allow":["GET"]}}],"collection":[{"href":"https:\/\/lediamant.ch\/de\/wp-json\/wp\/v2\/product"}],"about":[{"href":"https:\/\/lediamant.ch\/de\/wp-json\/wp\/v2\/types\/product"}],"wp:featuredmedia":[{"embeddable":true,"href":"https:\/\/lediamant.ch\/de\/wp-json\/wp\/v2\/media\/174643"}],"wp:attachment":[{"href":"https:\/\/lediamant.ch\/de\/wp-json\/wp\/v2\/media?parent=174647"}],"wp:term":[{"taxonomy":"brand","embeddable":true,"href":"https:\/\/lediamant.ch\/de\/wp-json\/wp\/v2\/brand?post=174647"},{"taxonomy":"product_brand","embeddable":true,"href":"https:\/\/lediamant.ch\/de\/wp-json\/wp\/v2\/product_brand?post=174647"},{"taxonomy":"product_cat","embeddable":true,"href":"https:\/\/lediamant.ch\/de\/wp-json\/wp\/v2\/product_cat?post=174647"},{"taxonomy":"product_tag","embeddable":true,"href":"https:\/\/lediamant.ch\/de\/wp-json\/wp\/v2\/product_tag?post=174647"}],"curies":[{"name":"wp","href":"https:\/\/api.w.org\/{rel}","templated":true}]}}