{"id":174719,"date":"2023-07-11T14:16:44","date_gmt":"2023-07-11T12:16:44","guid":{"rendered":"https:\/\/lediamant.ch\/?post_type=product&#038;p=174719"},"modified":"2024-12-13T16:28:23","modified_gmt":"2024-12-13T15:28:23","slug":"maurice-lacroix-aikon-auto-ladies-39mm-turkis-indexes-kautschuk-stahl","status":"publish","type":"product","link":"https:\/\/lediamant.ch\/de\/uhren\/174719-maurice-lacroix-aikon-auto-ladies-39mm-tuerkis-indexe-stahl-kautschuk-ai6007ss00f431c\/","title":{"rendered":"Maurice Lacroix AIKON Automatic 39mm Stahl\/Kautschuk"},"content":{"rendered":"<p>Zwei Jahre nach der Einf\u00fchrung der AIKON Quartz enth\u00fcllt dieses historische Modell einen neuen, noch moderneren Look in Verbindung mit einem Uhrwerk mit automatischem Aufzug: die AIKON Automatique. Die Uhrenmarke Maurice Lacroix, die f\u00fcr ihre Designkreationen und Innovationen ber\u00fchmt ist, hat die AIKON neu erfunden, mit Ausf\u00fchrungen, die allen Codes des Luxus entsprechen.<\/p>\n","protected":false},"excerpt":{"rendered":"<p>Zwei Jahre nach der Einf\u00fchrung der AIKON Quartz enth\u00fcllt dieses historische Modell einen neuen, noch moderneren Look in Verbindung mit einem Uhrwerk mit automatischem Aufzug: die AIKON Automatique. Die Uhrenmarke Maurice Lacroix, die f\u00fcr ihre Designkreationen und Innovationen ber\u00fchmt ist, hat die AIKON neu erfunden, mit Ausf\u00fchrungen, die allen Codes des Luxus entsprechen.<\/p>\n","protected":false},"featured_media":185064,"template":"","meta":{"_acf_changed":false,"_seopress_robots_primary_cat":"27149","_seopress_titles_title":"%%post_title%%","_seopress_titles_desc":"Erleben Sie die Eleganz der AIKON Automatique, eine Synthese aus modernem Design und innovativem Automatikuhrwerk. Perfekt f\u00fcr Luxusuhrenliebhaber.","_seopress_robots_index":""},"brand":[27103],"product_brand":[],"product_cat":[27205,27149,27123],"product_tag":[],"class_list":{"0":"post-174719","1":"product","2":"type-product","3":"status-publish","4":"has-post-thumbnail","6":"brand-mauricelacroix-de","7":"product_cat-aikon-de","8":"product_cat-maurice-lacroix-de","9":"product_cat-uhren","10":"pa_couleurduboitier-grau-de","11":"pa_couleurducadran-blau","12":"pa_etancheite-200m-de","13":"pa_forme-runden","14":"pa_garantie-24monate","15":"pa_genre-frau","16":"pa_genre-mann","17":"pa_limitededition-888-exemplare-weltweit","18":"pa_matiere-stahl","19":"pa_matierebraceletmontre-edelstahl","20":"pa_matierebraceletmontre-kautschuk","21":"pa_mouvement-automatik-de","22":"pa_swissmade-ja-de","23":"pa_verre-saphir-de","24":"sales-flash-overlay","25":"woocommerce-text-align-center","26":"woocommerce-image-align-center","27":"do-quantity-buttons","29":"first","30":"instock","31":"taxable","32":"shipping-taxable","33":"purchasable","34":"product-type-simple"},"acf":[],"_links":{"self":[{"href":"https:\/\/lediamant.ch\/de\/wp-json\/wp\/v2\/product\/174719","targetHints":{"allow":["GET"]}}],"collection":[{"href":"https:\/\/lediamant.ch\/de\/wp-json\/wp\/v2\/product"}],"about":[{"href":"https:\/\/lediamant.ch\/de\/wp-json\/wp\/v2\/types\/product"}],"wp:featuredmedia":[{"embeddable":true,"href":"https:\/\/lediamant.ch\/de\/wp-json\/wp\/v2\/media\/185064"}],"wp:attachment":[{"href":"https:\/\/lediamant.ch\/de\/wp-json\/wp\/v2\/media?parent=174719"}],"wp:term":[{"taxonomy":"brand","embeddable":true,"href":"https:\/\/lediamant.ch\/de\/wp-json\/wp\/v2\/brand?post=174719"},{"taxonomy":"product_brand","embeddable":true,"href":"https:\/\/lediamant.ch\/de\/wp-json\/wp\/v2\/product_brand?post=174719"},{"taxonomy":"product_cat","embeddable":true,"href":"https:\/\/lediamant.ch\/de\/wp-json\/wp\/v2\/product_cat?post=174719"},{"taxonomy":"product_tag","embeddable":true,"href":"https:\/\/lediamant.ch\/de\/wp-json\/wp\/v2\/product_tag?post=174719"}],"curies":[{"name":"wp","href":"https:\/\/api.w.org\/{rel}","templated":true}]}}