{"id":174779,"date":"2023-05-26T09:23:49","date_gmt":"2023-05-26T07:23:49","guid":{"rendered":"https:\/\/lediamant.ch\/produit\/geschenkideen-de\/valentinstag-de\/auswahl-fuer-ihn-de\/maurice-lacroix-pontos-s-plongeur-42mm-weiss\/"},"modified":"2025-11-12T17:00:17","modified_gmt":"2025-11-12T16:00:17","slug":"maurice-lacroix-pontos-s-plongeur-42mm-weiss","status":"publish","type":"product","link":"https:\/\/lediamant.ch\/de\/uhren\/174779-maurice-lacroix-pontos-s-plongeur-42mm-weiss-pt6248-ss00l-130-4\/","title":{"rendered":"Maurice Lacroix PONTOS S Diver 42mm"},"content":{"rendered":"<p>Obwohl dieses Modell neu ist, folgt es der gleichen bew\u00e4hrten Designsprache und setzt die Vorliebe der Marke f\u00fcr einen urban inspirierten Stil fort. Dar\u00fcber hinaus wird die neue PONTOS S Diver, wie andere Kreationen von Maurice Lacroix, fachm\u00e4nnisch in der Schweizer Manufaktur des Unternehmens hergestellt und bietet einen hohen wahrgenommenen Wert: Maurice Lacroix ist der Meinung, dass sich manche Dinge nie \u00e4ndern sollten!<\/p>\n<p>Die in einem 42-mm-Geh\u00e4use untergebrachte Uhr ist wahlweise in Edelstahl oder - zum ersten Mal - in Bronze erh\u00e4ltlich. Die Stunden- und Minutenzeiger sind facettiert und mit Super-LumiNova\u00ae unterlegt. Au\u00dferdem ist der Minutenzeiger mit einer farbigen Umrandung versehen. Die Stunden werden durch aufgesetzte Indizes angezeigt und wiederum durch eine Leuchtbeschichtung verdoppelt. Zu den subtilen \u00c4nderungen am urspr\u00fcnglichen Design des Zifferblatts geh\u00f6rt, dass die Indizes und Minutenmarkierungen sch\u00e4rfer und sichtbarer gestaltet wurden. Ebenso ist das Datum von einem erhabenen Rand eingerahmt, wodurch es sich vom Rest des Zifferblatts abhebt. Jedes Detail wurde optimiert, um eine un\u00fcbertroffene Lesbarkeit zu bieten.<\/p>\n<p>Eine spezielle Krone bei 2 Uhr erm\u00f6glicht es dem Tr\u00e4ger, die interne Drehl\u00fcnette zu verstellen. Mit einer Z\u00e4hlskala ausgestattet, ist die Drehl\u00fcnette ein n\u00fctzliches Mittel, um die unter Wasser verbrachte Zeit zu messen. Die Uhr verf\u00fcgt au\u00dferdem \u00fcber einen zentralen Sekundenzeiger und eine Datumsanzeige bei 6 Uhr. Eine zweite Krone bei 3 Uhr reguliert die verschiedenen Anzeigen und kann auch zum manuellen Aufziehen des Uhrwerks verwendet werden.<\/p>\n","protected":false},"excerpt":{"rendered":"<p>Obwohl dieses Modell neu ist, folgt es der gleichen bew\u00e4hrten Designsprache und setzt die Vorliebe der Marke f\u00fcr einen urban inspirierten Stil fort. Dar\u00fcber hinaus wird die neue PONTOS S Diver, wie andere Kreationen von Maurice Lacroix, fachm\u00e4nnisch in der Schweizer Manufaktur des Unternehmens hergestellt und bietet einen hohen wahrgenommenen Wert: Maurice Lacroix ist der &#8230; <a title=\"Maurice Lacroix PONTOS S Diver 42mm\" class=\"read-more\" href=\"https:\/\/lediamant.ch\/de\/uhren\/174779-maurice-lacroix-pontos-s-plongeur-42mm-weiss-pt6248-ss00l-130-4\/\" aria-label=\"Mehr Informationen \u00fcber Maurice Lacroix PONTOS S Diver 42mm\">Weiterlesen &#8230;<\/a><\/p>\n","protected":false},"featured_media":222990,"template":"","meta":{"_acf_changed":false,"_seopress_robots_primary_cat":"27149","_seopress_titles_title":"","_seopress_titles_desc":"","_seopress_robots_index":""},"brand":[27103],"product_brand":[],"product_cat":[27149,27339,27123],"product_tag":[],"class_list":{"0":"post-174779","1":"product","2":"type-product","3":"status-publish","4":"has-post-thumbnail","6":"brand-mauricelacroix-de","7":"product_cat-maurice-lacroix-de","8":"product_cat-pontos-de","9":"product_cat-uhren","10":"pa_couleurduboitier-grau-de","11":"pa_couleurdubracelet-blau-de","12":"pa_couleurducadran-weiss","13":"pa_etancheite-300m-de","14":"pa_forme-runden","15":"pa_garantie-24monate","16":"pa_genre-mann","17":"pa_matiere-stahl","18":"pa_matierebraceletmontre-kautschuk","19":"pa_matierebraceletmontre-leder","20":"pa_mouvement-automatik-de","21":"pa_swissmade-ja-de","22":"pa_verre-saphir-de","23":"sales-flash-overlay","24":"woocommerce-text-align-center","25":"woocommerce-image-align-center","26":"do-quantity-buttons","28":"first","29":"instock","30":"taxable","31":"shipping-taxable","32":"purchasable","33":"product-type-simple"},"acf":[],"_links":{"self":[{"href":"https:\/\/lediamant.ch\/de\/wp-json\/wp\/v2\/product\/174779","targetHints":{"allow":["GET"]}}],"collection":[{"href":"https:\/\/lediamant.ch\/de\/wp-json\/wp\/v2\/product"}],"about":[{"href":"https:\/\/lediamant.ch\/de\/wp-json\/wp\/v2\/types\/product"}],"wp:featuredmedia":[{"embeddable":true,"href":"https:\/\/lediamant.ch\/de\/wp-json\/wp\/v2\/media\/222990"}],"wp:attachment":[{"href":"https:\/\/lediamant.ch\/de\/wp-json\/wp\/v2\/media?parent=174779"}],"wp:term":[{"taxonomy":"brand","embeddable":true,"href":"https:\/\/lediamant.ch\/de\/wp-json\/wp\/v2\/brand?post=174779"},{"taxonomy":"product_brand","embeddable":true,"href":"https:\/\/lediamant.ch\/de\/wp-json\/wp\/v2\/product_brand?post=174779"},{"taxonomy":"product_cat","embeddable":true,"href":"https:\/\/lediamant.ch\/de\/wp-json\/wp\/v2\/product_cat?post=174779"},{"taxonomy":"product_tag","embeddable":true,"href":"https:\/\/lediamant.ch\/de\/wp-json\/wp\/v2\/product_tag?post=174779"}],"curies":[{"name":"wp","href":"https:\/\/api.w.org\/{rel}","templated":true}]}}