{"id":182534,"date":"2023-08-29T14:43:02","date_gmt":"2023-08-29T12:43:02","guid":{"rendered":"https:\/\/lediamant.ch\/?post_type=product&#038;p=182534"},"modified":"2024-12-19T15:04:03","modified_gmt":"2024-12-19T14:04:03","slug":"hamilton-khaki-field-auto-titanium-pvd-schwarz-automatische-schwarze-wimpel-38mm","status":"publish","type":"product","link":"https:\/\/lediamant.ch\/de\/uhren\/182534-hamilton-khaki-field-auto-titanium-pvd-schwarz-38mm-h70665130\/","title":{"rendered":"Hamilton Khaki Field Auto Titanium PVD Black 42mm"},"content":{"rendered":"<p>Mit einem schwarz PVD-beschichteten Titangeh\u00e4use und einem passenden Armband ist die Khaki Field Titanium 42 mm eine vielseitige Uhr, die zu allen Anl\u00e4ssen getragen werden kann. Das ultraleicht ablesbare schwarze Zifferblatt wird Ihnen bei allen Abenteuern den Weg weisen, w\u00e4hrend das sandgestrahlte Armband, das von Charakter und Robustheit gepr\u00e4gt ist, das milit\u00e4rische Design der Uhr unterstreicht. Mit einer Mischung aus Stil, Leichtigkeit und Funktionalit\u00e4t wird der Khaki Field Titanium ein treuer Begleiter auf Ihrer Suche nach neuen Erfahrungen sein.<\/p>\n","protected":false},"excerpt":{"rendered":"<p>Mit einem schwarz PVD-beschichteten Titangeh\u00e4use und einem passenden Armband ist die Khaki Field Titanium 42 mm eine vielseitige Uhr, die zu allen Anl\u00e4ssen getragen werden kann. Das ultraleicht ablesbare schwarze Zifferblatt wird Ihnen bei allen Abenteuern den Weg weisen, w\u00e4hrend das sandgestrahlte Armband, das von Charakter und Robustheit gepr\u00e4gt ist, das milit\u00e4rische Design der Uhr &#8230; <a title=\"Hamilton Khaki Field Auto Titanium PVD Black 42mm\" class=\"read-more\" href=\"https:\/\/lediamant.ch\/de\/uhren\/182534-hamilton-khaki-field-auto-titanium-pvd-schwarz-38mm-h70665130\/\" aria-label=\"Mehr Informationen \u00fcber Hamilton Khaki Field Auto Titanium PVD Black 42mm\">Weiterlesen &#8230;<\/a><\/p>\n","protected":false},"featured_media":183645,"template":"","meta":{"_acf_changed":false,"_seopress_robots_primary_cat":"27181","_seopress_titles_title":"","_seopress_titles_desc":"","_seopress_robots_index":""},"brand":[27085],"product_brand":[],"product_cat":[27181,27291,27123],"product_tag":[],"class_list":{"0":"post-182534","1":"product","2":"type-product","3":"status-publish","4":"has-post-thumbnail","6":"brand-hamilton-de","7":"product_cat-hamilton-de","8":"product_cat-khaki-field-de","9":"product_cat-uhren","10":"pa_couleurduboitier-schwarz-de","11":"pa_couleurducadran-schwarz","12":"pa_etancheite-100m-de","13":"pa_forme-runden","14":"pa_garantie-24monate","15":"pa_genre-mann","16":"pa_matiere-schwarzespvd","17":"pa_matiere-titan","18":"pa_matierebraceletmontre-titan-de","19":"pa_mouvement-automatik-de","20":"pa_swissmade-ja-de","21":"pa_verre-saphir-de","22":"sales-flash-overlay","23":"woocommerce-text-align-center","24":"woocommerce-image-align-center","25":"do-quantity-buttons","27":"first","28":"instock","29":"taxable","30":"shipping-taxable","31":"purchasable","32":"product-type-simple"},"acf":[],"_links":{"self":[{"href":"https:\/\/lediamant.ch\/de\/wp-json\/wp\/v2\/product\/182534","targetHints":{"allow":["GET"]}}],"collection":[{"href":"https:\/\/lediamant.ch\/de\/wp-json\/wp\/v2\/product"}],"about":[{"href":"https:\/\/lediamant.ch\/de\/wp-json\/wp\/v2\/types\/product"}],"wp:featuredmedia":[{"embeddable":true,"href":"https:\/\/lediamant.ch\/de\/wp-json\/wp\/v2\/media\/183645"}],"wp:attachment":[{"href":"https:\/\/lediamant.ch\/de\/wp-json\/wp\/v2\/media?parent=182534"}],"wp:term":[{"taxonomy":"brand","embeddable":true,"href":"https:\/\/lediamant.ch\/de\/wp-json\/wp\/v2\/brand?post=182534"},{"taxonomy":"product_brand","embeddable":true,"href":"https:\/\/lediamant.ch\/de\/wp-json\/wp\/v2\/product_brand?post=182534"},{"taxonomy":"product_cat","embeddable":true,"href":"https:\/\/lediamant.ch\/de\/wp-json\/wp\/v2\/product_cat?post=182534"},{"taxonomy":"product_tag","embeddable":true,"href":"https:\/\/lediamant.ch\/de\/wp-json\/wp\/v2\/product_tag?post=182534"}],"curies":[{"name":"wp","href":"https:\/\/api.w.org\/{rel}","templated":true}]}}