{"id":182546,"date":"2023-08-29T15:11:19","date_gmt":"2023-08-29T13:11:19","guid":{"rendered":"https:\/\/lediamant.ch\/?post_type=product&#038;p=182546"},"modified":"2024-12-19T15:01:35","modified_gmt":"2024-12-19T14:01:35","slug":"hamilton-khaki-field-titanium-auto-automatische-graue-wahlscheibe-38mm","status":"publish","type":"product","link":"https:\/\/lediamant.ch\/de\/uhren\/182546-hamilton-khaki-field-titanium-auto-automatische-graue-wahlscheibe-38mm-h70215880\/","title":{"rendered":"KHAKI FIELD TITANIUM AUTO Graues Zifferblatt 38mm"},"content":{"rendered":"<p>Ein Jahrhundert Erfahrung mit Milit\u00e4ruhren, kombiniert mit leichten Materialien, macht die Khaki Field Titanium Automatic zur ultimativen Allzweckuhr f\u00fcr moderne Helden. Die 38-mm-Geh\u00e4usegr\u00f6\u00dfe ist perfekt auf das Leben im Feld abgestimmt und betont den Komfort und die Anpassungsf\u00e4higkeit, w\u00e4hrend das Design des Modells dem der historischen Uhren, deren Erbe es ist, \u00e4hnelt.<\/p>\n","protected":false},"excerpt":{"rendered":"<p>Ein Jahrhundert Erfahrung mit Milit\u00e4ruhren, kombiniert mit leichten Materialien, macht die Khaki Field Titanium Automatic zur ultimativen Allzweckuhr f\u00fcr moderne Helden. Die 38-mm-Geh\u00e4usegr\u00f6\u00dfe ist perfekt auf das Leben im Feld abgestimmt und betont den Komfort und die Anpassungsf\u00e4higkeit, w\u00e4hrend das Design des Modells dem der historischen Uhren, deren Erbe es ist, \u00e4hnelt.<\/p>\n","protected":false},"featured_media":174051,"template":"","meta":{"_acf_changed":false,"_seopress_robots_primary_cat":"27181","_seopress_titles_title":"","_seopress_titles_desc":"","_seopress_robots_index":""},"brand":[27085],"product_brand":[],"product_cat":[27123,27181,27291],"product_tag":[],"class_list":{"0":"post-182546","1":"product","2":"type-product","3":"status-publish","4":"has-post-thumbnail","6":"brand-hamilton-de","7":"product_cat-uhren","8":"product_cat-hamilton-de","9":"product_cat-khaki-field-de","10":"pa_couleurduboitier-schwarz-de","11":"pa_couleurdubracelet-grau-de","12":"pa_couleurducadran-grau","13":"pa_etancheite-100m-de","14":"pa_forme-runden","15":"pa_garantie-24monate","16":"pa_genre-mann","17":"pa_matiere-schwarzespvd","18":"pa_matiere-titan","19":"pa_matierebraceletmontre-leder","20":"pa_mouvement-automatik-de","21":"pa_swissmade-ja-de","22":"sales-flash-overlay","23":"woocommerce-text-align-center","24":"woocommerce-image-align-center","25":"do-quantity-buttons","27":"first","28":"instock","29":"taxable","30":"shipping-taxable","31":"purchasable","32":"product-type-simple"},"acf":[],"_links":{"self":[{"href":"https:\/\/lediamant.ch\/de\/wp-json\/wp\/v2\/product\/182546","targetHints":{"allow":["GET"]}}],"collection":[{"href":"https:\/\/lediamant.ch\/de\/wp-json\/wp\/v2\/product"}],"about":[{"href":"https:\/\/lediamant.ch\/de\/wp-json\/wp\/v2\/types\/product"}],"wp:featuredmedia":[{"embeddable":true,"href":"https:\/\/lediamant.ch\/de\/wp-json\/wp\/v2\/media\/174051"}],"wp:attachment":[{"href":"https:\/\/lediamant.ch\/de\/wp-json\/wp\/v2\/media?parent=182546"}],"wp:term":[{"taxonomy":"brand","embeddable":true,"href":"https:\/\/lediamant.ch\/de\/wp-json\/wp\/v2\/brand?post=182546"},{"taxonomy":"product_brand","embeddable":true,"href":"https:\/\/lediamant.ch\/de\/wp-json\/wp\/v2\/product_brand?post=182546"},{"taxonomy":"product_cat","embeddable":true,"href":"https:\/\/lediamant.ch\/de\/wp-json\/wp\/v2\/product_cat?post=182546"},{"taxonomy":"product_tag","embeddable":true,"href":"https:\/\/lediamant.ch\/de\/wp-json\/wp\/v2\/product_tag?post=182546"}],"curies":[{"name":"wp","href":"https:\/\/api.w.org\/{rel}","templated":true}]}}