{"id":183103,"date":"2023-09-27T17:02:16","date_gmt":"2023-09-27T15:02:16","guid":{"rendered":"https:\/\/lediamant.ch\/?post_type=product&#038;p=183103"},"modified":"2026-03-25T17:41:36","modified_gmt":"2026-03-25T16:41:36","slug":"aerowatch-milan-automatic-hellblau-stahlarmband-41mm","status":"publish","type":"product","link":"https:\/\/lediamant.ch\/de\/uhren\/183103-aerowatch-milan-automatic-hellblau-stahlarmband-41mm\/","title":{"rendered":"Aerowatch Milan Automatic Hellblau 41mm"},"content":{"rendered":"<p>Die neue Kollektion &#8222;MILAN&#8220; unterstreicht mit stilistischen Elementen unverkennbar die Verbundenheit des Hauses mit dem m\u00e4rchenhaften, von m\u00e4chtigen Tannen gepr\u00e4gten Jura, der auch die Heimat des drittgr\u00f6\u00dften Greifvogels desselben Namens ist. Die Uhr &#8222;MILAN&#8220; von Aerowatch ist aus Edelstahl gefertigt und \u00fcberzeugt durch ihr sportliches, rassiges Aussehen, das durch die H\u00f6rner, die eine Einheit mit dem Geh\u00e4use bilden, noch unterstrichen wird. Die gekerbte L\u00fcnette und die gesch\u00fctzte Krone f\u00fcgen sich unauff\u00e4llig in das harmonische Erscheinungsbild ein und unterstreichen die klaren Linien. Die Version mit einem Stahlarmband, das zum hellblauen Zifferblatt passt, verleiht dem Modell &#8222;MILAN&#8220; einen sportlich-eleganten Look.<\/p>\n<p>Bei genauerem Hinsehen erkennt man, dass nichts an dieser Uhr zuf\u00e4llig ist, sondern dass sie bis ins kleinste Detail die Philosophie von Aerowatch widerspiegelt; Perfektion und Liebe zum Detail stehen hier an erster Stelle. Besondere Aufmerksamkeit verdient die raffinierte Umsetzung des symbolischen Tannenbaum-Sujets auf dem Zifferblatt und dem Sekundenzeiger. Das grafische Muster der Tannen schafft Tiefensch\u00e4rfe und verwandelt das Zifferblatt in einen idyllischen Nadelwald, der zu einem fantasievollen Spaziergang durch die Weiten des Jura einl\u00e4dt.<\/p>\n<p>Mit der stilvollen &#8222;MILAN&#8220; er\u00f6ffnet Aerowatch die Serie von Uhren mit integriertem Armband, die zu einem erschwinglichen Preis angeboten werden. Die Herrenkollektion ist mit einem verzierten Automatikwerk ausgestattet, das durch den Geh\u00e4useboden aus Saphirglas bewundert werden kann.<\/p>\n<p>Automatisches Uhrwerk Sellita SW200-1<br \/>\n26 Rubine - 28&#8217;800 Halbschwingungen pro Stunde<br \/>\nRhodiniertes, dekoriertes Uhrwerk mit gebl\u00e4uten Schrauben<br \/>\nAnzeige von Stunde, Minuten, Sekunden, Datum 6H.<br \/>\nGeh\u00e4use aus rostfreiem Stahl mit \u00d8 41.00mm<br \/>\nKronenschutz, verschraubte Krone.<br \/>\nK\u00f6nigsblaues Zifferblatt mit &#8222;Tannennadel&#8220;-Dekor<br \/>\nIndizes und Stunden- &amp; Minutenzeiger mit Leuchtmasse<br \/>\nZweitnadel Form &#8222;Tanne&#8220;<br \/>\nEntspiegeltes Saphirglas<br \/>\nGeschraubter transparenter Boden<br \/>\nWasserdicht bis 120 Meter<br \/>\nSatiniertes-poliertes Edelstahlarmband oder Leder-Kautschuk-Armband<\/p>\n","protected":false},"excerpt":{"rendered":"<p>Die neue Kollektion &#8222;MILAN&#8220; unterstreicht mit stilistischen Elementen unverkennbar die Verbundenheit des Hauses mit dem m\u00e4rchenhaften, von m\u00e4chtigen Tannen gepr\u00e4gten Jura, der auch die Heimat des drittgr\u00f6\u00dften Greifvogels desselben Namens ist. Die Uhr &#8222;MILAN&#8220; von Aerowatch ist aus Edelstahl gefertigt und \u00fcberzeugt durch ihr sportliches, rassiges Aussehen, das durch die H\u00f6rner, die eine Einheit mit &#8230; <a title=\"Aerowatch Milan Automatic Hellblau 41mm\" class=\"read-more\" href=\"https:\/\/lediamant.ch\/de\/uhren\/183103-aerowatch-milan-automatic-hellblau-stahlarmband-41mm\/\" aria-label=\"Mehr Informationen \u00fcber Aerowatch Milan Automatic Hellblau 41mm\">Weiterlesen &#8230;<\/a><\/p>\n","protected":false},"featured_media":215312,"template":"","meta":{"_acf_changed":false,"_seopress_robots_primary_cat":"27167","_seopress_titles_title":"%%post_title%%","_seopress_titles_desc":"Erleben Sie perfekte Eleganz mit der MILAN Uhr - edles Design, inspiriert vom Jura. Jetzt mit stilvollem Stahlarmband und Tannennadel-Dekor.","_seopress_robots_index":""},"brand":[27081],"product_brand":[],"product_cat":[27123,27167,27233,27133,27141,27137],"product_tag":[],"class_list":{"0":"post-183103","1":"product","2":"type-product","3":"status-publish","4":"has-post-thumbnail","6":"brand-aerowatch-de","7":"product_cat-uhren","8":"product_cat-aerowatch-de","9":"product_cat-milan-de","10":"product_cat-sale","11":"product_cat-uhren-sale","12":"product_cat-bracelet-ajustable-de","13":"pa_couleurduboitier-grau-de","14":"pa_couleurducadran-blau","15":"pa_etancheite-120m-de","16":"pa_forme-runden","17":"pa_garantie-24monate","18":"pa_genre-mann","19":"pa_matiere-stahl","20":"pa_matierebraceletmontre-edelstahl","21":"pa_mouvement-automatik-de","22":"pa_swissmade-ja-de","23":"pa_verre-saphir-de","24":"sales-flash-overlay","25":"woocommerce-text-align-center","26":"woocommerce-image-align-center","27":"do-quantity-buttons","29":"first","30":"instock","31":"sale","32":"taxable","33":"shipping-taxable","34":"purchasable","35":"product-type-simple"},"acf":[],"_links":{"self":[{"href":"https:\/\/lediamant.ch\/de\/wp-json\/wp\/v2\/product\/183103","targetHints":{"allow":["GET"]}}],"collection":[{"href":"https:\/\/lediamant.ch\/de\/wp-json\/wp\/v2\/product"}],"about":[{"href":"https:\/\/lediamant.ch\/de\/wp-json\/wp\/v2\/types\/product"}],"wp:featuredmedia":[{"embeddable":true,"href":"https:\/\/lediamant.ch\/de\/wp-json\/wp\/v2\/media\/215312"}],"wp:attachment":[{"href":"https:\/\/lediamant.ch\/de\/wp-json\/wp\/v2\/media?parent=183103"}],"wp:term":[{"taxonomy":"brand","embeddable":true,"href":"https:\/\/lediamant.ch\/de\/wp-json\/wp\/v2\/brand?post=183103"},{"taxonomy":"product_brand","embeddable":true,"href":"https:\/\/lediamant.ch\/de\/wp-json\/wp\/v2\/product_brand?post=183103"},{"taxonomy":"product_cat","embeddable":true,"href":"https:\/\/lediamant.ch\/de\/wp-json\/wp\/v2\/product_cat?post=183103"},{"taxonomy":"product_tag","embeddable":true,"href":"https:\/\/lediamant.ch\/de\/wp-json\/wp\/v2\/product_tag?post=183103"}],"curies":[{"name":"wp","href":"https:\/\/api.w.org\/{rel}","templated":true}]}}