{"id":183169,"date":"2023-10-03T13:48:16","date_gmt":"2023-10-03T11:48:16","guid":{"rendered":"https:\/\/lediamant.ch\/?post_type=product&#038;p=183169"},"modified":"2026-03-25T17:11:57","modified_gmt":"2026-03-25T16:11:57","slug":"khaki-field-expedition-auto-automatisch-schwarz-41mm","status":"publish","type":"product","link":"https:\/\/lediamant.ch\/de\/uhren\/183169-khaki-field-expedition-auto-automatisch-schwarz-41mm\/","title":{"rendered":"Hamilton Khaki Field Expedition Auto 41mm"},"content":{"rendered":"<p>R\u00fcsten Sie sich f\u00fcr die freie Natur mit der Khaki Field Expedition, einer neuartigen Abenteueruhr mit einer Kompassl\u00fcnette, die Ihnen auf Ihrer Reise mit Hilfe der Sonne den Weg weist. Sie ist in einem 41-mm-Edelstahlgeh\u00e4use untergebracht, das an einem gr\u00fcnen Lederarmband befestigt ist, und verf\u00fcgt \u00fcber eine verschraubte Krone, die das Uhrwerk vor allen Witterungsbedingungen sch\u00fctzt. Die Khaki Field Expedition ist eine robuste Uhr mit einem strukturierten schwarzen Zifferblatt, das f\u00fcr optimale Lesbarkeit mit Super-Luminova\u00ae beschichtet ist und Ihren Anforderungen entspricht.<\/p>\n","protected":false},"excerpt":{"rendered":"<p>R\u00fcsten Sie sich f\u00fcr die freie Natur mit der Khaki Field Expedition, einer neuartigen Abenteueruhr mit einer Kompassl\u00fcnette, die Ihnen auf Ihrer Reise mit Hilfe der Sonne den Weg weist. Sie ist in einem 41-mm-Edelstahlgeh\u00e4use untergebracht, das an einem gr\u00fcnen Lederarmband befestigt ist, und verf\u00fcgt \u00fcber eine verschraubte Krone, die das Uhrwerk vor allen Witterungsbedingungen &#8230; <a title=\"Hamilton Khaki Field Expedition Auto 41mm\" class=\"read-more\" href=\"https:\/\/lediamant.ch\/de\/uhren\/183169-khaki-field-expedition-auto-automatisch-schwarz-41mm\/\" aria-label=\"Mehr Informationen \u00fcber Hamilton Khaki Field Expedition Auto 41mm\">Weiterlesen &#8230;<\/a><\/p>\n","protected":false},"featured_media":183177,"template":"","meta":{"_acf_changed":false,"_seopress_robots_primary_cat":"27181","_seopress_titles_title":"","_seopress_titles_desc":"","_seopress_robots_index":""},"brand":[27085],"product_brand":[],"product_cat":[27123,27181,27291,27133,27141],"product_tag":[],"class_list":{"0":"post-183169","1":"product","2":"type-product","3":"status-publish","4":"has-post-thumbnail","6":"brand-hamilton-de","7":"product_cat-uhren","8":"product_cat-hamilton-de","9":"product_cat-khaki-field-de","10":"product_cat-sale","11":"product_cat-uhren-sale","12":"pa_couleurduboitier-grau-de","13":"pa_couleurdubracelet-grun-de","14":"pa_couleurducadran-schwarz","15":"pa_etancheite-100m-de","16":"pa_forme-runden","17":"pa_garantie-24monate","18":"pa_genre-mann","19":"pa_matiere-stahl","20":"pa_matierebraceletmontre-leder","21":"pa_mouvement-automatik-de","22":"pa_swissmade-ja-de","23":"sales-flash-overlay","24":"woocommerce-text-align-center","25":"woocommerce-image-align-center","26":"do-quantity-buttons","28":"first","29":"instock","30":"sale","31":"taxable","32":"shipping-taxable","33":"purchasable","34":"product-type-simple"},"acf":[],"_links":{"self":[{"href":"https:\/\/lediamant.ch\/de\/wp-json\/wp\/v2\/product\/183169","targetHints":{"allow":["GET"]}}],"collection":[{"href":"https:\/\/lediamant.ch\/de\/wp-json\/wp\/v2\/product"}],"about":[{"href":"https:\/\/lediamant.ch\/de\/wp-json\/wp\/v2\/types\/product"}],"wp:featuredmedia":[{"embeddable":true,"href":"https:\/\/lediamant.ch\/de\/wp-json\/wp\/v2\/media\/183177"}],"wp:attachment":[{"href":"https:\/\/lediamant.ch\/de\/wp-json\/wp\/v2\/media?parent=183169"}],"wp:term":[{"taxonomy":"brand","embeddable":true,"href":"https:\/\/lediamant.ch\/de\/wp-json\/wp\/v2\/brand?post=183169"},{"taxonomy":"product_brand","embeddable":true,"href":"https:\/\/lediamant.ch\/de\/wp-json\/wp\/v2\/product_brand?post=183169"},{"taxonomy":"product_cat","embeddable":true,"href":"https:\/\/lediamant.ch\/de\/wp-json\/wp\/v2\/product_cat?post=183169"},{"taxonomy":"product_tag","embeddable":true,"href":"https:\/\/lediamant.ch\/de\/wp-json\/wp\/v2\/product_tag?post=183169"}],"curies":[{"name":"wp","href":"https:\/\/api.w.org\/{rel}","templated":true}]}}