{"id":183206,"date":"2023-10-03T14:30:52","date_gmt":"2023-10-03T12:30:52","guid":{"rendered":"https:\/\/lediamant.ch\/?post_type=product&#038;p=183206"},"modified":"2023-11-17T14:15:38","modified_gmt":"2023-11-17T13:15:38","slug":"khaki-field-expedition-auto-automatisch-weis-37mm","status":"publish","type":"product","link":"https:\/\/lediamant.ch\/de\/uhren\/183206-khaki-field-expedition-auto-weis-37mm\/","title":{"rendered":"Hamilton Kakhi Field Expedition Auto Wei\u00df | 37mm"},"content":{"rendered":"<p>R\u00fcsten Sie sich f\u00fcr die freie Natur mit der Khaki Field Expedition, einer neuartigen Abenteueruhr mit einer Kompassl\u00fcnette, die Ihnen auf Ihrer Reise mit Hilfe der Sonne den Weg weist. Sie ist in einem 37-mm-Edelstahlgeh\u00e4use untergebracht, das an einem braunen Lederarmband befestigt ist, und verf\u00fcgt \u00fcber eine verschraubte Krone, die das Uhrwerk vor allen Witterungsbedingungen sch\u00fctzt. Die Khaki Field Expedition ist eine robuste Uhr mit einem strukturierten wei\u00dfen Zifferblatt, das mit Super-Luminova\u00ae beschichtet ist, um eine optimale Lesbarkeit zu gew\u00e4hrleisten.<\/p>\n","protected":false},"excerpt":{"rendered":"<p>R\u00fcsten Sie sich f\u00fcr die freie Natur mit der Khaki Field Expedition, einer neuartigen Abenteueruhr mit einer Kompassl\u00fcnette, die Ihnen auf Ihrer Reise mit Hilfe der Sonne den Weg weist. Sie ist in einem 37-mm-Edelstahlgeh\u00e4use untergebracht, das an einem braunen Lederarmband befestigt ist, und verf\u00fcgt \u00fcber eine verschraubte Krone, die das Uhrwerk vor allen Witterungsbedingungen &#8230; <a title=\"Hamilton Kakhi Field Expedition Auto Wei\u00df | 37mm\" class=\"read-more\" href=\"https:\/\/lediamant.ch\/de\/uhren\/183206-khaki-field-expedition-auto-weis-37mm\/\" aria-label=\"Mehr Informationen \u00fcber Hamilton Kakhi Field Expedition Auto Wei\u00df | 37mm\">Weiterlesen &#8230;<\/a><\/p>\n","protected":false},"featured_media":183210,"template":"","meta":{"_acf_changed":false,"_seopress_robots_primary_cat":"","_seopress_titles_title":"","_seopress_titles_desc":"","_seopress_robots_index":""},"brand":[27085],"product_brand":[],"product_cat":[27181,27291,27123],"product_tag":[],"class_list":{"0":"post-183206","1":"product","2":"type-product","3":"status-publish","4":"has-post-thumbnail","6":"brand-hamilton-de","7":"product_cat-hamilton-de","8":"product_cat-khaki-field-de","9":"product_cat-uhren","10":"pa_couleurduboitier-grau-de","11":"pa_couleurdubracelet-braun-de","12":"pa_couleurducadran-weiss","13":"pa_etancheite-100m-de","14":"pa_forme-runden","15":"pa_garantie-24monate","16":"pa_genre-mann","17":"pa_matiere-stahl","18":"pa_matierebraceletmontre-leder","19":"pa_mouvement-automatik-de","20":"pa_swissmade-ja-de","21":"sales-flash-overlay","22":"woocommerce-text-align-center","23":"woocommerce-image-align-center","24":"do-quantity-buttons","26":"first","27":"instock","28":"taxable","29":"shipping-taxable","30":"purchasable","31":"product-type-simple"},"acf":[],"_links":{"self":[{"href":"https:\/\/lediamant.ch\/de\/wp-json\/wp\/v2\/product\/183206","targetHints":{"allow":["GET"]}}],"collection":[{"href":"https:\/\/lediamant.ch\/de\/wp-json\/wp\/v2\/product"}],"about":[{"href":"https:\/\/lediamant.ch\/de\/wp-json\/wp\/v2\/types\/product"}],"wp:featuredmedia":[{"embeddable":true,"href":"https:\/\/lediamant.ch\/de\/wp-json\/wp\/v2\/media\/183210"}],"wp:attachment":[{"href":"https:\/\/lediamant.ch\/de\/wp-json\/wp\/v2\/media?parent=183206"}],"wp:term":[{"taxonomy":"brand","embeddable":true,"href":"https:\/\/lediamant.ch\/de\/wp-json\/wp\/v2\/brand?post=183206"},{"taxonomy":"product_brand","embeddable":true,"href":"https:\/\/lediamant.ch\/de\/wp-json\/wp\/v2\/product_brand?post=183206"},{"taxonomy":"product_cat","embeddable":true,"href":"https:\/\/lediamant.ch\/de\/wp-json\/wp\/v2\/product_cat?post=183206"},{"taxonomy":"product_tag","embeddable":true,"href":"https:\/\/lediamant.ch\/de\/wp-json\/wp\/v2\/product_tag?post=183206"}],"curies":[{"name":"wp","href":"https:\/\/api.w.org\/{rel}","templated":true}]}}