{"id":183218,"date":"2023-10-03T14:42:39","date_gmt":"2023-10-03T12:42:39","guid":{"rendered":"https:\/\/lediamant.ch\/?post_type=product&#038;p=183218"},"modified":"2023-11-17T14:14:04","modified_gmt":"2023-11-17T13:14:04","slug":"khaki-field-expedition-auto-automatisch-schwarzer-stahl-37mm","status":"publish","type":"product","link":"https:\/\/lediamant.ch\/de\/uhren\/183218-khaki-field-expedition-auto-automatisch-schwarzer-stahl-37mm\/","title":{"rendered":"Hamilton Khaki Field Expedition Schwarz Stahl | 37mm"},"content":{"rendered":"<p>R\u00fcsten Sie sich f\u00fcr die freie Natur mit der Khaki Field Expedition, einer neuartigen Abenteueruhr mit einer Kompassl\u00fcnette, die Ihnen auf Ihrer Reise mit Hilfe der Sonne den Weg weist. Sie ist in einem 37-mm-Edelstahlgeh\u00e4use untergebracht, das an einem passenden Armband befestigt ist, und verf\u00fcgt \u00fcber eine verschraubte Krone, die das Uhrwerk vor allen Witterungsbedingungen sch\u00fctzt. Die Khaki Field Expedition ist eine robuste Uhr mit einem strukturierten schwarzen Zifferblatt, das f\u00fcr optimale Lesbarkeit mit Super-Luminova\u00ae beschichtet ist und Ihren Anforderungen entspricht.<\/p>\n","protected":false},"excerpt":{"rendered":"<p>R\u00fcsten Sie sich f\u00fcr die freie Natur mit der Khaki Field Expedition, einer neuartigen Abenteueruhr mit einer Kompassl\u00fcnette, die Ihnen auf Ihrer Reise mit Hilfe der Sonne den Weg weist. Sie ist in einem 37-mm-Edelstahlgeh\u00e4use untergebracht, das an einem passenden Armband befestigt ist, und verf\u00fcgt \u00fcber eine verschraubte Krone, die das Uhrwerk vor allen Witterungsbedingungen &#8230; <a title=\"Hamilton Khaki Field Expedition Schwarz Stahl | 37mm\" class=\"read-more\" href=\"https:\/\/lediamant.ch\/de\/uhren\/183218-khaki-field-expedition-auto-automatisch-schwarzer-stahl-37mm\/\" aria-label=\"Mehr Informationen \u00fcber Hamilton Khaki Field Expedition Schwarz Stahl | 37mm\">Weiterlesen &#8230;<\/a><\/p>\n","protected":false},"featured_media":183220,"template":"","meta":{"_acf_changed":false,"_seopress_robots_primary_cat":"","_seopress_titles_title":"","_seopress_titles_desc":"","_seopress_robots_index":""},"brand":[27085],"product_brand":[],"product_cat":[27181,27291,27123],"product_tag":[],"class_list":{"0":"post-183218","1":"product","2":"type-product","3":"status-publish","4":"has-post-thumbnail","6":"brand-hamilton-de","7":"product_cat-hamilton-de","8":"product_cat-khaki-field-de","9":"product_cat-uhren","10":"pa_couleurduboitier-grau-de","11":"pa_couleurducadran-schwarz","12":"pa_etancheite-100m-de","13":"pa_forme-runden","14":"pa_garantie-24monate","15":"pa_genre-mann","16":"pa_matiere-stahl","17":"pa_matierebraceletmontre-edelstahl","18":"pa_mouvement-automatik-de","19":"pa_swissmade-ja-de","20":"sales-flash-overlay","21":"woocommerce-text-align-center","22":"woocommerce-image-align-center","23":"do-quantity-buttons","25":"first","26":"instock","27":"taxable","28":"shipping-taxable","29":"purchasable","30":"product-type-simple"},"acf":[],"_links":{"self":[{"href":"https:\/\/lediamant.ch\/de\/wp-json\/wp\/v2\/product\/183218","targetHints":{"allow":["GET"]}}],"collection":[{"href":"https:\/\/lediamant.ch\/de\/wp-json\/wp\/v2\/product"}],"about":[{"href":"https:\/\/lediamant.ch\/de\/wp-json\/wp\/v2\/types\/product"}],"wp:featuredmedia":[{"embeddable":true,"href":"https:\/\/lediamant.ch\/de\/wp-json\/wp\/v2\/media\/183220"}],"wp:attachment":[{"href":"https:\/\/lediamant.ch\/de\/wp-json\/wp\/v2\/media?parent=183218"}],"wp:term":[{"taxonomy":"brand","embeddable":true,"href":"https:\/\/lediamant.ch\/de\/wp-json\/wp\/v2\/brand?post=183218"},{"taxonomy":"product_brand","embeddable":true,"href":"https:\/\/lediamant.ch\/de\/wp-json\/wp\/v2\/product_brand?post=183218"},{"taxonomy":"product_cat","embeddable":true,"href":"https:\/\/lediamant.ch\/de\/wp-json\/wp\/v2\/product_cat?post=183218"},{"taxonomy":"product_tag","embeddable":true,"href":"https:\/\/lediamant.ch\/de\/wp-json\/wp\/v2\/product_tag?post=183218"}],"curies":[{"name":"wp","href":"https:\/\/api.w.org\/{rel}","templated":true}]}}