{"id":183667,"date":"2023-10-11T16:06:50","date_gmt":"2023-10-11T14:06:50","guid":{"rendered":"https:\/\/lediamant.ch\/?post_type=product&#038;p=183667"},"modified":"2024-11-08T11:44:41","modified_gmt":"2024-11-08T10:44:41","slug":"hamilton-khaki-field-auto-titanium-automatisches-blaues-zifferblatt-42mm","status":"publish","type":"product","link":"https:\/\/lediamant.ch\/de\/uhren\/183667-hamilton-khaki-field-auto-titanium-42mm-h70545140\/","title":{"rendered":"Hamilton Khaki Field Auto Titanium 42mm"},"content":{"rendered":"<p>Mit einem Geh\u00e4use und einem Armband aus Titan ist die Khaki Field Titanium 42 mm eine vielseitige Uhr, die zu allen Anl\u00e4ssen getragen werden kann. Ihr ultraleichtes blaues Zifferblatt wird Ihnen bei allen Abenteuern den Weg weisen, w\u00e4hrend das satinierte Armband, das von Charakter und Robustheit gepr\u00e4gt ist, das milit\u00e4rische Design der Uhr unterstreicht. Mit einer Mischung aus Stil, Leichtigkeit und Funktionalit\u00e4t wird der Khaki Field Titanium ein treuer Begleiter auf Ihrer Suche nach neuen Erfahrungen sein.<\/p>\n","protected":false},"excerpt":{"rendered":"<p>Mit einem Geh\u00e4use und einem Armband aus Titan ist die Khaki Field Titanium 42 mm eine vielseitige Uhr, die zu allen Anl\u00e4ssen getragen werden kann. Ihr ultraleichtes blaues Zifferblatt wird Ihnen bei allen Abenteuern den Weg weisen, w\u00e4hrend das satinierte Armband, das von Charakter und Robustheit gepr\u00e4gt ist, das milit\u00e4rische Design der Uhr unterstreicht. Mit &#8230; <a title=\"Hamilton Khaki Field Auto Titanium 42mm\" class=\"read-more\" href=\"https:\/\/lediamant.ch\/de\/uhren\/183667-hamilton-khaki-field-auto-titanium-42mm-h70545140\/\" aria-label=\"Mehr Informationen \u00fcber Hamilton Khaki Field Auto Titanium 42mm\">Weiterlesen &#8230;<\/a><\/p>\n","protected":false},"featured_media":183689,"template":"","meta":{"_acf_changed":false,"_seopress_robots_primary_cat":"27291","_seopress_titles_title":"%%post_title%%","_seopress_titles_desc":"Entdecken Sie die Khaki Field Titanium Uhr: ultraleicht, stilvoll &amp; perfekt f\u00fcr jedes Abenteuer. Titan-Geh\u00e4use mit satiniertem Armband f\u00fcr hohen Komfort.","_seopress_robots_index":""},"brand":[27085],"product_brand":[],"product_cat":[27181,27291,27123],"product_tag":[],"class_list":{"0":"post-183667","1":"product","2":"type-product","3":"status-publish","4":"has-post-thumbnail","6":"brand-hamilton-de","7":"product_cat-hamilton-de","8":"product_cat-khaki-field-de","9":"product_cat-uhren","10":"pa_couleurduboitier-grau-de","11":"pa_couleurducadran-blau","12":"pa_etancheite-100m-de","13":"pa_forme-runden","14":"pa_garantie-24monate","15":"pa_genre-mann","16":"pa_matiere-titan","17":"pa_matierebraceletmontre-titan-de","18":"pa_mouvement-automatik-de","19":"pa_swissmade-ja-de","20":"pa_verre-saphir-de","21":"sales-flash-overlay","22":"woocommerce-text-align-center","23":"woocommerce-image-align-center","24":"do-quantity-buttons","26":"first","27":"instock","28":"taxable","29":"shipping-taxable","30":"purchasable","31":"product-type-simple"},"acf":[],"_links":{"self":[{"href":"https:\/\/lediamant.ch\/de\/wp-json\/wp\/v2\/product\/183667","targetHints":{"allow":["GET"]}}],"collection":[{"href":"https:\/\/lediamant.ch\/de\/wp-json\/wp\/v2\/product"}],"about":[{"href":"https:\/\/lediamant.ch\/de\/wp-json\/wp\/v2\/types\/product"}],"wp:featuredmedia":[{"embeddable":true,"href":"https:\/\/lediamant.ch\/de\/wp-json\/wp\/v2\/media\/183689"}],"wp:attachment":[{"href":"https:\/\/lediamant.ch\/de\/wp-json\/wp\/v2\/media?parent=183667"}],"wp:term":[{"taxonomy":"brand","embeddable":true,"href":"https:\/\/lediamant.ch\/de\/wp-json\/wp\/v2\/brand?post=183667"},{"taxonomy":"product_brand","embeddable":true,"href":"https:\/\/lediamant.ch\/de\/wp-json\/wp\/v2\/product_brand?post=183667"},{"taxonomy":"product_cat","embeddable":true,"href":"https:\/\/lediamant.ch\/de\/wp-json\/wp\/v2\/product_cat?post=183667"},{"taxonomy":"product_tag","embeddable":true,"href":"https:\/\/lediamant.ch\/de\/wp-json\/wp\/v2\/product_tag?post=183667"}],"curies":[{"name":"wp","href":"https:\/\/api.w.org\/{rel}","templated":true}]}}