{"id":184412,"date":"2023-10-17T13:20:32","date_gmt":"2023-10-17T11:20:32","guid":{"rendered":"https:\/\/lediamant.ch\/?post_type=product&#038;p=184412"},"modified":"2023-11-17T13:52:06","modified_gmt":"2023-11-17T12:52:06","slug":"tissot-prx-powermatic-80-35mm-t137-207-33-021-00","status":"publish","type":"product","link":"https:\/\/lediamant.ch\/de\/uhren\/184412-tissot-prx-powermatic-80-35mm-t137-207-33-021-00\/","title":{"rendered":"Tissot PRX Powermatic 80 35mm"},"content":{"rendered":"<p>Tissot PRX 35mm Powermatic 80, wo zeitlose \u00c4sthetik auf zeitgen\u00f6ssische Technologie trifft. Diese 35 mm gro\u00dfe Uhr hat ein goldenes PVD-Geh\u00e4use und ein auff\u00e4lliges goldenes Zifferblatt. PVD-Gold verleiht diesem Modell einen Hauch von K\u00fchnheit. Das charakteristische Waffelmuster auf dem Zifferblatt verleiht der Uhr einen Hauch von Raffinesse und zeichnet das Automatikmodell aus. Die PRX ist bis 100 Meter wasserdicht und mit einer Nivachron\u2122-Spiralfeder ausgestattet. Sie ist ein vielseitiges St\u00fcck f\u00fcr anspruchsvolle Uhrenliebhaber. Das Armband aus satiniertem Stahl mit einer Faltschlie\u00dfe mit drei Stahlbl\u00e4ttern sorgt f\u00fcr einen bequemen Sitz. Machen Sie sich den Look der Tissot PRX 35mm Powermatic 80 in goldener PVD-Beschichtung zu eigen.<\/p>\n","protected":false},"excerpt":{"rendered":"<p>Tissot PRX 35mm Powermatic 80, wo zeitlose \u00c4sthetik auf zeitgen\u00f6ssische Technologie trifft. Diese 35 mm gro\u00dfe Uhr hat ein goldenes PVD-Geh\u00e4use und ein auff\u00e4lliges goldenes Zifferblatt. PVD-Gold verleiht diesem Modell einen Hauch von K\u00fchnheit. Das charakteristische Waffelmuster auf dem Zifferblatt verleiht der Uhr einen Hauch von Raffinesse und zeichnet das Automatikmodell aus. Die PRX ist &#8230; <a title=\"Tissot PRX Powermatic 80 35mm\" class=\"read-more\" href=\"https:\/\/lediamant.ch\/de\/uhren\/184412-tissot-prx-powermatic-80-35mm-t137-207-33-021-00\/\" aria-label=\"Mehr Informationen \u00fcber Tissot PRX Powermatic 80 35mm\">Weiterlesen &#8230;<\/a><\/p>\n","protected":false},"featured_media":184418,"template":"","meta":{"_acf_changed":false,"_seopress_robots_primary_cat":"","_seopress_titles_title":"","_seopress_titles_desc":"","_seopress_robots_index":""},"brand":[27087],"product_brand":[],"product_cat":[27137,27159,27245,27389,27123],"product_tag":[],"class_list":{"0":"post-184412","1":"product","2":"type-product","3":"status-publish","4":"has-post-thumbnail","6":"brand-tissot-de","7":"product_cat-bracelet-ajustable-de","8":"product_cat-tissot-de","9":"product_cat-tissot-classic","10":"product_cat-tissot-prx","11":"product_cat-uhren","12":"pa_couleurdubracelet-gelb-de","13":"pa_couleurducadran-champagner","14":"pa_dimensions-o-35-mm","15":"pa_etancheite-100m-de","16":"pa_garantie-24monate","17":"pa_genre-frau","18":"pa_matiere-gelbgoldpvd","19":"pa_matierebraceletmontre-edelstahl","20":"pa_mouvement-automatik-de","21":"pa_verre-saphir-de","22":"sales-flash-overlay","23":"woocommerce-text-align-center","24":"woocommerce-image-align-center","25":"do-quantity-buttons","27":"first","28":"instock","29":"taxable","30":"shipping-taxable","31":"purchasable","32":"product-type-simple"},"acf":[],"_links":{"self":[{"href":"https:\/\/lediamant.ch\/de\/wp-json\/wp\/v2\/product\/184412","targetHints":{"allow":["GET"]}}],"collection":[{"href":"https:\/\/lediamant.ch\/de\/wp-json\/wp\/v2\/product"}],"about":[{"href":"https:\/\/lediamant.ch\/de\/wp-json\/wp\/v2\/types\/product"}],"wp:featuredmedia":[{"embeddable":true,"href":"https:\/\/lediamant.ch\/de\/wp-json\/wp\/v2\/media\/184418"}],"wp:attachment":[{"href":"https:\/\/lediamant.ch\/de\/wp-json\/wp\/v2\/media?parent=184412"}],"wp:term":[{"taxonomy":"brand","embeddable":true,"href":"https:\/\/lediamant.ch\/de\/wp-json\/wp\/v2\/brand?post=184412"},{"taxonomy":"product_brand","embeddable":true,"href":"https:\/\/lediamant.ch\/de\/wp-json\/wp\/v2\/product_brand?post=184412"},{"taxonomy":"product_cat","embeddable":true,"href":"https:\/\/lediamant.ch\/de\/wp-json\/wp\/v2\/product_cat?post=184412"},{"taxonomy":"product_tag","embeddable":true,"href":"https:\/\/lediamant.ch\/de\/wp-json\/wp\/v2\/product_tag?post=184412"}],"curies":[{"name":"wp","href":"https:\/\/api.w.org\/{rel}","templated":true}]}}