{"id":185098,"date":"2023-10-24T16:59:26","date_gmt":"2023-10-24T14:59:26","guid":{"rendered":"https:\/\/lediamant.ch\/?post_type=product&#038;p=185098"},"modified":"2024-12-13T16:02:10","modified_gmt":"2024-12-13T15:02:10","slug":"maurice-lacroix-aikon-auto-date-39mm-vert-kautschukarmband-grun","status":"publish","type":"product","link":"https:\/\/lediamant.ch\/de\/uhren\/185098-maurice-lacroix-aikon-auto-date-39mm-vert-kautschukarmband-grun\/","title":{"rendered":"Maurice Lacroix AIKON Auto Datum 39mm"},"content":{"rendered":"<p>Die von der Stadt inspirierte AIKON Automatic bietet eine zeitgem\u00e4\u00dfe \u00c4sthetik, ergonomisches Design und ein mechanisches Herz. Mit seinem cleveren Einsatz von Kontrasten und Formen ist der AIKON Automatic der ideale Begleiter f\u00fcr das Leben in der Stadt.<\/p>\n","protected":false},"excerpt":{"rendered":"<p>Die von der Stadt inspirierte AIKON Automatic bietet eine zeitgem\u00e4\u00dfe \u00c4sthetik, ergonomisches Design und ein mechanisches Herz. Mit seinem cleveren Einsatz von Kontrasten und Formen ist der AIKON Automatic der ideale Begleiter f\u00fcr das Leben in der Stadt.<\/p>\n","protected":false},"featured_media":185100,"template":"","meta":{"_acf_changed":false,"_seopress_robots_primary_cat":"27149","_seopress_titles_title":"%%post_title%%","_seopress_titles_desc":"Entdecken Sie die AIKON Automatic: perfekt f\u00fcr das Stadtleben mit modernem Design, Ergonomie und mechanischem Herz. Ein Meisterwerk der \u00c4sthetik.","_seopress_robots_index":""},"brand":[27103],"product_brand":[],"product_cat":[27205,27149,27123],"product_tag":[],"class_list":{"0":"post-185098","1":"product","2":"type-product","3":"status-publish","4":"has-post-thumbnail","6":"brand-mauricelacroix-de","7":"product_cat-aikon-de","8":"product_cat-maurice-lacroix-de","9":"product_cat-uhren","10":"pa_couleurduboitier-grau-de","11":"pa_couleurdubracelet-grun-de","12":"pa_couleurducadran-grun","13":"pa_etancheite-200m-de","14":"pa_forme-runden","15":"pa_garantie-24monate","16":"pa_genre-frau","17":"pa_matiere-stahl","18":"pa_matierebraceletmontre-kautschuk","19":"pa_mouvement-automatik-de","20":"pa_swissmade-ja-de","21":"pa_verre-saphir-de","22":"sales-flash-overlay","23":"woocommerce-text-align-center","24":"woocommerce-image-align-center","25":"do-quantity-buttons","27":"first","28":"instock","29":"taxable","30":"shipping-taxable","31":"purchasable","32":"product-type-simple"},"acf":[],"_links":{"self":[{"href":"https:\/\/lediamant.ch\/de\/wp-json\/wp\/v2\/product\/185098","targetHints":{"allow":["GET"]}}],"collection":[{"href":"https:\/\/lediamant.ch\/de\/wp-json\/wp\/v2\/product"}],"about":[{"href":"https:\/\/lediamant.ch\/de\/wp-json\/wp\/v2\/types\/product"}],"wp:featuredmedia":[{"embeddable":true,"href":"https:\/\/lediamant.ch\/de\/wp-json\/wp\/v2\/media\/185100"}],"wp:attachment":[{"href":"https:\/\/lediamant.ch\/de\/wp-json\/wp\/v2\/media?parent=185098"}],"wp:term":[{"taxonomy":"brand","embeddable":true,"href":"https:\/\/lediamant.ch\/de\/wp-json\/wp\/v2\/brand?post=185098"},{"taxonomy":"product_brand","embeddable":true,"href":"https:\/\/lediamant.ch\/de\/wp-json\/wp\/v2\/product_brand?post=185098"},{"taxonomy":"product_cat","embeddable":true,"href":"https:\/\/lediamant.ch\/de\/wp-json\/wp\/v2\/product_cat?post=185098"},{"taxonomy":"product_tag","embeddable":true,"href":"https:\/\/lediamant.ch\/de\/wp-json\/wp\/v2\/product_tag?post=185098"}],"curies":[{"name":"wp","href":"https:\/\/api.w.org\/{rel}","templated":true}]}}