{"id":185266,"date":"2023-10-25T16:40:40","date_gmt":"2023-10-25T14:40:40","guid":{"rendered":"https:\/\/lediamant.ch\/?post_type=product&#038;p=185266"},"modified":"2026-01-29T12:59:47","modified_gmt":"2026-01-29T11:59:47","slug":"armband-giovanni-raspini-jazz-silber-925-massiv-gold-plakette","status":"publish","type":"product","link":"https:\/\/lediamant.ch\/de\/schmuck\/185266-collier-giovanni-raspini-jazz-silber-925-vergoldet-50-cm\/","title":{"rendered":"Giovanni Raspini JAZZ Halskette aus 925er Sterlingsilber, vergoldet, 50cm"},"content":{"rendered":"<p>Diese Lichterkette mit attraktivem Design ist vollst\u00e4ndig aus vergoldetem Silber gefertigt. Giovanni Raspini interpretiert das klassische Thema der Ketten auf absolut zeitgem\u00e4\u00dfe Weise neu und erweckt ein minimalistisches und ikonisches Schmuckst\u00fcck zum Leben. Die Jazz Halskette wird vollst\u00e4ndig in Handarbeit hergestellt. F\u00fcr ein neues und glorreiches Zeitalter des Lichts.<\/p>\n","protected":false},"excerpt":{"rendered":"<p>Diese Lichterkette mit attraktivem Design ist vollst\u00e4ndig aus vergoldetem Silber gefertigt. Giovanni Raspini interpretiert das klassische Thema der Ketten auf absolut zeitgem\u00e4\u00dfe Weise neu und erweckt ein minimalistisches und ikonisches Schmuckst\u00fcck zum Leben. Die Jazz Halskette wird vollst\u00e4ndig in Handarbeit hergestellt. F\u00fcr ein neues und glorreiches Zeitalter des Lichts.<\/p>\n","protected":false},"featured_media":185273,"template":"","meta":{"_acf_changed":false,"_seopress_robots_primary_cat":"27228","_seopress_titles_title":"%%post_title%%","_seopress_titles_desc":"Entdecken Sie die Jazz Halskette von Giovanni Raspini, ein minimalistisches Schmuckst\u00fcck aus vergoldetem Silber, das f\u00fcr einen eleganten zeitgen\u00f6ssischen Stil handgefertigt wurde.","_seopress_robots_index":""},"brand":[27111],"product_brand":[],"product_cat":[27121,27179,27229,27133,27165],"product_tag":[],"class_list":{"0":"post-185266","1":"product","2":"type-product","3":"status-publish","4":"has-post-thumbnail","6":"brand-silver-jewellery-de","7":"product_cat-schmuck","8":"product_cat-colliers-de","9":"product_cat-silberne-halsketten","10":"product_cat-sale","11":"product_cat-schmuck-sale","12":"pa_garantie-12monate","13":"pa_genre-frau","14":"pa_matiere-925silber","15":"sales-flash-overlay","16":"woocommerce-text-align-center","17":"woocommerce-image-align-center","18":"do-quantity-buttons","20":"first","21":"instock","22":"taxable","23":"shipping-taxable","24":"purchasable","25":"product-type-simple"},"acf":[],"_links":{"self":[{"href":"https:\/\/lediamant.ch\/de\/wp-json\/wp\/v2\/product\/185266","targetHints":{"allow":["GET"]}}],"collection":[{"href":"https:\/\/lediamant.ch\/de\/wp-json\/wp\/v2\/product"}],"about":[{"href":"https:\/\/lediamant.ch\/de\/wp-json\/wp\/v2\/types\/product"}],"wp:featuredmedia":[{"embeddable":true,"href":"https:\/\/lediamant.ch\/de\/wp-json\/wp\/v2\/media\/185273"}],"wp:attachment":[{"href":"https:\/\/lediamant.ch\/de\/wp-json\/wp\/v2\/media?parent=185266"}],"wp:term":[{"taxonomy":"brand","embeddable":true,"href":"https:\/\/lediamant.ch\/de\/wp-json\/wp\/v2\/brand?post=185266"},{"taxonomy":"product_brand","embeddable":true,"href":"https:\/\/lediamant.ch\/de\/wp-json\/wp\/v2\/product_brand?post=185266"},{"taxonomy":"product_cat","embeddable":true,"href":"https:\/\/lediamant.ch\/de\/wp-json\/wp\/v2\/product_cat?post=185266"},{"taxonomy":"product_tag","embeddable":true,"href":"https:\/\/lediamant.ch\/de\/wp-json\/wp\/v2\/product_tag?post=185266"}],"curies":[{"name":"wp","href":"https:\/\/api.w.org\/{rel}","templated":true}]}}