{"id":185277,"date":"2023-10-25T16:56:49","date_gmt":"2023-10-25T14:56:49","guid":{"rendered":"https:\/\/lediamant.ch\/?post_type=product&#038;p=185277"},"modified":"2026-01-23T16:00:30","modified_gmt":"2026-01-23T15:00:30","slug":"armband-giovanni-raspini-jazz-silber-925-massiv-gold-platte-21cm","status":"publish","type":"product","link":"https:\/\/lediamant.ch\/de\/schmuck\/185277-armband-giovanni-raspini-jazz-silber-925-vergoldet-21cm\/","title":{"rendered":"Armband Giovanni Raspini JAZZ 925 Silber, vergoldet, 21cm"},"content":{"rendered":"<p>Jung und charaktervoll in seiner Einfachheit. Eine leuchtende Kette mit attraktivem Design, die vollst\u00e4ndig aus vergoldetem Silber gefertigt ist, erweckt das Jazz Armband zum Leben. Giovanni Raspini interpretiert das klassische Thema der Ketten auf absolut zeitgem\u00e4\u00dfe Weise und erweckt ein minimalistisches und ikonisches Schmuckst\u00fcck zum Leben, das vollst\u00e4ndig von Hand gefertigt wird.<\/p>\n","protected":false},"excerpt":{"rendered":"<p>Jung und charaktervoll in seiner Einfachheit. Eine leuchtende Kette mit attraktivem Design, die vollst\u00e4ndig aus vergoldetem Silber gefertigt ist, erweckt das Jazz Armband zum Leben. Giovanni Raspini interpretiert das klassische Thema der Ketten auf absolut zeitgem\u00e4\u00dfe Weise und erweckt ein minimalistisches und ikonisches Schmuckst\u00fcck zum Leben, das vollst\u00e4ndig von Hand gefertigt wird.<\/p>\n","protected":false},"featured_media":185268,"template":"","meta":{"_acf_changed":false,"_seopress_robots_primary_cat":"27262","_seopress_titles_title":"%%post_title%%","_seopress_titles_desc":"D\u00e9couvrez le bracelet Jazz de Giovanni Raspini, un bijou en argent dor\u00e9, minimaliste et embl\u00e9matique, fa\u00e7onn\u00e9 \u00e0 la main. Pure \u00e9l\u00e9gance contemporaine.","_seopress_robots_index":""},"brand":[27111],"product_brand":[],"product_cat":[27175,27121,27263],"product_tag":[],"class_list":{"0":"post-185277","1":"product","2":"type-product","3":"status-publish","4":"has-post-thumbnail","6":"brand-silver-jewellery-de","7":"product_cat-armschmuck","8":"product_cat-schmuck","9":"product_cat-silberarmbander","10":"pa_garantie-12monate","11":"pa_genre-frau","12":"pa_matiere-925silber","13":"sales-flash-overlay","14":"woocommerce-text-align-center","15":"woocommerce-image-align-center","16":"do-quantity-buttons","18":"first","19":"outofstock","20":"taxable","21":"shipping-taxable","22":"purchasable","23":"product-type-simple"},"acf":[],"_links":{"self":[{"href":"https:\/\/lediamant.ch\/de\/wp-json\/wp\/v2\/product\/185277","targetHints":{"allow":["GET"]}}],"collection":[{"href":"https:\/\/lediamant.ch\/de\/wp-json\/wp\/v2\/product"}],"about":[{"href":"https:\/\/lediamant.ch\/de\/wp-json\/wp\/v2\/types\/product"}],"wp:featuredmedia":[{"embeddable":true,"href":"https:\/\/lediamant.ch\/de\/wp-json\/wp\/v2\/media\/185268"}],"wp:attachment":[{"href":"https:\/\/lediamant.ch\/de\/wp-json\/wp\/v2\/media?parent=185277"}],"wp:term":[{"taxonomy":"brand","embeddable":true,"href":"https:\/\/lediamant.ch\/de\/wp-json\/wp\/v2\/brand?post=185277"},{"taxonomy":"product_brand","embeddable":true,"href":"https:\/\/lediamant.ch\/de\/wp-json\/wp\/v2\/product_brand?post=185277"},{"taxonomy":"product_cat","embeddable":true,"href":"https:\/\/lediamant.ch\/de\/wp-json\/wp\/v2\/product_cat?post=185277"},{"taxonomy":"product_tag","embeddable":true,"href":"https:\/\/lediamant.ch\/de\/wp-json\/wp\/v2\/product_tag?post=185277"}],"curies":[{"name":"wp","href":"https:\/\/api.w.org\/{rel}","templated":true}]}}