{"id":195511,"date":"2023-10-27T19:34:56","date_gmt":"2023-10-27T17:34:56","guid":{"rendered":"https:\/\/lediamant.ch\/?post_type=product&#038;p=195511"},"modified":"2024-01-19T18:14:14","modified_gmt":"2024-01-19T17:14:14","slug":"tissot-everytime-34mm","status":"publish","type":"product","link":"https:\/\/lediamant.ch\/de\/uhren\/195511-tissot-everytime-34mm-t1432101109100\/","title":{"rendered":"Tissot Everytime 34mm"},"content":{"rendered":"<p>Mit der Kollektion Everytime pr\u00e4sentiert Tissot eine Uhr, die dank ihres minimalistischen, klaren und zeitlosen Designs zu jedem Lebensstil und jedem Outfit passt. Alle Versionen dieser in der Schweiz hergestellten Quarzuhr verf\u00fcgen \u00fcber ein robustes Geh\u00e4use aus 316L-Edelstahl sowie \u00fcber ein kratzfestes Saphirglas. Verschiedene Armb\u00e4nder runden die Kollektion perfekt ab und verleihen jeder Tissot Everytime einen ganz eigenen Look.<\/p>\n","protected":false},"excerpt":{"rendered":"<p>Mit der Kollektion Everytime pr\u00e4sentiert Tissot eine Uhr, die dank ihres minimalistischen, klaren und zeitlosen Designs zu jedem Lebensstil und jedem Outfit passt. Alle Versionen dieser in der Schweiz hergestellten Quarzuhr verf\u00fcgen \u00fcber ein robustes Geh\u00e4use aus 316L-Edelstahl sowie \u00fcber ein kratzfestes Saphirglas. Verschiedene Armb\u00e4nder runden die Kollektion perfekt ab und verleihen jeder Tissot Everytime &#8230; <a title=\"Tissot Everytime 34mm\" class=\"read-more\" href=\"https:\/\/lediamant.ch\/de\/uhren\/195511-tissot-everytime-34mm-t1432101109100\/\" aria-label=\"Mehr Informationen \u00fcber Tissot Everytime 34mm\">Weiterlesen &#8230;<\/a><\/p>\n","protected":false},"featured_media":195496,"template":"","meta":{"_acf_changed":false,"_seopress_robots_primary_cat":"","_seopress_titles_title":"","_seopress_titles_desc":"","_seopress_robots_index":""},"brand":[27087],"product_brand":[],"product_cat":[27159,27505,27123],"product_tag":[],"class_list":{"0":"post-195511","1":"product","2":"type-product","3":"status-publish","4":"has-post-thumbnail","6":"brand-tissot-de","7":"product_cat-tissot-de","8":"product_cat-tissot-everytime","9":"product_cat-uhren","10":"pa_couleurduboitier-grau-de","11":"pa_couleurdubracelet-grau-de","12":"pa_couleurducadran-grun","13":"pa_etancheite-50m-de","14":"pa_garantie-24monate","15":"pa_genre-frau","16":"pa_matiere-stahl","17":"pa_matierebraceletmontre-edelstahl","18":"pa_mouvement-quarzbatterie-de","19":"pa_swissmade-ja-de","20":"pa_verre-saphir-de","21":"sales-flash-overlay","22":"woocommerce-text-align-center","23":"woocommerce-image-align-center","24":"do-quantity-buttons","26":"first","27":"instock","28":"taxable","29":"shipping-taxable","30":"purchasable","31":"product-type-simple"},"acf":[],"_links":{"self":[{"href":"https:\/\/lediamant.ch\/de\/wp-json\/wp\/v2\/product\/195511","targetHints":{"allow":["GET"]}}],"collection":[{"href":"https:\/\/lediamant.ch\/de\/wp-json\/wp\/v2\/product"}],"about":[{"href":"https:\/\/lediamant.ch\/de\/wp-json\/wp\/v2\/types\/product"}],"wp:featuredmedia":[{"embeddable":true,"href":"https:\/\/lediamant.ch\/de\/wp-json\/wp\/v2\/media\/195496"}],"wp:attachment":[{"href":"https:\/\/lediamant.ch\/de\/wp-json\/wp\/v2\/media?parent=195511"}],"wp:term":[{"taxonomy":"brand","embeddable":true,"href":"https:\/\/lediamant.ch\/de\/wp-json\/wp\/v2\/brand?post=195511"},{"taxonomy":"product_brand","embeddable":true,"href":"https:\/\/lediamant.ch\/de\/wp-json\/wp\/v2\/product_brand?post=195511"},{"taxonomy":"product_cat","embeddable":true,"href":"https:\/\/lediamant.ch\/de\/wp-json\/wp\/v2\/product_cat?post=195511"},{"taxonomy":"product_tag","embeddable":true,"href":"https:\/\/lediamant.ch\/de\/wp-json\/wp\/v2\/product_tag?post=195511"}],"curies":[{"name":"wp","href":"https:\/\/api.w.org\/{rel}","templated":true}]}}