{"id":195547,"date":"2023-10-27T19:35:48","date_gmt":"2023-10-27T17:35:48","guid":{"rendered":"https:\/\/lediamant.ch\/?post_type=product&#038;p=195547"},"modified":"2024-01-19T18:11:10","modified_gmt":"2024-01-19T17:11:10","slug":"tissot-seastar-1000-36mm-5","status":"publish","type":"product","link":"https:\/\/lediamant.ch\/de\/uhren\/195547-tissot-seastar-1000-36mm-t1202102205100\/","title":{"rendered":"Tissot Seastar 1000 36mm"},"content":{"rendered":"<p>Im kristallklaren Wasser k\u00f6nnen Sie sehen, wie die Sonnenstrahlen durch die Oberfl\u00e4che dringen. In Ihrem Kopf: eine entspannte Ruhe An Ihrem Handgelenk: die Tissot Seastar 1000 36 mm, Ihr Tor zur Unterwasserwelt. Unabh\u00e4ngig von der gew\u00e4hlten Variante verf\u00fcgen alle Seastar-Modelle \u00fcber ein in der Schweiz hergestelltes Quarzwerk, ein Geh\u00e4use aus 316L-Edelstahl mit 36 mm Durchmesser und eine Wasserdichtigkeit bis 30 bar (300 m). Dank des Schnellwechselsystems k\u00f6nnen Sie ein Armband einfach und schnell durch ein anderes ersetzen. \u00c4ndern Sie Ihr Aussehen und tauchen Sie in eine neue Welt ein! Dieses Modell Tissot Seastar 1000 36 mm hat eine schwarze Taucherl\u00fcnette mit gelbgoldener PVD-Beschichtung.<\/p>\n","protected":false},"excerpt":{"rendered":"<p>Im kristallklaren Wasser k\u00f6nnen Sie sehen, wie die Sonnenstrahlen durch die Oberfl\u00e4che dringen. In Ihrem Kopf: eine entspannte Ruhe An Ihrem Handgelenk: die Tissot Seastar 1000 36 mm, Ihr Tor zur Unterwasserwelt. Unabh\u00e4ngig von der gew\u00e4hlten Variante verf\u00fcgen alle Seastar-Modelle \u00fcber ein in der Schweiz hergestelltes Quarzwerk, ein Geh\u00e4use aus 316L-Edelstahl mit 36 mm Durchmesser &#8230; <a title=\"Tissot Seastar 1000 36mm\" class=\"read-more\" href=\"https:\/\/lediamant.ch\/de\/uhren\/195547-tissot-seastar-1000-36mm-t1202102205100\/\" aria-label=\"Mehr Informationen \u00fcber Tissot Seastar 1000 36mm\">Weiterlesen &#8230;<\/a><\/p>\n","protected":false},"featured_media":195532,"template":"","meta":{"_acf_changed":false,"_seopress_robots_primary_cat":"","_seopress_titles_title":"","_seopress_titles_desc":"","_seopress_robots_index":""},"brand":[27087],"product_brand":[],"product_cat":[27123,27159,27441],"product_tag":[],"class_list":{"0":"post-195547","1":"product","2":"type-product","3":"status-publish","4":"has-post-thumbnail","6":"brand-tissot-de","7":"product_cat-uhren","8":"product_cat-tissot-de","9":"product_cat-tissot-seastar","10":"pa_couleurduboitier-zweifarbig-de","11":"pa_couleurdubracelet-gelb-de","12":"pa_couleurdubracelet-grau-de","13":"pa_couleurducadran-schwarz","14":"pa_etancheite-300m-de","15":"pa_garantie-24monate","16":"pa_genre-frau","17":"pa_genre-kind","18":"pa_matiere-zweifarbigstahlgelbgoldpvd","19":"pa_matierebraceletmontre-edelstahl","20":"pa_mouvement-quarzbatterie-de","21":"pa_swissmade-ja-de","22":"pa_verre-saphir-de","23":"sales-flash-overlay","24":"woocommerce-text-align-center","25":"woocommerce-image-align-center","26":"do-quantity-buttons","28":"first","29":"outofstock","30":"taxable","31":"shipping-taxable","32":"purchasable","33":"product-type-simple"},"acf":[],"_links":{"self":[{"href":"https:\/\/lediamant.ch\/de\/wp-json\/wp\/v2\/product\/195547","targetHints":{"allow":["GET"]}}],"collection":[{"href":"https:\/\/lediamant.ch\/de\/wp-json\/wp\/v2\/product"}],"about":[{"href":"https:\/\/lediamant.ch\/de\/wp-json\/wp\/v2\/types\/product"}],"wp:featuredmedia":[{"embeddable":true,"href":"https:\/\/lediamant.ch\/de\/wp-json\/wp\/v2\/media\/195532"}],"wp:attachment":[{"href":"https:\/\/lediamant.ch\/de\/wp-json\/wp\/v2\/media?parent=195547"}],"wp:term":[{"taxonomy":"brand","embeddable":true,"href":"https:\/\/lediamant.ch\/de\/wp-json\/wp\/v2\/brand?post=195547"},{"taxonomy":"product_brand","embeddable":true,"href":"https:\/\/lediamant.ch\/de\/wp-json\/wp\/v2\/product_brand?post=195547"},{"taxonomy":"product_cat","embeddable":true,"href":"https:\/\/lediamant.ch\/de\/wp-json\/wp\/v2\/product_cat?post=195547"},{"taxonomy":"product_tag","embeddable":true,"href":"https:\/\/lediamant.ch\/de\/wp-json\/wp\/v2\/product_tag?post=195547"}],"curies":[{"name":"wp","href":"https:\/\/api.w.org\/{rel}","templated":true}]}}