{"id":195565,"date":"2023-10-30T13:31:05","date_gmt":"2023-10-30T12:31:05","guid":{"rendered":"https:\/\/lediamant.ch\/?post_type=product&#038;p=195565"},"modified":"2024-10-02T11:52:22","modified_gmt":"2024-10-02T09:52:22","slug":"tissot-seastar-1000-40mm-4","status":"publish","type":"product","link":"https:\/\/lediamant.ch\/de\/uhren\/195565-tissot-seastar-1000-40mm\/","title":{"rendered":"Tissot Seastar 1000 40mm"},"content":{"rendered":"<p>Die Seastar 1000 Quartz 40mm zeichnet sich durch ihre Vielseitigkeit aus. Jedes Modell ist eine harmonische Verbindung von Eleganz und Technologie und vereint das Know-how der Schweizer Uhrmacherkunst mit einem einzigartigen Design. Diese vielseitige Geh\u00e4usegr\u00f6\u00dfe wurde f\u00fcr alle entwickelt, die eine moderne Uhr suchen, die den ganzen Tag \u00fcber getragen werden kann und au\u00dfergew\u00f6hnliche technische Leistungen verspricht. Wie die 36 und 45,5 mm gro\u00dfen Seastar-Modelle verdankt auch diese Uhr ihren Namen der Wasserdichtigkeit bis zu einem Druck von 30 bar (300 m). Die Seastar bietet eine einseitig drehbare L\u00fcnette f\u00fcr eine zuverl\u00e4ssige Zeitmessung unter Wasser, und dank der Verwendung von Super-LumiNova\u00ae auf den Zeigern ist die Ablesbarkeit auch bei schlechten Lichtverh\u00e4ltnissen gew\u00e4hrleistet. Das Tissot Easy-Opening-Wechselarmbandsystem erm\u00f6glicht einen einfachen Austausch der Armb\u00e4nder, die der Besitzer aus einer gro\u00dfen Auswahl an kompatiblen Tissot-Armb\u00e4ndern ausw\u00e4hlen kann. So kann der Seastar je nach Stimmung oder Anlass individuell gestaltet werden. Dieses Modell Tissot Seastar 1000 40mm hat eine zweifarbige L\u00fcnette, die schwarz ist und am Rand mit einer gelbgoldenen PVD-Beschichtung versehen ist. Das zweifarbige Armband aus 316L-Edelstahl ist ebenfalls mit gelbgoldener PVD-Beschichtung versehen.<\/p>\n","protected":false},"excerpt":{"rendered":"<p>Die Seastar 1000 Quartz 40mm zeichnet sich durch ihre Vielseitigkeit aus. Jedes Modell ist eine harmonische Verbindung von Eleganz und Technologie und vereint das Know-how der Schweizer Uhrmacherkunst mit einem einzigartigen Design. Diese vielseitige Geh\u00e4usegr\u00f6\u00dfe wurde f\u00fcr alle entwickelt, die eine moderne Uhr suchen, die den ganzen Tag \u00fcber getragen werden kann und au\u00dfergew\u00f6hnliche technische &#8230; <a title=\"Tissot Seastar 1000 40mm\" class=\"read-more\" href=\"https:\/\/lediamant.ch\/de\/uhren\/195565-tissot-seastar-1000-40mm\/\" aria-label=\"Mehr Informationen \u00fcber Tissot Seastar 1000 40mm\">Weiterlesen &#8230;<\/a><\/p>\n","protected":false},"featured_media":195550,"template":"","meta":{"_acf_changed":false,"_seopress_robots_primary_cat":"27440","_seopress_titles_title":"","_seopress_titles_desc":"","_seopress_robots_index":""},"brand":[27087],"product_brand":[],"product_cat":[27123,27159,27441],"product_tag":[],"class_list":{"0":"post-195565","1":"product","2":"type-product","3":"status-publish","4":"has-post-thumbnail","6":"brand-tissot-de","7":"product_cat-uhren","8":"product_cat-tissot-de","9":"product_cat-tissot-seastar","10":"pa_couleurdubracelet-grau-de","11":"pa_couleurducadran-schwarz","12":"pa_etancheite-300m-de","13":"pa_forme-runden","14":"pa_garantie-24monate","15":"pa_genre-mann","16":"pa_matierebraceletmontre-edelstahl","17":"pa_mouvement-quarzbatterie-de","18":"pa_swissmade-ja-de","19":"pa_typedemontre-taucheruhren","20":"pa_verre-saphir-de","21":"sales-flash-overlay","22":"woocommerce-text-align-center","23":"woocommerce-image-align-center","24":"do-quantity-buttons","26":"first","27":"instock","28":"taxable","29":"shipping-taxable","30":"purchasable","31":"product-type-simple"},"acf":[],"_links":{"self":[{"href":"https:\/\/lediamant.ch\/de\/wp-json\/wp\/v2\/product\/195565","targetHints":{"allow":["GET"]}}],"collection":[{"href":"https:\/\/lediamant.ch\/de\/wp-json\/wp\/v2\/product"}],"about":[{"href":"https:\/\/lediamant.ch\/de\/wp-json\/wp\/v2\/types\/product"}],"wp:featuredmedia":[{"embeddable":true,"href":"https:\/\/lediamant.ch\/de\/wp-json\/wp\/v2\/media\/195550"}],"wp:attachment":[{"href":"https:\/\/lediamant.ch\/de\/wp-json\/wp\/v2\/media?parent=195565"}],"wp:term":[{"taxonomy":"brand","embeddable":true,"href":"https:\/\/lediamant.ch\/de\/wp-json\/wp\/v2\/brand?post=195565"},{"taxonomy":"product_brand","embeddable":true,"href":"https:\/\/lediamant.ch\/de\/wp-json\/wp\/v2\/product_brand?post=195565"},{"taxonomy":"product_cat","embeddable":true,"href":"https:\/\/lediamant.ch\/de\/wp-json\/wp\/v2\/product_cat?post=195565"},{"taxonomy":"product_tag","embeddable":true,"href":"https:\/\/lediamant.ch\/de\/wp-json\/wp\/v2\/product_tag?post=195565"}],"curies":[{"name":"wp","href":"https:\/\/api.w.org\/{rel}","templated":true}]}}