{"id":195663,"date":"2023-10-27T19:43:37","date_gmt":"2023-10-27T17:43:37","guid":{"rendered":"https:\/\/lediamant.ch\/?post_type=product&#038;p=195663"},"modified":"2026-03-20T13:40:04","modified_gmt":"2026-03-20T12:40:04","slug":"tissot-chrono-xl-classic-6-2","status":"publish","type":"product","link":"https:\/\/lediamant.ch\/de\/uhren\/195663-tissot-chrono-xl-classic-t1166173604200\/","title":{"rendered":"Tissot Chrono XL 45mm"},"content":{"rendered":"<p>Die Tissot Chrono XL zeichnet sich durch ihr gro\u00dfes Geh\u00e4use mit einem Durchmesser von 45 mm aus. Die Chronographenfunktion unterstreicht ihren urbanen Geist. Die Tissot Chrono XL-Kollektion bietet eine Vielzahl von Stilen. Manche bevorzugen ein Metallarmband, andere den Vintage-Look von altmodischen Lederarmb\u00e4ndern. F\u00fcr welches Modell Sie sich auch entscheiden, die Tissot Chrono XL wird mit Sicherheit Ihre Pers\u00f6nlichkeit zum Vorschein bringen.<\/p>\n","protected":false},"excerpt":{"rendered":"<p>Die Tissot Chrono XL zeichnet sich durch ihr gro\u00dfes Geh\u00e4use mit einem Durchmesser von 45 mm aus. Die Chronographenfunktion unterstreicht ihren urbanen Geist. Die Tissot Chrono XL-Kollektion bietet eine Vielzahl von Stilen. Manche bevorzugen ein Metallarmband, andere den Vintage-Look von altmodischen Lederarmb\u00e4ndern. F\u00fcr welches Modell Sie sich auch entscheiden, die Tissot Chrono XL wird mit &#8230; <a title=\"Tissot Chrono XL 45mm\" class=\"read-more\" href=\"https:\/\/lediamant.ch\/de\/uhren\/195663-tissot-chrono-xl-classic-t1166173604200\/\" aria-label=\"Mehr Informationen \u00fcber Tissot Chrono XL 45mm\">Weiterlesen &#8230;<\/a><\/p>\n","protected":false},"featured_media":195648,"template":"","meta":{"_acf_changed":false,"_seopress_robots_primary_cat":"27159","_seopress_titles_title":"","_seopress_titles_desc":"","_seopress_robots_index":""},"brand":[27087],"product_brand":[],"product_cat":[27159,27493,27203,27123],"product_tag":[],"class_list":{"0":"post-195663","1":"product","2":"type-product","3":"status-publish","4":"has-post-thumbnail","6":"brand-tissot-de","7":"product_cat-tissot-de","8":"product_cat-tissot-xl","9":"product_cat-tissot-sport","10":"product_cat-uhren","11":"pa_couleurduboitier-pinkrosa-de","12":"pa_couleurdubracelet-blau-de","13":"pa_couleurducadran-blau","14":"pa_etancheite-100m-de","15":"pa_garantie-24monate","16":"pa_genre-mann","17":"pa_matiere-rosegoldpvd","18":"pa_matierebraceletmontre-leder","19":"pa_mouvement-quarzbatterie-de","20":"pa_swissmade-ja-de","21":"pa_verre-saphir-de","22":"sales-flash-overlay","23":"woocommerce-text-align-center","24":"woocommerce-image-align-center","25":"do-quantity-buttons","27":"first","28":"instock","29":"taxable","30":"shipping-taxable","31":"purchasable","32":"product-type-simple"},"acf":[],"_links":{"self":[{"href":"https:\/\/lediamant.ch\/de\/wp-json\/wp\/v2\/product\/195663","targetHints":{"allow":["GET"]}}],"collection":[{"href":"https:\/\/lediamant.ch\/de\/wp-json\/wp\/v2\/product"}],"about":[{"href":"https:\/\/lediamant.ch\/de\/wp-json\/wp\/v2\/types\/product"}],"wp:featuredmedia":[{"embeddable":true,"href":"https:\/\/lediamant.ch\/de\/wp-json\/wp\/v2\/media\/195648"}],"wp:attachment":[{"href":"https:\/\/lediamant.ch\/de\/wp-json\/wp\/v2\/media?parent=195663"}],"wp:term":[{"taxonomy":"brand","embeddable":true,"href":"https:\/\/lediamant.ch\/de\/wp-json\/wp\/v2\/brand?post=195663"},{"taxonomy":"product_brand","embeddable":true,"href":"https:\/\/lediamant.ch\/de\/wp-json\/wp\/v2\/product_brand?post=195663"},{"taxonomy":"product_cat","embeddable":true,"href":"https:\/\/lediamant.ch\/de\/wp-json\/wp\/v2\/product_cat?post=195663"},{"taxonomy":"product_tag","embeddable":true,"href":"https:\/\/lediamant.ch\/de\/wp-json\/wp\/v2\/product_tag?post=195663"}],"curies":[{"name":"wp","href":"https:\/\/api.w.org\/{rel}","templated":true}]}}