{"id":195681,"date":"2023-10-27T19:44:06","date_gmt":"2023-10-27T17:44:06","guid":{"rendered":"https:\/\/lediamant.ch\/?post_type=product&#038;p=195681"},"modified":"2025-10-03T08:36:25","modified_gmt":"2025-10-03T06:36:25","slug":"tissot-heritage-1938-automatic-cosc-2","status":"publish","type":"product","link":"https:\/\/lediamant.ch\/de\/uhren\/195681-tissot-heritage-1938-automatic-cosc-t1424641606200\/","title":{"rendered":"Tissot Heritage 1938 Automatic COSC"},"content":{"rendered":"<p>Entdecken Sie den einzigartigen Charme der 1930er Jahre neu mit der Tissot Heritage Gent Auto COSC 1938. Ihr sandgestrahltes Zifferblatt mit den erhabenen arabischen Ziffern erinnert an die Einfachheit und das markante Design vergangener Zeiten. Gesch\u00fctzt durch ein Geh\u00e4use aus 316L-Edelstahl und mit einer Wasserdichtigkeit von bis zu 50 m ist sie ein zuverl\u00e4ssiger Partner f\u00fcr den Alltag. Das COSC-zertifizierte Uhrwerk 2824-2 garantiert gleichbleibende Pr\u00e4zision, w\u00e4hrend das klassische Armband aus genarbtem Leder sowohl Komfort als auch Stil bietet. Mit einer Gr\u00f6\u00dfe von 39 mm ist sie eine raffinierte Wahl f\u00fcr Anh\u00e4nger von Handwerkskunst und Geschichte.<\/p>\n","protected":false},"excerpt":{"rendered":"<p>Entdecken Sie den einzigartigen Charme der 1930er Jahre neu mit der Tissot Heritage Gent Auto COSC 1938. Ihr sandgestrahltes Zifferblatt mit den erhabenen arabischen Ziffern erinnert an die Einfachheit und das markante Design vergangener Zeiten. Gesch\u00fctzt durch ein Geh\u00e4use aus 316L-Edelstahl und mit einer Wasserdichtigkeit von bis zu 50 m ist sie ein zuverl\u00e4ssiger Partner &#8230; <a title=\"Tissot Heritage 1938 Automatic COSC\" class=\"read-more\" href=\"https:\/\/lediamant.ch\/de\/uhren\/195681-tissot-heritage-1938-automatic-cosc-t1424641606200\/\" aria-label=\"Mehr Informationen \u00fcber Tissot Heritage 1938 Automatic COSC\">Weiterlesen &#8230;<\/a><\/p>\n","protected":false},"featured_media":195666,"template":"","meta":{"_acf_changed":false,"_seopress_robots_primary_cat":"27122","_seopress_titles_title":"","_seopress_titles_desc":"Tauchen Sie mit der Tissot Heritage Gent Auto COSC 1938 in die 30er Jahre ein: Vintage-Design, COSC-Pr\u00e4zision und Robustheit f\u00fcr den Alltag.","_seopress_robots_index":""},"brand":[27087],"product_brand":[],"product_cat":[27159,27307,40570,27123],"product_tag":[],"class_list":{"0":"post-195681","1":"product","2":"type-product","3":"status-publish","4":"has-post-thumbnail","6":"brand-tissot-de","7":"product_cat-tissot-de","8":"product_cat-tissot-heritage","9":"product_cat-tissot-telemeter","10":"product_cat-uhren","11":"pa_couleurduboitier-grau-de","12":"pa_couleurdubracelet-braun-de","13":"pa_couleurducadran-schwarz","14":"pa_dimensions-o-39-mm","15":"pa_etancheite-50m-de","16":"pa_forme-runden","17":"pa_garantie-36-monate","18":"pa_genre-mann","19":"pa_matiere-stahl","20":"pa_matierebraceletmontre-leder","21":"pa_mouvement-automatik-de","22":"pa_option-boitier-transparenter-hintergrund","23":"pa_swissmade-ja-de","24":"pa_typedemontre-chronometer","25":"pa_verre-saphir-de","26":"sales-flash-overlay","27":"woocommerce-text-align-center","28":"woocommerce-image-align-center","29":"do-quantity-buttons","31":"first","32":"instock","33":"taxable","34":"shipping-taxable","35":"purchasable","36":"product-type-simple"},"acf":[],"_links":{"self":[{"href":"https:\/\/lediamant.ch\/de\/wp-json\/wp\/v2\/product\/195681","targetHints":{"allow":["GET"]}}],"collection":[{"href":"https:\/\/lediamant.ch\/de\/wp-json\/wp\/v2\/product"}],"about":[{"href":"https:\/\/lediamant.ch\/de\/wp-json\/wp\/v2\/types\/product"}],"wp:featuredmedia":[{"embeddable":true,"href":"https:\/\/lediamant.ch\/de\/wp-json\/wp\/v2\/media\/195666"}],"wp:attachment":[{"href":"https:\/\/lediamant.ch\/de\/wp-json\/wp\/v2\/media?parent=195681"}],"wp:term":[{"taxonomy":"brand","embeddable":true,"href":"https:\/\/lediamant.ch\/de\/wp-json\/wp\/v2\/brand?post=195681"},{"taxonomy":"product_brand","embeddable":true,"href":"https:\/\/lediamant.ch\/de\/wp-json\/wp\/v2\/product_brand?post=195681"},{"taxonomy":"product_cat","embeddable":true,"href":"https:\/\/lediamant.ch\/de\/wp-json\/wp\/v2\/product_cat?post=195681"},{"taxonomy":"product_tag","embeddable":true,"href":"https:\/\/lediamant.ch\/de\/wp-json\/wp\/v2\/product_tag?post=195681"}],"curies":[{"name":"wp","href":"https:\/\/api.w.org\/{rel}","templated":true}]}}