{"id":195772,"date":"2023-10-27T19:52:47","date_gmt":"2023-10-27T17:52:47","guid":{"rendered":"https:\/\/lediamant.ch\/?post_type=product&#038;p=195772"},"modified":"2024-01-19T18:00:31","modified_gmt":"2024-01-19T17:00:31","slug":"tissot-chrono-xl-special-edition-roglic","status":"publish","type":"product","link":"https:\/\/lediamant.ch\/de\/uhren\/195772-tissot-chrono-xl-special-edition-roglic-t1166173605204\/","title":{"rendered":"Tissot Chrono XL Special Edition Roglic"},"content":{"rendered":"<p>Die Tissot Chrono XL Sonderedition Rogli\u010d ehrt Primo\u017e Rogli\u010d, den Markenbotschafter, mehrfachen Gewinner von Grand Tours und Olympiasieger im Zeitfahren. Die Uhr wird mit zwei Lederarmb\u00e4ndern geliefert.<\/p>\n","protected":false},"excerpt":{"rendered":"<p>Die Tissot Chrono XL Sonderedition Rogli\u010d ehrt Primo\u017e Rogli\u010d, den Markenbotschafter, mehrfachen Gewinner von Grand Tours und Olympiasieger im Zeitfahren. Die Uhr wird mit zwei Lederarmb\u00e4ndern geliefert.<\/p>\n","protected":false},"featured_media":195749,"template":"","meta":{"_acf_changed":false,"_seopress_robots_primary_cat":"","_seopress_titles_title":"","_seopress_titles_desc":"","_seopress_robots_index":""},"brand":[27087],"product_brand":[],"product_cat":[27159,27493,27123],"product_tag":[],"class_list":{"0":"post-195772","1":"product","2":"type-product","3":"status-publish","4":"has-post-thumbnail","6":"brand-tissot-de","7":"product_cat-tissot-de","8":"product_cat-tissot-xl","9":"product_cat-uhren","10":"pa_couleurdubracelet-schwarz-de","11":"pa_couleurducadran-schwarz","12":"pa_garantie-24monate","13":"pa_genre-mann","14":"pa_matiere-schwarzespvd","15":"pa_matierebraceletmontre-leder","16":"pa_mouvement-quarzbatterie-de","17":"pa_swissmade-ja-de","18":"pa_verre-saphir-de","19":"sales-flash-overlay","20":"woocommerce-text-align-center","21":"woocommerce-image-align-center","22":"do-quantity-buttons","24":"first","25":"instock","26":"taxable","27":"shipping-taxable","28":"purchasable","29":"product-type-simple"},"acf":[],"_links":{"self":[{"href":"https:\/\/lediamant.ch\/de\/wp-json\/wp\/v2\/product\/195772","targetHints":{"allow":["GET"]}}],"collection":[{"href":"https:\/\/lediamant.ch\/de\/wp-json\/wp\/v2\/product"}],"about":[{"href":"https:\/\/lediamant.ch\/de\/wp-json\/wp\/v2\/types\/product"}],"wp:featuredmedia":[{"embeddable":true,"href":"https:\/\/lediamant.ch\/de\/wp-json\/wp\/v2\/media\/195749"}],"wp:attachment":[{"href":"https:\/\/lediamant.ch\/de\/wp-json\/wp\/v2\/media?parent=195772"}],"wp:term":[{"taxonomy":"brand","embeddable":true,"href":"https:\/\/lediamant.ch\/de\/wp-json\/wp\/v2\/brand?post=195772"},{"taxonomy":"product_brand","embeddable":true,"href":"https:\/\/lediamant.ch\/de\/wp-json\/wp\/v2\/product_brand?post=195772"},{"taxonomy":"product_cat","embeddable":true,"href":"https:\/\/lediamant.ch\/de\/wp-json\/wp\/v2\/product_cat?post=195772"},{"taxonomy":"product_tag","embeddable":true,"href":"https:\/\/lediamant.ch\/de\/wp-json\/wp\/v2\/product_tag?post=195772"}],"curies":[{"name":"wp","href":"https:\/\/api.w.org\/{rel}","templated":true}]}}