{"id":195796,"date":"2023-10-27T19:53:36","date_gmt":"2023-10-27T17:53:36","guid":{"rendered":"https:\/\/lediamant.ch\/?post_type=product&#038;p=195796"},"modified":"2026-04-08T11:01:31","modified_gmt":"2026-04-08T09:01:31","slug":"tissot-le-locle-automatic-lady-29-00-20th-anniversary","status":"publish","type":"product","link":"https:\/\/lediamant.ch\/de\/uhren\/195796-tissot-le-locle-automatic-lady-29mm-20th-anniversary-t0062071103601\/","title":{"rendered":"Tissot Le Locle Automatic Lady 29mm 20th Anniversary"},"content":{"rendered":"<p>Die Tissot Le Locle Automatic verk\u00f6rpert die handwerkliche Tradition von Tissot. Benannt nach der Heimatstadt der Marke in den Bergen des Schweizer Juras, ist diese Tissot Le Locle Automatic Lady (29.00) 20th Anniversary das Jubil\u00e4umsmodell zum 20-j\u00e4hrigen Bestehen der Le Locle Kollektion, die 2003 anl\u00e4sslich des 150-j\u00e4hrigen Jubil\u00e4ums der Marke eingef\u00fchrt wurde. Diese elegante Uhr mit einem 29 Millimeter gro\u00dfen Geh\u00e4use aus 316L-Edelstahl verf\u00fcgt \u00fcber ein Powermatic-Uhrwerk mit einer magnetfeldresistenten Nivachron-Spiralfeder und einer Gangreserve von bis zu 48 Stunden. Seine unerm\u00fcdliche Arbeit kann durch den transparenten Glasboden des Geh\u00e4uses beobachtet werden. Das silberne Zifferblatt wird von einem kratzfesten Saphirglas gesch\u00fctzt und zeigt blaue r\u00f6mische Ziffern bei 12, 3, 6 und 9 Uhr, das Datum sowie acht Diamanten, die die Indizes bilden. Die Tissot Le Locle Automatic Lady (29.00) 20th Anniversary wird mit zwei Armb\u00e4ndern geliefert, die dank eines Schnellwechselsystems einfach und ohne Werkzeug ausgetauscht werden k\u00f6nnen: ein Armband aus 316L-Edelstahl und ein dunkelblaues Lederarmband.<\/p>\n","protected":false},"excerpt":{"rendered":"<p>Die Tissot Le Locle Automatic verk\u00f6rpert die handwerkliche Tradition von Tissot. Benannt nach der Heimatstadt der Marke in den Bergen des Schweizer Juras, ist diese Tissot Le Locle Automatic Lady (29.00) 20th Anniversary das Jubil\u00e4umsmodell zum 20-j\u00e4hrigen Bestehen der Le Locle Kollektion, die 2003 anl\u00e4sslich des 150-j\u00e4hrigen Jubil\u00e4ums der Marke eingef\u00fchrt wurde. Diese elegante Uhr &#8230; <a title=\"Tissot Le Locle Automatic Lady 29mm 20th Anniversary\" class=\"read-more\" href=\"https:\/\/lediamant.ch\/de\/uhren\/195796-tissot-le-locle-automatic-lady-29mm-20th-anniversary-t0062071103601\/\" aria-label=\"Mehr Informationen \u00fcber Tissot Le Locle Automatic Lady 29mm 20th Anniversary\">Weiterlesen &#8230;<\/a><\/p>\n","protected":false},"featured_media":195775,"template":"","meta":{"_acf_changed":false,"_seopress_robots_primary_cat":"27472","_seopress_titles_title":"","_seopress_titles_desc":"","_seopress_robots_index":""},"brand":[27087],"product_brand":[],"product_cat":[27159,27473,27123],"product_tag":[],"class_list":{"0":"post-195796","1":"product","2":"type-product","3":"status-publish","4":"has-post-thumbnail","6":"brand-tissot-de","7":"product_cat-tissot-de","8":"product_cat-tissot-le-locle","9":"product_cat-uhren","10":"pa_couleurdubracelet-blau-de","11":"pa_couleurdubracelet-grau-de","12":"pa_couleurducadran-grau","13":"pa_etancheite-30m-de","14":"pa_garantie-24monate","15":"pa_genre-frau","16":"pa_matiere-stahl","17":"pa_matierebraceletmontre-edelstahl","18":"pa_matierebraceletmontre-leder","19":"pa_mouvement-automatik-de","20":"pa_swissmade-ja-de","21":"pa_typedemontre-uhrenmitdiamanten","22":"pa_verre-saphir-de","23":"sales-flash-overlay","24":"woocommerce-text-align-center","25":"woocommerce-image-align-center","26":"do-quantity-buttons","28":"first","29":"outofstock","30":"taxable","31":"shipping-taxable","32":"purchasable","33":"product-type-simple"},"acf":[],"_links":{"self":[{"href":"https:\/\/lediamant.ch\/de\/wp-json\/wp\/v2\/product\/195796","targetHints":{"allow":["GET"]}}],"collection":[{"href":"https:\/\/lediamant.ch\/de\/wp-json\/wp\/v2\/product"}],"about":[{"href":"https:\/\/lediamant.ch\/de\/wp-json\/wp\/v2\/types\/product"}],"wp:featuredmedia":[{"embeddable":true,"href":"https:\/\/lediamant.ch\/de\/wp-json\/wp\/v2\/media\/195775"}],"wp:attachment":[{"href":"https:\/\/lediamant.ch\/de\/wp-json\/wp\/v2\/media?parent=195796"}],"wp:term":[{"taxonomy":"brand","embeddable":true,"href":"https:\/\/lediamant.ch\/de\/wp-json\/wp\/v2\/brand?post=195796"},{"taxonomy":"product_brand","embeddable":true,"href":"https:\/\/lediamant.ch\/de\/wp-json\/wp\/v2\/product_brand?post=195796"},{"taxonomy":"product_cat","embeddable":true,"href":"https:\/\/lediamant.ch\/de\/wp-json\/wp\/v2\/product_cat?post=195796"},{"taxonomy":"product_tag","embeddable":true,"href":"https:\/\/lediamant.ch\/de\/wp-json\/wp\/v2\/product_tag?post=195796"}],"curies":[{"name":"wp","href":"https:\/\/api.w.org\/{rel}","templated":true}]}}