{"id":195820,"date":"2023-10-27T19:54:12","date_gmt":"2023-10-27T17:54:12","guid":{"rendered":"https:\/\/lediamant.ch\/?post_type=product&#038;p=195820"},"modified":"2026-04-08T11:01:25","modified_gmt":"2026-04-08T09:01:25","slug":"tissot-le-locle-powermatic-80-20th-anniversary","status":"publish","type":"product","link":"https:\/\/lediamant.ch\/de\/uhren\/195820-tissot-le-locle-powermatic-80-20th-anniversary-t0064071103303\/","title":{"rendered":"Tissot Le Locle Powermatic 80 20th Anniversary"},"content":{"rendered":"<p>Die Tissot Le Locle Powermatic 80 verk\u00f6rpert die handwerkliche Tradition von Tissot. Benannt nach der Heimatstadt der Marke in den Bergen des Schweizer Juras, ist diese Tissot Le Locle Powermatic 80 das Jubil\u00e4umsmodell zum 20-j\u00e4hrigen Bestehen der Le Locle-Kollektion, die 2003 anl\u00e4sslich des 150-j\u00e4hrigen Jubil\u00e4ums der Marke eingef\u00fchrt wurde. Diese elegante Uhr mit einem 39,3 Millimeter gro\u00dfen Geh\u00e4use aus 316L-Edelstahl verf\u00fcgt \u00fcber ein Powermatic-Uhrwerk mit einer magnetfeldresistenten Nivachron-Spirale und einer Gangreserve von bis zu 80 Stunden. Seine unerm\u00fcdliche Arbeit kann durch den transparenten Glasboden des Geh\u00e4uses beobachtet werden. Die Tissot Le Locle Powermatic 80 wird mit zwei Armb\u00e4ndern geliefert, die dank eines Schnellwechselsystems einfach und ohne Werkzeug ausgetauscht werden k\u00f6nnen: ein Armband aus 316L-Edelstahl und ein dunkelblaues Lederarmband.<\/p>\n","protected":false},"excerpt":{"rendered":"<p>Die Tissot Le Locle Powermatic 80 verk\u00f6rpert die handwerkliche Tradition von Tissot. Benannt nach der Heimatstadt der Marke in den Bergen des Schweizer Juras, ist diese Tissot Le Locle Powermatic 80 das Jubil\u00e4umsmodell zum 20-j\u00e4hrigen Bestehen der Le Locle-Kollektion, die 2003 anl\u00e4sslich des 150-j\u00e4hrigen Jubil\u00e4ums der Marke eingef\u00fchrt wurde. Diese elegante Uhr mit einem 39,3 &#8230; <a title=\"Tissot Le Locle Powermatic 80 20th Anniversary\" class=\"read-more\" href=\"https:\/\/lediamant.ch\/de\/uhren\/195820-tissot-le-locle-powermatic-80-20th-anniversary-t0064071103303\/\" aria-label=\"Mehr Informationen \u00fcber Tissot Le Locle Powermatic 80 20th Anniversary\">Weiterlesen &#8230;<\/a><\/p>\n","protected":false},"featured_media":195799,"template":"","meta":{"_acf_changed":false,"_seopress_robots_primary_cat":"27472","_seopress_titles_title":"","_seopress_titles_desc":"","_seopress_robots_index":""},"brand":[27087],"product_brand":[],"product_cat":[27159,27245,27473,27123],"product_tag":[],"class_list":{"0":"post-195820","1":"product","2":"type-product","3":"status-publish","4":"has-post-thumbnail","6":"brand-tissot-de","7":"product_cat-tissot-de","8":"product_cat-tissot-classic","9":"product_cat-tissot-le-locle","10":"product_cat-uhren","11":"pa_couleurduboitier-grau-de","12":"pa_couleurducadran-grau","13":"pa_etancheite-30m-de","14":"pa_garantie-24monate","15":"pa_genre-mann","16":"pa_matiere-stahl","17":"pa_matierebraceletmontre-edelstahl","18":"pa_mouvement-automatik-de","19":"pa_swissmade-ja-de","20":"pa_verre-saphir-de","21":"sales-flash-overlay","22":"woocommerce-text-align-center","23":"woocommerce-image-align-center","24":"do-quantity-buttons","26":"first","27":"instock","28":"taxable","29":"shipping-taxable","30":"purchasable","31":"product-type-simple"},"acf":[],"_links":{"self":[{"href":"https:\/\/lediamant.ch\/de\/wp-json\/wp\/v2\/product\/195820","targetHints":{"allow":["GET"]}}],"collection":[{"href":"https:\/\/lediamant.ch\/de\/wp-json\/wp\/v2\/product"}],"about":[{"href":"https:\/\/lediamant.ch\/de\/wp-json\/wp\/v2\/types\/product"}],"wp:featuredmedia":[{"embeddable":true,"href":"https:\/\/lediamant.ch\/de\/wp-json\/wp\/v2\/media\/195799"}],"wp:attachment":[{"href":"https:\/\/lediamant.ch\/de\/wp-json\/wp\/v2\/media?parent=195820"}],"wp:term":[{"taxonomy":"brand","embeddable":true,"href":"https:\/\/lediamant.ch\/de\/wp-json\/wp\/v2\/brand?post=195820"},{"taxonomy":"product_brand","embeddable":true,"href":"https:\/\/lediamant.ch\/de\/wp-json\/wp\/v2\/product_brand?post=195820"},{"taxonomy":"product_cat","embeddable":true,"href":"https:\/\/lediamant.ch\/de\/wp-json\/wp\/v2\/product_cat?post=195820"},{"taxonomy":"product_tag","embeddable":true,"href":"https:\/\/lediamant.ch\/de\/wp-json\/wp\/v2\/product_tag?post=195820"}],"curies":[{"name":"wp","href":"https:\/\/api.w.org\/{rel}","templated":true}]}}