{"id":195874,"date":"2023-11-08T16:02:15","date_gmt":"2023-11-08T15:02:15","guid":{"rendered":"https:\/\/lediamant.ch\/?post_type=product&#038;p=195874"},"modified":"2025-10-03T08:36:30","modified_gmt":"2025-10-03T06:36:30","slug":"tissot-prx-powermatic-80-40-mm-acier-or-18-carats","status":"publish","type":"product","link":"https:\/\/lediamant.ch\/de\/uhren\/195874-tissot-prx-powermatic-80-40-mm-stahl-18-karat-gold-t9314074103101\/","title":{"rendered":"TISSOT PRX POWERMATIC 80 40 MM STAHL &amp; 18 KARAT GOLD"},"content":{"rendered":"<p>1978 entwickelte Tissot ein Quarzmodell, das sich durch ein schlankes Geh\u00e4use, schmale Indizes und ein Stahlarmband auszeichnete. Seine breite, horizontale Befestigung, die typisch f\u00fcr die damalige Zeit war, war perfekt in das flache, tonnenf\u00f6rmige Geh\u00e4use integriert. Einige Jahre sp\u00e4ter meldete Tissot den Namen PRX an. &#8222;PR&#8220; steht f\u00fcr &#8222;pr\u00e4zise&#8220; und &#8222;robust&#8220;. Das &#8222;X&#8220; steht f\u00fcr die r\u00f6mische Zahl zehn und den Druck von 10 bar, was einer Tiefe von 100 Metern entspricht, bis zu der die Uhr wasserdicht bleibt. Im Jahr 2021 stellte Tissot die neue PRX vor, eine moderne Interpretation des Vorg\u00e4ngermodells. Das Geh\u00e4use der Tissot PRX besteht aus 316L-Edelstahl und hat einen Durchmesser von 40 mm. Sie besitzt eine leicht tonnenf\u00f6rmige Form und ist mit einer schmalen, runden L\u00fcnette verziert. An den Seiten wechseln sich geb\u00fcrstete und abgerundete vertikale Abschl\u00fcsse mit polierten Facetten ab. Die Tissot PRX Powermatic 80 Stahl &amp; 18 Karat Gold ist mit einer geriffelten L\u00fcnette aus echtem 18 Karat Ros\u00e9gold ausgestattet, die - zusammen mit den gleichfarbigen Indizes und Zeigern - einen sch\u00f6nen Kontrast zum blauen Zifferblatt bildet. Die Linien des Geh\u00e4uses setzen sich direkt im Armband fort, ohne die traditionellen H\u00f6rner zu verwenden. Das auff\u00e4lligste Merkmal ist die Reihe gro\u00dfer Glieder, die die gesamte Breite einnehmen. Seine Flexibilit\u00e4t und Geschmeidigkeit machen ihn zu einem echten Erfolg im ergonomischen Design und sorgen f\u00fcr einen au\u00dfergew\u00f6hnlichen Komfort. Das Satinieren der Au\u00dfenseiten ist ebenso sorgf\u00e4ltig wie das Polieren der Innenseiten. Die Zeiger der Tissot PRX Powermatic 80 Stahl &amp; 18 Karat Gold sind mit SuperLumiNova\u00ae beschichtet und wurden mit einem sehr geringen Abstand \u00fcbereinander angeordnet. Dadurch wird das Zifferblatt n\u00e4her an das Uhrenglas herangezogen. Der optische Effekt, den die Tissot-Designer auf diese Weise erzielen, l\u00e4sst das Uhrengeh\u00e4use noch flacher und d\u00fcnner erscheinen, als es in Wirklichkeit ist. Die Tissot PRX Powermatic 80 Stahl &amp; 18 Karat Gold ist mit einem kratzfesten, beidseitig entspiegelten Saphirglas und einem transparenten Boden aus Mineralglas ausgestattet. Das Swiss Made Automatikwerk mit einer Gangreserve von bis zu 80 Stunden ist mit einer Nivachron-Spiralfeder ausgestattet, die f\u00fcr ihre hervorragende Best\u00e4ndigkeit gegen Magnetfelder bekannt ist. Die Uhr hat ein Armband aus 316L-Edelstahl mit Schnellwechselsystem und eine Butterfly-Faltschlie\u00dfe mit Dr\u00fcckern.<\/p>\n","protected":false},"excerpt":{"rendered":"<p>1978 entwickelte Tissot ein Quarzmodell, das sich durch ein schlankes Geh\u00e4use, schmale Indizes und ein Stahlarmband auszeichnete. Seine breite, horizontale Befestigung, die typisch f\u00fcr die damalige Zeit war, war perfekt in das flache, tonnenf\u00f6rmige Geh\u00e4use integriert. Einige Jahre sp\u00e4ter meldete Tissot den Namen PRX an. &#8222;PR&#8220; steht f\u00fcr &#8222;pr\u00e4zise&#8220; und &#8222;robust&#8220;. Das &#8222;X&#8220; steht f\u00fcr &#8230; <a title=\"TISSOT PRX POWERMATIC 80 40 MM STAHL &amp; 18 KARAT GOLD\" class=\"read-more\" href=\"https:\/\/lediamant.ch\/de\/uhren\/195874-tissot-prx-powermatic-80-40-mm-stahl-18-karat-gold-t9314074103101\/\" aria-label=\"Mehr Informationen \u00fcber TISSOT PRX POWERMATIC 80 40 MM STAHL &amp; 18 KARAT GOLD\">Weiterlesen &#8230;<\/a><\/p>\n","protected":false},"featured_media":195857,"template":"","meta":{"_acf_changed":false,"_seopress_robots_primary_cat":"27388","_seopress_titles_title":"","_seopress_titles_desc":"","_seopress_robots_index":""},"brand":[27087],"product_brand":[],"product_cat":[27123,27159,27389],"product_tag":[],"class_list":{"0":"post-195874","1":"product","2":"type-product","3":"status-publish","4":"has-post-thumbnail","6":"brand-tissot-de","7":"product_cat-uhren","8":"product_cat-tissot-de","9":"product_cat-tissot-prx","10":"pa_couleurduboitier-zweifarbig-de","11":"pa_couleurdubracelet-grau-de","12":"pa_couleurducadran-silber","13":"pa_etancheite-100m-de","14":"pa_forme-runden","15":"pa_garantie-24monate","16":"pa_genre-mann","17":"pa_matierebraceletmontre-edelstahl","18":"pa_mouvement-automatik-de","19":"pa_swissmade-ja-de","20":"pa_verre-saphir-de","21":"sales-flash-overlay","22":"woocommerce-text-align-center","23":"woocommerce-image-align-center","24":"do-quantity-buttons","26":"first","27":"instock","28":"taxable","29":"shipping-taxable","30":"purchasable","31":"product-type-simple"},"acf":[],"_links":{"self":[{"href":"https:\/\/lediamant.ch\/de\/wp-json\/wp\/v2\/product\/195874","targetHints":{"allow":["GET"]}}],"collection":[{"href":"https:\/\/lediamant.ch\/de\/wp-json\/wp\/v2\/product"}],"about":[{"href":"https:\/\/lediamant.ch\/de\/wp-json\/wp\/v2\/types\/product"}],"wp:featuredmedia":[{"embeddable":true,"href":"https:\/\/lediamant.ch\/de\/wp-json\/wp\/v2\/media\/195857"}],"wp:attachment":[{"href":"https:\/\/lediamant.ch\/de\/wp-json\/wp\/v2\/media?parent=195874"}],"wp:term":[{"taxonomy":"brand","embeddable":true,"href":"https:\/\/lediamant.ch\/de\/wp-json\/wp\/v2\/brand?post=195874"},{"taxonomy":"product_brand","embeddable":true,"href":"https:\/\/lediamant.ch\/de\/wp-json\/wp\/v2\/product_brand?post=195874"},{"taxonomy":"product_cat","embeddable":true,"href":"https:\/\/lediamant.ch\/de\/wp-json\/wp\/v2\/product_cat?post=195874"},{"taxonomy":"product_tag","embeddable":true,"href":"https:\/\/lediamant.ch\/de\/wp-json\/wp\/v2\/product_tag?post=195874"}],"curies":[{"name":"wp","href":"https:\/\/api.w.org\/{rel}","templated":true}]}}