{"id":195926,"date":"2023-10-30T13:26:03","date_gmt":"2023-10-30T12:26:03","guid":{"rendered":"https:\/\/lediamant.ch\/?post_type=product&#038;p=195926"},"modified":"2024-01-19T17:42:15","modified_gmt":"2024-01-19T16:42:15","slug":"tissot-prx-35mm-6","status":"publish","type":"product","link":"https:\/\/lediamant.ch\/de\/uhren\/195926-tissot-prx-35mm-t1372101109100\/","title":{"rendered":"Tissot PRX 35mm"},"content":{"rendered":"<p>Die Tissot PRX n\u00e4hert sich ihrem ikonischen Design aus den 1970er Jahren an. Mit einem Durchmesser von 35 mm schmiegt sich das satinierte Stahlgeh\u00e4use und das integrierte Armband perfekt an jedes Handgelenk. Das Zifferblatt der Tissot PRX 35 mm wird mit neuen leuchtenden Farbt\u00f6nen aufgefrischt. Das zeitlose Modell par excellence schm\u00fcckt sich mit einem smaragdgr\u00fcnen, gl\u00e4nzend silbernen oder auch indigoblauen Zifferblatt. Sie ist auch in einem Modell erh\u00e4ltlich, das vollst\u00e4ndig mit einer goldenen PVD-Beschichtung versehen ist.<\/p>\n","protected":false},"excerpt":{"rendered":"<p>Die Tissot PRX n\u00e4hert sich ihrem ikonischen Design aus den 1970er Jahren an. Mit einem Durchmesser von 35 mm schmiegt sich das satinierte Stahlgeh\u00e4use und das integrierte Armband perfekt an jedes Handgelenk. Das Zifferblatt der Tissot PRX 35 mm wird mit neuen leuchtenden Farbt\u00f6nen aufgefrischt. Das zeitlose Modell par excellence schm\u00fcckt sich mit einem smaragdgr\u00fcnen, &#8230; <a title=\"Tissot PRX 35mm\" class=\"read-more\" href=\"https:\/\/lediamant.ch\/de\/uhren\/195926-tissot-prx-35mm-t1372101109100\/\" aria-label=\"Mehr Informationen \u00fcber Tissot PRX 35mm\">Weiterlesen &#8230;<\/a><\/p>\n","protected":false},"featured_media":195913,"template":"","meta":{"_acf_changed":false,"_seopress_robots_primary_cat":"","_seopress_titles_title":"","_seopress_titles_desc":"","_seopress_robots_index":""},"brand":[27087],"product_brand":[],"product_cat":[27159,27389,27123],"product_tag":[],"class_list":{"0":"post-195926","1":"product","2":"type-product","3":"status-publish","4":"has-post-thumbnail","6":"brand-tissot-de","7":"product_cat-tissot-de","8":"product_cat-tissot-prx","9":"product_cat-uhren","10":"pa_couleurdubracelet-grau-de","11":"pa_couleurducadran-grun","12":"pa_etancheite-100m-de","13":"pa_forme-fass-de","14":"pa_garantie-24monate","15":"pa_genre-frau","16":"pa_genre-mann","17":"pa_matiere-stahl","18":"pa_matierebraceletmontre-edelstahl","19":"pa_mouvement-quarzbatterie-de","20":"pa_swissmade-ja-de","21":"sales-flash-overlay","22":"woocommerce-text-align-center","23":"woocommerce-image-align-center","24":"do-quantity-buttons","26":"first","27":"instock","28":"taxable","29":"shipping-taxable","30":"purchasable","31":"product-type-simple"},"acf":[],"_links":{"self":[{"href":"https:\/\/lediamant.ch\/de\/wp-json\/wp\/v2\/product\/195926","targetHints":{"allow":["GET"]}}],"collection":[{"href":"https:\/\/lediamant.ch\/de\/wp-json\/wp\/v2\/product"}],"about":[{"href":"https:\/\/lediamant.ch\/de\/wp-json\/wp\/v2\/types\/product"}],"wp:featuredmedia":[{"embeddable":true,"href":"https:\/\/lediamant.ch\/de\/wp-json\/wp\/v2\/media\/195913"}],"wp:attachment":[{"href":"https:\/\/lediamant.ch\/de\/wp-json\/wp\/v2\/media?parent=195926"}],"wp:term":[{"taxonomy":"brand","embeddable":true,"href":"https:\/\/lediamant.ch\/de\/wp-json\/wp\/v2\/brand?post=195926"},{"taxonomy":"product_brand","embeddable":true,"href":"https:\/\/lediamant.ch\/de\/wp-json\/wp\/v2\/product_brand?post=195926"},{"taxonomy":"product_cat","embeddable":true,"href":"https:\/\/lediamant.ch\/de\/wp-json\/wp\/v2\/product_cat?post=195926"},{"taxonomy":"product_tag","embeddable":true,"href":"https:\/\/lediamant.ch\/de\/wp-json\/wp\/v2\/product_tag?post=195926"}],"curies":[{"name":"wp","href":"https:\/\/api.w.org\/{rel}","templated":true}]}}