{"id":195984,"date":"2023-11-08T15:03:09","date_gmt":"2023-11-08T14:03:09","guid":{"rendered":"https:\/\/lediamant.ch\/?post_type=product&#038;p=195984"},"modified":"2024-01-19T14:53:05","modified_gmt":"2024-01-19T13:53:05","slug":"tissot-pr-100-40mm","status":"publish","type":"product","link":"https:\/\/lediamant.ch\/de\/uhren\/195984-tissot-pr-100-t1504101109100\/","title":{"rendered":"Tissot PR 100 40 mm"},"content":{"rendered":"<p>Seit ihrer Geburt in den fr\u00fchen 1980er Jahren ist die Bestseller-Uhr Tissot PR 100 ihrem Namen treu geblieben. Sie steht f\u00fcr Pr\u00e4zision (P&#8220;), Robustheit (&#8222;R&#8220;) und ist mit einer Wasserdichtigkeit bis zu einem Druck von 10 bar (100 m) ausgestattet. Hergestellt aus hochwertigem Edelstahl 316L mit ausgezeichneter Korrosionsbest\u00e4ndigkeit und Haltbarkeit, bleibt die \u00c4sthetik der Kollektion \u00fcber die Jahre hinweg erhalten. Dar\u00fcber hinaus verleiht die konische Krone diesem Zeitmesser einen Hauch von Luxus. Dieses Modell Tissot PR 100 hat ein Geh\u00e4use aus 316L-Edelstahl und ein Swiss-Made-Quarzwerk&#8220;.<\/p>\n","protected":false},"excerpt":{"rendered":"<p>Seit ihrer Geburt in den fr\u00fchen 1980er Jahren ist die Bestseller-Uhr Tissot PR 100 ihrem Namen treu geblieben. Sie steht f\u00fcr Pr\u00e4zision (P&#8220;), Robustheit (&#8222;R&#8220;) und ist mit einer Wasserdichtigkeit bis zu einem Druck von 10 bar (100 m) ausgestattet. Hergestellt aus hochwertigem Edelstahl 316L mit ausgezeichneter Korrosionsbest\u00e4ndigkeit und Haltbarkeit, bleibt die \u00c4sthetik der Kollektion &#8230; <a title=\"Tissot PR 100 40 mm\" class=\"read-more\" href=\"https:\/\/lediamant.ch\/de\/uhren\/195984-tissot-pr-100-t1504101109100\/\" aria-label=\"Mehr Informationen \u00fcber Tissot PR 100 40 mm\">Weiterlesen &#8230;<\/a><\/p>\n","protected":false},"featured_media":195969,"template":"","meta":{"_acf_changed":false,"_seopress_robots_primary_cat":"","_seopress_titles_title":"","_seopress_titles_desc":"","_seopress_robots_index":""},"brand":[27087],"product_brand":[],"product_cat":[27159,27513,27123],"product_tag":[],"class_list":{"0":"post-195984","1":"product","2":"type-product","3":"status-publish","4":"has-post-thumbnail","6":"brand-tissot-de","7":"product_cat-tissot-de","8":"product_cat-tissot-pr100","9":"product_cat-uhren","10":"pa_couleurdubracelet-grau-de","11":"pa_couleurducadran-grun","12":"pa_etancheite-100m-de","13":"pa_forme-runden","14":"pa_garantie-24monate","15":"pa_genre-mann","16":"pa_matiere-stahl","17":"pa_matierebraceletmontre-edelstahl","18":"pa_mouvement-quarzbatterie-de","19":"pa_swissmade-ja-de","20":"pa_verre-saphir-de","21":"sales-flash-overlay","22":"woocommerce-text-align-center","23":"woocommerce-image-align-center","24":"do-quantity-buttons","26":"first","27":"instock","28":"taxable","29":"shipping-taxable","30":"purchasable","31":"product-type-simple"},"acf":[],"_links":{"self":[{"href":"https:\/\/lediamant.ch\/de\/wp-json\/wp\/v2\/product\/195984","targetHints":{"allow":["GET"]}}],"collection":[{"href":"https:\/\/lediamant.ch\/de\/wp-json\/wp\/v2\/product"}],"about":[{"href":"https:\/\/lediamant.ch\/de\/wp-json\/wp\/v2\/types\/product"}],"wp:featuredmedia":[{"embeddable":true,"href":"https:\/\/lediamant.ch\/de\/wp-json\/wp\/v2\/media\/195969"}],"wp:attachment":[{"href":"https:\/\/lediamant.ch\/de\/wp-json\/wp\/v2\/media?parent=195984"}],"wp:term":[{"taxonomy":"brand","embeddable":true,"href":"https:\/\/lediamant.ch\/de\/wp-json\/wp\/v2\/brand?post=195984"},{"taxonomy":"product_brand","embeddable":true,"href":"https:\/\/lediamant.ch\/de\/wp-json\/wp\/v2\/product_brand?post=195984"},{"taxonomy":"product_cat","embeddable":true,"href":"https:\/\/lediamant.ch\/de\/wp-json\/wp\/v2\/product_cat?post=195984"},{"taxonomy":"product_tag","embeddable":true,"href":"https:\/\/lediamant.ch\/de\/wp-json\/wp\/v2\/product_tag?post=195984"}],"curies":[{"name":"wp","href":"https:\/\/api.w.org\/{rel}","templated":true}]}}