{"id":196054,"date":"2023-10-27T20:04:51","date_gmt":"2023-10-27T18:04:51","guid":{"rendered":"https:\/\/lediamant.ch\/?post_type=product&#038;p=196054"},"modified":"2024-01-19T14:57:27","modified_gmt":"2024-01-19T13:57:27","slug":"tissot-pr-100-34mm","status":"publish","type":"product","link":"https:\/\/lediamant.ch\/de\/uhren\/196054-tissot-pr-100-34mm-t1502101104100\/","title":{"rendered":"Tissot PR 100 34mm"},"content":{"rendered":"<p>Die Bestseller-Uhr Tissot PR 100 ist ihrem Namen treu geblieben: Sie steht f\u00fcr Pr\u00e4zision (P) und Robustheit (R) und ist wasserdicht bis zu einem Druck von 10 bar (100 m). Das neue Design ist aus 316L-Edelstahl gefertigt und bietet dank der schmalen L\u00fcnette ein gro\u00dfes Zifferblatt f\u00fcr einen eleganten und minimalistischen Look. Die Uhrzeit wird von Zeigern angezeigt, die mit SuperLuminova\u00ae beschichtet sind, sodass sie auch im Dunkeln genau abgelesen werden k\u00f6nnen. Dieses Modell Tissot PR 100 Quartz verf\u00fcgt \u00fcber ein 34 Millimeter gro\u00dfes Geh\u00e4use aus 316L-Edelstahl. Sein Zifferblatt liegt gut gesch\u00fctzt unter einem kratzfesten Saphirglas. Das ebenfalls aus 316L-Edelstahl gefertigte Armband mit Schnellverschluss erm\u00f6glicht ein einfaches Auswechseln ohne Werkzeug.<\/p>\n","protected":false},"excerpt":{"rendered":"<p>Die Bestseller-Uhr Tissot PR 100 ist ihrem Namen treu geblieben: Sie steht f\u00fcr Pr\u00e4zision (P) und Robustheit (R) und ist wasserdicht bis zu einem Druck von 10 bar (100 m). Das neue Design ist aus 316L-Edelstahl gefertigt und bietet dank der schmalen L\u00fcnette ein gro\u00dfes Zifferblatt f\u00fcr einen eleganten und minimalistischen Look. Die Uhrzeit wird &#8230; <a title=\"Tissot PR 100 34mm\" class=\"read-more\" href=\"https:\/\/lediamant.ch\/de\/uhren\/196054-tissot-pr-100-34mm-t1502101104100\/\" aria-label=\"Mehr Informationen \u00fcber Tissot PR 100 34mm\">Weiterlesen &#8230;<\/a><\/p>\n","protected":false},"featured_media":196039,"template":"","meta":{"_acf_changed":false,"_seopress_robots_primary_cat":"","_seopress_titles_title":"","_seopress_titles_desc":"","_seopress_robots_index":""},"brand":[27087],"product_brand":[],"product_cat":[27159,27513,27123],"product_tag":[],"class_list":{"0":"post-196054","1":"product","2":"type-product","3":"status-publish","4":"has-post-thumbnail","6":"brand-tissot-de","7":"product_cat-tissot-de","8":"product_cat-tissot-pr100","9":"product_cat-uhren","10":"pa_couleurdubracelet-grau-de","11":"pa_couleurducadran-blau","12":"pa_etancheite-100m-de","13":"pa_forme-runden","14":"pa_garantie-24monate","15":"pa_genre-frau","16":"pa_genre-mann","17":"pa_matiere-stahl","18":"pa_matierebraceletmontre-edelstahl","19":"pa_mouvement-quarzbatterie-de","20":"pa_swissmade-ja-de","21":"pa_verre-saphir-de","22":"sales-flash-overlay","23":"woocommerce-text-align-center","24":"woocommerce-image-align-center","25":"do-quantity-buttons","27":"first","28":"instock","29":"taxable","30":"shipping-taxable","31":"purchasable","32":"product-type-simple"},"acf":[],"_links":{"self":[{"href":"https:\/\/lediamant.ch\/de\/wp-json\/wp\/v2\/product\/196054","targetHints":{"allow":["GET"]}}],"collection":[{"href":"https:\/\/lediamant.ch\/de\/wp-json\/wp\/v2\/product"}],"about":[{"href":"https:\/\/lediamant.ch\/de\/wp-json\/wp\/v2\/types\/product"}],"wp:featuredmedia":[{"embeddable":true,"href":"https:\/\/lediamant.ch\/de\/wp-json\/wp\/v2\/media\/196039"}],"wp:attachment":[{"href":"https:\/\/lediamant.ch\/de\/wp-json\/wp\/v2\/media?parent=196054"}],"wp:term":[{"taxonomy":"brand","embeddable":true,"href":"https:\/\/lediamant.ch\/de\/wp-json\/wp\/v2\/brand?post=196054"},{"taxonomy":"product_brand","embeddable":true,"href":"https:\/\/lediamant.ch\/de\/wp-json\/wp\/v2\/product_brand?post=196054"},{"taxonomy":"product_cat","embeddable":true,"href":"https:\/\/lediamant.ch\/de\/wp-json\/wp\/v2\/product_cat?post=196054"},{"taxonomy":"product_tag","embeddable":true,"href":"https:\/\/lediamant.ch\/de\/wp-json\/wp\/v2\/product_tag?post=196054"}],"curies":[{"name":"wp","href":"https:\/\/api.w.org\/{rel}","templated":true}]}}