{"id":196366,"date":"2023-02-08T10:41:45","date_gmt":"2023-02-08T09:41:45","guid":{"rendered":"https:\/\/lediamant.ch\/?post_type=product&#038;p=196366"},"modified":"2025-10-08T18:03:19","modified_gmt":"2025-10-08T16:03:19","slug":"armband-giovanni-raspini-berries-silber-925-19-cm","status":"publish","type":"product","link":"https:\/\/lediamant.ch\/de\/schmuck\/196366-armband-giovanni-raspini-berries-silber-925-19-cm\/","title":{"rendered":"Armband Giovanni Raspini BERRIES Silber 925 19 cm"},"content":{"rendered":"<p>Eine Kreation von Giovanni Raspini ruft Emotionen hervor und verzaubert durch die in jedes Detail investierte Kunstfertigkeit. Wie die gesamte Berries-Kollektion weist auch dieses Armband kleine stilisierte Beeren aus br\u00fcniertem Silber auf. Ein perfektes Schmuckst\u00fcck, das Sie in Kombination mit der Halskette Berries f\u00fcr einen auffallenden Look tragen k\u00f6nnen.<\/p>\n","protected":false},"excerpt":{"rendered":"<p>Eine Kreation von Giovanni Raspini ruft Emotionen hervor und verzaubert durch die in jedes Detail investierte Kunstfertigkeit. Wie die gesamte Berries-Kollektion weist auch dieses Armband kleine stilisierte Beeren aus br\u00fcniertem Silber auf. Ein perfektes Schmuckst\u00fcck, das Sie in Kombination mit der Halskette Berries f\u00fcr einen auffallenden Look tragen k\u00f6nnen.<\/p>\n","protected":false},"featured_media":196368,"template":"","meta":{"_acf_changed":false,"_seopress_robots_primary_cat":"27263","_seopress_titles_title":"%%post_title%%","_seopress_titles_desc":"Entdecken Sie das verzaubernde Berries Armband von Giovanni Raspini, perfekt f\u00fcr einen auffallenden Look. Stil und Eleganz in jedem Detail.","_seopress_robots_index":""},"brand":[27111],"product_brand":[],"product_cat":[27175,27133,27121,27165,27263],"product_tag":[],"class_list":{"0":"post-196366","1":"product","2":"type-product","3":"status-publish","4":"has-post-thumbnail","6":"brand-silver-jewellery-de","7":"product_cat-armschmuck","8":"product_cat-sale","9":"product_cat-schmuck","10":"product_cat-schmuck-sale","11":"product_cat-silberarmbander","12":"pa_garantie-12monate","13":"pa_genre-frau","14":"pa_matiere-925silber","15":"sales-flash-overlay","16":"woocommerce-text-align-center","17":"woocommerce-image-align-center","18":"do-quantity-buttons","20":"first","21":"instock","22":"sale","23":"taxable","24":"shipping-taxable","25":"purchasable","26":"product-type-simple"},"acf":[],"_links":{"self":[{"href":"https:\/\/lediamant.ch\/de\/wp-json\/wp\/v2\/product\/196366","targetHints":{"allow":["GET"]}}],"collection":[{"href":"https:\/\/lediamant.ch\/de\/wp-json\/wp\/v2\/product"}],"about":[{"href":"https:\/\/lediamant.ch\/de\/wp-json\/wp\/v2\/types\/product"}],"wp:featuredmedia":[{"embeddable":true,"href":"https:\/\/lediamant.ch\/de\/wp-json\/wp\/v2\/media\/196368"}],"wp:attachment":[{"href":"https:\/\/lediamant.ch\/de\/wp-json\/wp\/v2\/media?parent=196366"}],"wp:term":[{"taxonomy":"brand","embeddable":true,"href":"https:\/\/lediamant.ch\/de\/wp-json\/wp\/v2\/brand?post=196366"},{"taxonomy":"product_brand","embeddable":true,"href":"https:\/\/lediamant.ch\/de\/wp-json\/wp\/v2\/product_brand?post=196366"},{"taxonomy":"product_cat","embeddable":true,"href":"https:\/\/lediamant.ch\/de\/wp-json\/wp\/v2\/product_cat?post=196366"},{"taxonomy":"product_tag","embeddable":true,"href":"https:\/\/lediamant.ch\/de\/wp-json\/wp\/v2\/product_tag?post=196366"}],"curies":[{"name":"wp","href":"https:\/\/api.w.org\/{rel}","templated":true}]}}